{"id":336,"date":"2022-11-20T02:17:57","date_gmt":"2022-11-20T02:17:57","guid":{"rendered":"https:\/\/yingmeipack.com\/?post_type=product&#038;p=336"},"modified":"2022-11-20T02:40:30","modified_gmt":"2022-11-20T02:40:30","slug":"custom-printed-square-lightweight-metal-tin-box-packaging","status":"publish","type":"product","link":"https:\/\/yingmeipack.com\/de\/product\/custom-printed-square-lightweight-metal-tin-box-packaging\/","title":{"rendered":"Individuell bedruckte quadratische Leichtmetall-Verpackungsbox"},"content":{"rendered":"","protected":false},"excerpt":{"rendered":"<p>Wir stellen Ihnen die quadratischen Blechdosen vor - die perfekte M\u00f6glichkeit, Ihren Verpackungen einen Hauch von Komfort und Stil zu verleihen. Diese stilvollen Dosen gibt es in verschiedenen Gr\u00f6\u00dfen und mit Scharnieren zum einfachen \u00d6ffnen und Schlie\u00dfen. Sie eignen sich perfekt f\u00fcr Geschenke, Kerzen, Kosmetika, Tee, Gew\u00fcrze und vieles mehr. Und sie sind v\u00f6llig individuell gestaltbar, so dass Sie Ihre eigenen einzigartigen Drucke und Designs hinzuf\u00fcgen k\u00f6nnen. Bestellen Sie Ihre individuellen quadratischen Dosen noch heute!<\/p>\n<div style=\"width: 1290px;\" class=\"wp-video\"><!--[if lt IE 9]><script>document.createElement('video');<\/script><![endif]--><br \/>\n<video class=\"wp-video-shortcode\" id=\"video-336-1\" width=\"1290\" height=\"726\" loop autoplay preload=\"auto\" controls=\"controls\"><source type=\"video\/mp4\" src=\"http:\/\/yingmeipack.com\/wp-content\/uploads\/2022\/11\/Custom-Tin-Boxes.mp4?_=1\" \/><a href=\"http:\/\/yingmeipack.com\/wp-content\/uploads\/2022\/11\/Custom-Tin-Boxes.mp4\">http:\/\/yingmeipack.com\/wp-content\/uploads\/2022\/11\/Custom-Tin-Boxes.mp4<\/a><\/video><\/div>\n<p>&nbsp;<\/p>","protected":false},"featured_media":337,"template":"","meta":{"_kad_post_transparent":"default","_kad_post_title":"","_kad_post_layout":"default","_kad_post_sidebar_id":"","_kad_post_content_style":"default","_kad_post_vertical_padding":"default","_kad_post_feature":"","_kad_post_feature_position":"","_kad_post_header":false,"_kad_post_footer":false,"jetpack_publicize_message":"","jetpack_publicize_feature_enabled":true,"jetpack_social_post_already_shared":false,"jetpack_social_options":{"image_generator_settings":{"template":"highway","default_image_id":0,"enabled":false},"version":2}},"product_brand":[],"product_cat":[48,24,27,29],"product_tag":[114,116,117,115],"class_list":{"0":"post-336","1":"product","2":"type-product","3":"status-publish","4":"has-post-thumbnail","6":"product_cat-box","7":"product_cat-jars","8":"product_cat-metal-jars","9":"product_cat-tinplate-jars","10":"product_tag-custom-tin-boxes","11":"product_tag-lightweight-tin-boxes","12":"product_tag-metal-tin-box","13":"product_tag-square-tin-boxes","15":"first","16":"instock","17":"shipping-taxable","18":"product-type-simple","19":"entry","20":"content-bg","21":"loop-entry"},"aioseo_notices":[],"jetpack_publicize_connections":[],"jetpack_sharing_enabled":true,"_links":{"self":[{"href":"https:\/\/yingmeipack.com\/de\/wp-json\/wp\/v2\/product\/336","targetHints":{"allow":["GET"]}}],"collection":[{"href":"https:\/\/yingmeipack.com\/de\/wp-json\/wp\/v2\/product"}],"about":[{"href":"https:\/\/yingmeipack.com\/de\/wp-json\/wp\/v2\/types\/product"}],"version-history":[{"count":3,"href":"https:\/\/yingmeipack.com\/de\/wp-json\/wp\/v2\/product\/336\/revisions"}],"predecessor-version":[{"id":347,"href":"https:\/\/yingmeipack.com\/de\/wp-json\/wp\/v2\/product\/336\/revisions\/347"}],"wp:featuredmedia":[{"embeddable":true,"href":"https:\/\/yingmeipack.com\/de\/wp-json\/wp\/v2\/media\/337"}],"wp:attachment":[{"href":"https:\/\/yingmeipack.com\/de\/wp-json\/wp\/v2\/media?parent=336"}],"wp:term":[{"taxonomy":"product_brand","embeddable":true,"href":"https:\/\/yingmeipack.com\/de\/wp-json\/wp\/v2\/product_brand?post=336"},{"taxonomy":"product_cat","embeddable":true,"href":"https:\/\/yingmeipack.com\/de\/wp-json\/wp\/v2\/product_cat?post=336"},{"taxonomy":"product_tag","embeddable":true,"href":"https:\/\/yingmeipack.com\/de\/wp-json\/wp\/v2\/product_tag?post=336"}],"curies":[{"name":"wp","href":"https:\/\/api.w.org\/{rel}","templated":true}]}}