{"id":3287,"date":"2025-08-19T03:28:09","date_gmt":"2025-08-19T03:28:09","guid":{"rendered":"https:\/\/yingmeipack.com\/?post_type=product&#038;p=3287"},"modified":"2025-08-19T03:38:26","modified_gmt":"2025-08-19T03:38:26","slug":"60ml-white-aluminum-cosmetic-jar-airless-pump-refillable","status":"publish","type":"product","link":"https:\/\/yingmeipack.com\/de\/product\/60ml-white-aluminum-cosmetic-jar-airless-pump-refillable\/","title":{"rendered":"60ml White Aluminum Cosmetic Jar Airless Pump Refillable"},"content":{"rendered":"","protected":false},"excerpt":{"rendered":"<p>Die Gr\u00f6\u00dfe dieses Aluminiumbeh\u00e4lters betr\u00e4gt 68*25 mm. Er besteht aus hochwertigem Aluminium, ist leicht und dennoch haltbar und l\u00e4sst sich auf Reisen leicht transportieren. Der dicht verschlie\u00dfbare Schraubdeckel und die innere Schaumstoffeinlage verhindern das Risiko des Auslaufens oder Schmelzens und sch\u00fctzen Ihre Produkte vor Lichteinwirkung und hohen Temperaturen. Alle Kanten sind abgerundet und nahtlos geformt. Hervorragende Beh\u00e4lter f\u00fcr Lippenbalsam, Deocreme, Zahnpastatabs, Pillen, M\u00fcnzen, Kr\u00e4uter und vieles mehr. Die Kunden k\u00f6nnen alle Details nach ihren eigenen Anforderungen weiter anpassen.<\/p>\n<p>&nbsp;<\/p>","protected":false},"featured_media":3293,"template":"","meta":{"_kad_post_transparent":"default","_kad_post_title":"","_kad_post_layout":"default","_kad_post_sidebar_id":"","_kad_post_content_style":"default","_kad_post_vertical_padding":"default","_kad_post_feature":"","_kad_post_feature_position":"","_kad_post_header":false,"_kad_post_footer":false,"jetpack_publicize_message":"","jetpack_publicize_feature_enabled":true,"jetpack_social_post_already_shared":true,"jetpack_social_options":{"image_generator_settings":{"template":"highway","default_image_id":0,"enabled":false},"version":2}},"product_brand":[],"product_cat":[28,24,27],"product_tag":[545,572,574,573],"class_list":{"0":"post-3287","1":"product","2":"type-product","3":"status-publish","4":"has-post-thumbnail","6":"product_cat-aluminum-jars","7":"product_cat-jars","8":"product_cat-metal-jars","9":"product_tag-60ml-aluminum-jar","10":"product_tag-airless-cosmetic-jar","11":"product_tag-pump-protected-cream","12":"product_tag-white-makeup-container","14":"first","15":"instock","16":"shipping-taxable","17":"purchasable","18":"product-type-simple","19":"entry","20":"content-bg","21":"loop-entry"},"aioseo_notices":[],"jetpack_publicize_connections":[],"jetpack_sharing_enabled":true,"_links":{"self":[{"href":"https:\/\/yingmeipack.com\/de\/wp-json\/wp\/v2\/product\/3287","targetHints":{"allow":["GET"]}}],"collection":[{"href":"https:\/\/yingmeipack.com\/de\/wp-json\/wp\/v2\/product"}],"about":[{"href":"https:\/\/yingmeipack.com\/de\/wp-json\/wp\/v2\/types\/product"}],"version-history":[{"count":1,"href":"https:\/\/yingmeipack.com\/de\/wp-json\/wp\/v2\/product\/3287\/revisions"}],"predecessor-version":[{"id":3295,"href":"https:\/\/yingmeipack.com\/de\/wp-json\/wp\/v2\/product\/3287\/revisions\/3295"}],"wp:featuredmedia":[{"embeddable":true,"href":"https:\/\/yingmeipack.com\/de\/wp-json\/wp\/v2\/media\/3293"}],"wp:attachment":[{"href":"https:\/\/yingmeipack.com\/de\/wp-json\/wp\/v2\/media?parent=3287"}],"wp:term":[{"taxonomy":"product_brand","embeddable":true,"href":"https:\/\/yingmeipack.com\/de\/wp-json\/wp\/v2\/product_brand?post=3287"},{"taxonomy":"product_cat","embeddable":true,"href":"https:\/\/yingmeipack.com\/de\/wp-json\/wp\/v2\/product_cat?post=3287"},{"taxonomy":"product_tag","embeddable":true,"href":"https:\/\/yingmeipack.com\/de\/wp-json\/wp\/v2\/product_tag?post=3287"}],"curies":[{"name":"wp","href":"https:\/\/api.w.org\/{rel}","templated":true}]}}