{"id":326,"date":"2022-11-19T07:34:18","date_gmt":"2022-11-19T07:34:18","guid":{"rendered":"https:\/\/yingmeipack.com\/?post_type=product&#038;p=326"},"modified":"2022-11-19T08:02:46","modified_gmt":"2022-11-19T08:02:46","slug":"custom-printed-soft-plastic-squeeze-cosmetic-cream-tubes","status":"publish","type":"product","link":"https:\/\/yingmeipack.com\/de\/product\/custom-printed-soft-plastic-squeeze-cosmetic-cream-tubes\/","title":{"rendered":"Individuell bedruckte weiche Kunststofftuben f\u00fcr kosmetische Cremes zum Ausdr\u00fccken"},"content":{"rendered":"","protected":false},"excerpt":{"rendered":"<p>Diese kosmetische Weichplastiktube mit kundenspezifischer \u00d6ffnung kann normalerweise f\u00fcr Handcreme, Rasiercreme, Peeling, n\u00e4hrende Lotion und einige Hautpflegeprodukte verwendet werden. Die Materialien der Kosmetiktube k\u00f6nnen LDPE, HDPE und EVOH sein. Das Fassungsverm\u00f6gen kann durch \u00c4nderung der Tubenl\u00e4nge angepasst werden, so dass wir bei gleichem Fassungsverm\u00f6gen unterschiedliche Abmessungen haben k\u00f6nnen. Nehmen wir als Beispiel eine 30ml-Pflegetube, so k\u00f6nnen wir zwischen 25 und 30 Dimensionen w\u00e4hlen. Die eine ist 85 mm lang, die andere 65 mm lang. Wir k\u00f6nnen Tuben mit 5 Schichten herstellen, die ein EVOH in der Mitte der Tubenschicht enthalten. Die Haptik kann die gleiche sein wie bei einem einlagigen Schlauch. Kunden k\u00f6nnen alle Details nach ihren eigenen Anforderungen anpassen.<\/p>\n<div style=\"width: 1290px;\" class=\"wp-video\"><!--[if lt IE 9]><script>document.createElement('video');<\/script><![endif]--><br \/>\n<video class=\"wp-video-shortcode\" id=\"video-326-1\" width=\"1290\" height=\"726\" loop autoplay preload=\"auto\" controls=\"controls\"><source type=\"video\/mp4\" src=\"http:\/\/yingmeipack.com\/wp-content\/uploads\/2022\/11\/Soft-Plastic-Cosmetic-Tube.mp4?_=1\" \/><a href=\"http:\/\/yingmeipack.com\/wp-content\/uploads\/2022\/11\/Soft-Plastic-Cosmetic-Tube.mp4\">http:\/\/yingmeipack.com\/wp-content\/uploads\/2022\/11\/Soft-Plastic-Cosmetic-Tube.mp4<\/a><\/video><\/div>","protected":false},"featured_media":327,"template":"","meta":{"_kad_post_transparent":"default","_kad_post_title":"hide","_kad_post_layout":"fullwidth","_kad_post_sidebar_id":"","_kad_post_content_style":"unboxed","_kad_post_vertical_padding":"hide","_kad_post_feature":"hide","_kad_post_feature_position":"","_kad_post_header":false,"_kad_post_footer":false,"jetpack_publicize_message":"","jetpack_publicize_feature_enabled":true,"jetpack_social_post_already_shared":false,"jetpack_social_options":{"image_generator_settings":{"template":"highway","default_image_id":0,"enabled":false},"version":2}},"product_brand":[],"product_cat":[35],"product_tag":[113,111,112,109,110],"class_list":{"0":"post-326","1":"product","2":"type-product","3":"status-publish","4":"has-post-thumbnail","6":"product_cat-tubes","7":"product_tag-custom-plastic-tubes","8":"product_tag-plastic-cosmetic-tubes","9":"product_tag-plastic-cream-tubes","10":"product_tag-plastic-squeeze-tubes","11":"product_tag-soft-plastic-tubes","13":"first","14":"instock","15":"shipping-taxable","16":"product-type-simple","17":"entry","18":"content-bg","19":"loop-entry"},"aioseo_notices":[],"jetpack_publicize_connections":[],"jetpack_sharing_enabled":true,"_links":{"self":[{"href":"https:\/\/yingmeipack.com\/de\/wp-json\/wp\/v2\/product\/326","targetHints":{"allow":["GET"]}}],"collection":[{"href":"https:\/\/yingmeipack.com\/de\/wp-json\/wp\/v2\/product"}],"about":[{"href":"https:\/\/yingmeipack.com\/de\/wp-json\/wp\/v2\/types\/product"}],"version-history":[{"count":2,"href":"https:\/\/yingmeipack.com\/de\/wp-json\/wp\/v2\/product\/326\/revisions"}],"predecessor-version":[{"id":335,"href":"https:\/\/yingmeipack.com\/de\/wp-json\/wp\/v2\/product\/326\/revisions\/335"}],"wp:featuredmedia":[{"embeddable":true,"href":"https:\/\/yingmeipack.com\/de\/wp-json\/wp\/v2\/media\/327"}],"wp:attachment":[{"href":"https:\/\/yingmeipack.com\/de\/wp-json\/wp\/v2\/media?parent=326"}],"wp:term":[{"taxonomy":"product_brand","embeddable":true,"href":"https:\/\/yingmeipack.com\/de\/wp-json\/wp\/v2\/product_brand?post=326"},{"taxonomy":"product_cat","embeddable":true,"href":"https:\/\/yingmeipack.com\/de\/wp-json\/wp\/v2\/product_cat?post=326"},{"taxonomy":"product_tag","embeddable":true,"href":"https:\/\/yingmeipack.com\/de\/wp-json\/wp\/v2\/product_tag?post=326"}],"curies":[{"name":"wp","href":"https:\/\/api.w.org\/{rel}","templated":true}]}}