{"id":3138,"date":"2025-07-28T01:04:31","date_gmt":"2025-07-28T01:04:31","guid":{"rendered":"https:\/\/yingmeipack.com\/?post_type=product&#038;p=3138"},"modified":"2025-11-18T03:06:32","modified_gmt":"2025-11-18T03:06:32","slug":"30ml-silver-laser-patterned-cosmetic-aluminum-jar","status":"publish","type":"product","link":"https:\/\/yingmeipack.com\/de\/product\/30ml-silver-laser-patterned-cosmetic-aluminum-jar\/","title":{"rendered":"30ml Silver Laser Patterned Cosmetic Aluminum Jar"},"content":{"rendered":"","protected":false},"excerpt":{"rendered":"<p>Unsere Oberfl\u00e4chentechnologie kann Siebdruck, Farbdruck, Pr\u00e4gung, Aush\u00f6hlung, Fenster\u00f6ffnung und andere Prozesse durchf\u00fchren, und die Farbe und Gr\u00f6\u00dfe k\u00f6nnen angepasst werden.<\/p>\n<ul class=\"a-unordered-list a-vertical a-spacing-mini\">\n<li><span class=\"a-list-item\">Fassungsverm\u00f6gen: 30ml\/1oz, 70mm<\/span><span class=\"a-list-item\">\" Durchmesser x 14mm\" H\u00f6he.<\/span><\/li>\n<li><span class=\"a-list-item\">Dry Goods Scoop- Glatte Kanten verletzen Ihre H\u00e4nde nicht, und pflegen. Sie k\u00f6nnen es ohne Sorge zu verwenden.<\/span><\/li>\n<li><span class=\"a-list-item\">Ice Metal Scoop- Hergestellt aus transparentem Kunststoff, langlebig und sicher in der Anwendung. Teilen Sie es mit Ihrer Familie und Freunden, weil praktisch.<\/span><\/li>\n<li><span class=\"a-list-item\">Candy Scoop- Glatte Kanten verletzen die H\u00e4nde nicht. Ideal f\u00fcr besondere Anl\u00e4sse oder den t\u00e4glichen Gebrauch.<\/span><\/li>\n<li><span class=\"a-list-item\">Bath Scoops- Halten Sie es in der Hand wird Ihnen eine bequeme Erfahrung zu geben. Es wird auch viel Komfort f\u00fcr Sie bringen.<\/span><\/li>\n<li><span class=\"a-list-item\">100% Zufriedenheitsgarantie: Um sicherzustellen, dass Ihr 100% zufriedenes Einkaufserlebnis, f\u00fchlen Sie sich bitte frei, uns zu kontaktieren, wenn Sie irgendwelche Fragen oder Bedenken haben.<\/span><\/li>\n<\/ul>","protected":false},"featured_media":4582,"template":"","meta":{"_kad_post_transparent":"default","_kad_post_title":"","_kad_post_layout":"default","_kad_post_sidebar_id":"","_kad_post_content_style":"default","_kad_post_vertical_padding":"default","_kad_post_feature":"","_kad_post_feature_position":"","_kad_post_header":false,"_kad_post_footer":false,"jetpack_publicize_message":"","jetpack_publicize_feature_enabled":true,"jetpack_social_post_already_shared":true,"jetpack_social_options":{"image_generator_settings":{"template":"highway","default_image_id":0,"enabled":false},"version":2}},"product_brand":[],"product_cat":[28,24,27],"product_tag":[528,282,530,531,529],"class_list":{"0":"post-3138","1":"product","2":"type-product","3":"status-publish","4":"has-post-thumbnail","6":"product_cat-aluminum-jars","7":"product_cat-jars","8":"product_cat-metal-jars","9":"product_tag-30ml-silver-laser-cosmetic-can","10":"product_tag-aluminum-jar","11":"product_tag-custom-silver-30ml-alu-can","12":"product_tag-eco-laser-alu-cosmetic-can","13":"product_tag-laser-pattern-aluminum-can","15":"first","16":"instock","17":"shipping-taxable","18":"purchasable","19":"product-type-simple","20":"entry","21":"content-bg","22":"loop-entry"},"aioseo_notices":[],"jetpack_publicize_connections":[],"jetpack_sharing_enabled":true,"_links":{"self":[{"href":"https:\/\/yingmeipack.com\/de\/wp-json\/wp\/v2\/product\/3138","targetHints":{"allow":["GET"]}}],"collection":[{"href":"https:\/\/yingmeipack.com\/de\/wp-json\/wp\/v2\/product"}],"about":[{"href":"https:\/\/yingmeipack.com\/de\/wp-json\/wp\/v2\/types\/product"}],"version-history":[{"count":1,"href":"https:\/\/yingmeipack.com\/de\/wp-json\/wp\/v2\/product\/3138\/revisions"}],"predecessor-version":[{"id":3153,"href":"https:\/\/yingmeipack.com\/de\/wp-json\/wp\/v2\/product\/3138\/revisions\/3153"}],"wp:featuredmedia":[{"embeddable":true,"href":"https:\/\/yingmeipack.com\/de\/wp-json\/wp\/v2\/media\/4582"}],"wp:attachment":[{"href":"https:\/\/yingmeipack.com\/de\/wp-json\/wp\/v2\/media?parent=3138"}],"wp:term":[{"taxonomy":"product_brand","embeddable":true,"href":"https:\/\/yingmeipack.com\/de\/wp-json\/wp\/v2\/product_brand?post=3138"},{"taxonomy":"product_cat","embeddable":true,"href":"https:\/\/yingmeipack.com\/de\/wp-json\/wp\/v2\/product_cat?post=3138"},{"taxonomy":"product_tag","embeddable":true,"href":"https:\/\/yingmeipack.com\/de\/wp-json\/wp\/v2\/product_tag?post=3138"}],"curies":[{"name":"wp","href":"https:\/\/api.w.org\/{rel}","templated":true}]}}