{"id":3062,"date":"2025-07-22T07:28:04","date_gmt":"2025-07-22T07:28:04","guid":{"rendered":"https:\/\/yingmeipack.com\/?post_type=product&#038;p=3062"},"modified":"2025-11-18T07:11:01","modified_gmt":"2025-11-18T07:11:01","slug":"custom-printed-250ml-aluminum-cans-silver-star-design","status":"publish","type":"product","link":"https:\/\/yingmeipack.com\/de\/product\/custom-printed-250ml-aluminum-cans-silver-star-design\/","title":{"rendered":"Custom Printed 250ml Aluminum Cans Silver Star Design"},"content":{"rendered":"","protected":false},"excerpt":{"rendered":"<p>These 250ml tin containers belong to the larger sized tin cans available in our webshop. With a diameter of 100mm and height of 41mm, these empty cans hold a large volume yet are relatively compact in size. All our small metal containers have been manufactured using a single sheet of high-end aluminum. This makes our seamless tins 100% food-safe as well as BPA-free. This model of metal tins is commonly used in the cosmetic, food, and medical industries. With their EPE liners, these cans prevent air and moisture from getting in. This will fully protect your good no matter the environment.<br \/>\nMit ihren Schraubdeckeln lassen sich diese Dosen leicht \u00f6ffnen und schlie\u00dfen. So k\u00f6nnen Sie Ihr Verpackungsmaterial mehrfach \u00f6ffnen und schlie\u00dfen, ohne dass es zu Qualit\u00e4tseinbu\u00dfen kommt. Unsere kleinen Metallbeh\u00e4lter sind dar\u00fcber hinaus mit gerollten Kanten versehen. Dadurch gibt es keine scharfen Kanten, was sie f\u00fcr den t\u00e4glichen Gebrauch sicher macht. Mit ihrer relativ gro\u00dfen Gr\u00f6\u00dfe eignen sich diese Blechdosen hervorragend zur Aufbewahrung von Kosmetika oder Lebensmitteln wie Keksen, Bonbons, Kr\u00e4utern oder Tee.<\/p>","protected":false},"featured_media":4621,"template":"","meta":{"_kad_post_transparent":"default","_kad_post_title":"","_kad_post_layout":"default","_kad_post_sidebar_id":"","_kad_post_content_style":"default","_kad_post_vertical_padding":"default","_kad_post_feature":"","_kad_post_feature_position":"","_kad_post_header":false,"_kad_post_footer":false,"jetpack_publicize_message":"","jetpack_publicize_feature_enabled":true,"jetpack_social_post_already_shared":true,"jetpack_social_options":{"image_generator_settings":{"template":"highway","default_image_id":0,"enabled":false},"version":2}},"product_brand":[],"product_cat":[28,24,27],"product_tag":[495,494,497,496],"class_list":{"0":"post-3062","1":"product","2":"type-product","3":"status-publish","4":"has-post-thumbnail","6":"product_cat-aluminum-jars","7":"product_cat-jars","8":"product_cat-metal-jars","9":"product_tag-250ml-printed-beverage-containers","10":"product_tag-custom-aluminum-cans-wholesale","11":"product_tag-screen-printed-empty-cans-supplier","12":"product_tag-star-pattern-metal-cans-bulk","14":"first","15":"instock","16":"shipping-taxable","17":"purchasable","18":"product-type-simple","19":"entry","20":"content-bg","21":"loop-entry"},"aioseo_notices":[],"jetpack_publicize_connections":[],"jetpack_sharing_enabled":true,"_links":{"self":[{"href":"https:\/\/yingmeipack.com\/de\/wp-json\/wp\/v2\/product\/3062","targetHints":{"allow":["GET"]}}],"collection":[{"href":"https:\/\/yingmeipack.com\/de\/wp-json\/wp\/v2\/product"}],"about":[{"href":"https:\/\/yingmeipack.com\/de\/wp-json\/wp\/v2\/types\/product"}],"version-history":[{"count":1,"href":"https:\/\/yingmeipack.com\/de\/wp-json\/wp\/v2\/product\/3062\/revisions"}],"predecessor-version":[{"id":3068,"href":"https:\/\/yingmeipack.com\/de\/wp-json\/wp\/v2\/product\/3062\/revisions\/3068"}],"wp:featuredmedia":[{"embeddable":true,"href":"https:\/\/yingmeipack.com\/de\/wp-json\/wp\/v2\/media\/4621"}],"wp:attachment":[{"href":"https:\/\/yingmeipack.com\/de\/wp-json\/wp\/v2\/media?parent=3062"}],"wp:term":[{"taxonomy":"product_brand","embeddable":true,"href":"https:\/\/yingmeipack.com\/de\/wp-json\/wp\/v2\/product_brand?post=3062"},{"taxonomy":"product_cat","embeddable":true,"href":"https:\/\/yingmeipack.com\/de\/wp-json\/wp\/v2\/product_cat?post=3062"},{"taxonomy":"product_tag","embeddable":true,"href":"https:\/\/yingmeipack.com\/de\/wp-json\/wp\/v2\/product_tag?post=3062"}],"curies":[{"name":"wp","href":"https:\/\/api.w.org\/{rel}","templated":true}]}}