{"id":2970,"date":"2025-07-16T07:54:58","date_gmt":"2025-07-16T07:54:58","guid":{"rendered":"https:\/\/yingmeipack.com\/?post_type=product&#038;p=2970"},"modified":"2025-11-18T09:36:06","modified_gmt":"2025-11-18T09:36:06","slug":"10ml-custom-pink-purple-ombre-aluminum-printed-cosmetic-box","status":"publish","type":"product","link":"https:\/\/yingmeipack.com\/de\/product\/10ml-custom-pink-purple-ombre-aluminum-printed-cosmetic-box\/","title":{"rendered":"10ml Custom Pink Purple Ombre Aluminum Printed Cosmetic Box"},"content":{"rendered":"","protected":false},"excerpt":{"rendered":"<p>Ein 10-ml-Aluminiumgef\u00e4\u00df - sehr leicht und haltbar. Die Beh\u00e4lter sind auf der Innenseite mit EPA (Epoxid-Phenol*) beschichtet, so dass das Aluminium nicht direkt mit Ihrem Produkt in Ber\u00fchrung kommt und somit keine M\u00f6glichkeit einer Reaktion oder Oxidation mit Ihrem Produkt besteht. Unsere Aluminiumbeh\u00e4lter sind vollst\u00e4ndig wiederverwendbar und recycelbar und k\u00f6nnen in den \u00fcblichen Recyclinganlagen wiederverwertet werden. Dank der EP-Beschichtung ist der Aluminiumbeh\u00e4lter f\u00fcr die meisten Produkttypen geeignet, einschlie\u00dflich Produkte auf Wasser-, \u00d6l- und L\u00f6sungsmittelbasis. Diese Aluminiumdose wird mit einem Aluminiumdeckel geliefert, der speziell f\u00fcr diese Dose hergestellt wurde, um einen luftdichten Verschluss zu gew\u00e4hrleisten. Aluminium ist vollst\u00e4ndig recycelbar und hat eine geringe W\u00e4rmeentwicklung. Das geringe Gewicht macht Aluminium ideal f\u00fcr den Transport. Aluminium laugt nicht aus, wenn es auf einer M\u00fclldeponie gelagert wird.<\/p>","protected":false},"featured_media":4674,"template":"","meta":{"_kad_post_transparent":"default","_kad_post_title":"","_kad_post_layout":"default","_kad_post_sidebar_id":"","_kad_post_content_style":"default","_kad_post_vertical_padding":"default","_kad_post_feature":"","_kad_post_feature_position":"","_kad_post_header":false,"_kad_post_footer":false,"jetpack_publicize_message":"","jetpack_publicize_feature_enabled":true,"jetpack_social_post_already_shared":false,"jetpack_social_options":{"image_generator_settings":{"template":"highway","default_image_id":0,"enabled":false},"version":2}},"product_brand":[],"product_cat":[28,24,27],"product_tag":[284,282,285,345],"class_list":{"0":"post-2970","1":"product","2":"type-product","3":"status-publish","4":"has-post-thumbnail","6":"product_cat-aluminum-jars","7":"product_cat-jars","8":"product_cat-metal-jars","9":"product_tag-10-aluminum-can","10":"product_tag-aluminum-jar","11":"product_tag-aluminum-tin-can-with-slip-lid","12":"product_tag-colorful-packaging","14":"first","15":"instock","16":"shipping-taxable","17":"purchasable","18":"product-type-simple","19":"entry","20":"content-bg","21":"loop-entry"},"aioseo_notices":[],"jetpack_publicize_connections":[],"jetpack_sharing_enabled":true,"_links":{"self":[{"href":"https:\/\/yingmeipack.com\/de\/wp-json\/wp\/v2\/product\/2970","targetHints":{"allow":["GET"]}}],"collection":[{"href":"https:\/\/yingmeipack.com\/de\/wp-json\/wp\/v2\/product"}],"about":[{"href":"https:\/\/yingmeipack.com\/de\/wp-json\/wp\/v2\/types\/product"}],"version-history":[{"count":1,"href":"https:\/\/yingmeipack.com\/de\/wp-json\/wp\/v2\/product\/2970\/revisions"}],"predecessor-version":[{"id":2980,"href":"https:\/\/yingmeipack.com\/de\/wp-json\/wp\/v2\/product\/2970\/revisions\/2980"}],"wp:featuredmedia":[{"embeddable":true,"href":"https:\/\/yingmeipack.com\/de\/wp-json\/wp\/v2\/media\/4674"}],"wp:attachment":[{"href":"https:\/\/yingmeipack.com\/de\/wp-json\/wp\/v2\/media?parent=2970"}],"wp:term":[{"taxonomy":"product_brand","embeddable":true,"href":"https:\/\/yingmeipack.com\/de\/wp-json\/wp\/v2\/product_brand?post=2970"},{"taxonomy":"product_cat","embeddable":true,"href":"https:\/\/yingmeipack.com\/de\/wp-json\/wp\/v2\/product_cat?post=2970"},{"taxonomy":"product_tag","embeddable":true,"href":"https:\/\/yingmeipack.com\/de\/wp-json\/wp\/v2\/product_tag?post=2970"}],"curies":[{"name":"wp","href":"https:\/\/api.w.org\/{rel}","templated":true}]}}