{"id":293,"date":"2022-11-17T02:21:13","date_gmt":"2022-11-17T02:21:13","guid":{"rendered":"https:\/\/yingmeipack.com\/?post_type=product&#038;p=293"},"modified":"2022-11-17T02:34:12","modified_gmt":"2022-11-17T02:34:12","slug":"small-round-green-aluminum-tin-jar-container-with-screw-lid","status":"publish","type":"product","link":"https:\/\/yingmeipack.com\/de\/product\/small-round-green-aluminum-tin-jar-container-with-screw-lid\/","title":{"rendered":"Kleiner runder gr\u00fcner Aluminium-Blechbeh\u00e4lter mit Schraubdeckel"},"content":{"rendered":"","protected":false},"excerpt":{"rendered":"<p>Die Gr\u00f6\u00dfe dieses gr\u00fcnen Aluminiumbeh\u00e4lters betr\u00e4gt 108\u00d728 mm. Sie ist aus hochwertigem Aluminium gefertigt, leicht und dennoch haltbar, einfach zu transportieren, wenn Sie unterwegs sind. Der dicht verschlie\u00dfbare Schraubdeckel und die innere Schaumstoffeinlage verhindern das Risiko des Auslaufens oder Schmelzens und sch\u00fctzen Ihre Produkte vor Lichteinwirkung und hohen Temperaturen. Alle Kanten sind abgerundet und nahtlos geformt. Hervorragende Beh\u00e4lter f\u00fcr Lippenbalsam, Deocreme, Zahnpastatabs, Pillen, M\u00fcnzen, Kr\u00e4uter und vieles mehr. Die Kunden k\u00f6nnen alle Details nach ihren eigenen Anforderungen weiter anpassen.<\/p>\n<div style=\"width: 1290px;\" class=\"wp-video\"><!--[if lt IE 9]><script>document.createElement('video');<\/script><![endif]--><br \/>\n<video class=\"wp-video-shortcode\" id=\"video-293-1\" width=\"1290\" height=\"726\" loop autoplay preload=\"auto\" controls=\"controls\"><source type=\"video\/mp4\" src=\"http:\/\/yingmeipack.com\/wp-content\/uploads\/2022\/11\/Aluminum-Jars.mp4?_=1\" \/><a href=\"http:\/\/yingmeipack.com\/wp-content\/uploads\/2022\/11\/Aluminum-Jars.mp4\">http:\/\/yingmeipack.com\/wp-content\/uploads\/2022\/11\/Aluminum-Jars.mp4<\/a><\/video><\/div>","protected":false},"featured_media":294,"template":"","meta":{"_kad_post_transparent":"default","_kad_post_title":"","_kad_post_layout":"default","_kad_post_sidebar_id":"","_kad_post_content_style":"default","_kad_post_vertical_padding":"default","_kad_post_feature":"","_kad_post_feature_position":"","_kad_post_header":false,"_kad_post_footer":false,"jetpack_publicize_message":"","jetpack_publicize_feature_enabled":true,"jetpack_social_post_already_shared":false,"jetpack_social_options":{"image_generator_settings":{"template":"highway","default_image_id":0,"enabled":false},"version":2}},"product_brand":[],"product_cat":[28,24,27],"product_tag":[101,100,85,99],"class_list":{"0":"post-293","1":"product","2":"type-product","3":"status-publish","4":"has-post-thumbnail","6":"product_cat-aluminum-jars","7":"product_cat-jars","8":"product_cat-metal-jars","9":"product_tag-aluminum-jar-with-screw-lid","10":"product_tag-green-aluminum-jar","11":"product_tag-round-aluminum-jar","12":"product_tag-small-aluminum-jar","14":"first","15":"instock","16":"shipping-taxable","17":"product-type-simple","18":"entry","19":"content-bg","20":"loop-entry"},"aioseo_notices":[],"jetpack_publicize_connections":[],"jetpack_sharing_enabled":true,"_links":{"self":[{"href":"https:\/\/yingmeipack.com\/de\/wp-json\/wp\/v2\/product\/293","targetHints":{"allow":["GET"]}}],"collection":[{"href":"https:\/\/yingmeipack.com\/de\/wp-json\/wp\/v2\/product"}],"about":[{"href":"https:\/\/yingmeipack.com\/de\/wp-json\/wp\/v2\/types\/product"}],"version-history":[{"count":1,"href":"https:\/\/yingmeipack.com\/de\/wp-json\/wp\/v2\/product\/293\/revisions"}],"predecessor-version":[{"id":303,"href":"https:\/\/yingmeipack.com\/de\/wp-json\/wp\/v2\/product\/293\/revisions\/303"}],"wp:featuredmedia":[{"embeddable":true,"href":"https:\/\/yingmeipack.com\/de\/wp-json\/wp\/v2\/media\/294"}],"wp:attachment":[{"href":"https:\/\/yingmeipack.com\/de\/wp-json\/wp\/v2\/media?parent=293"}],"wp:term":[{"taxonomy":"product_brand","embeddable":true,"href":"https:\/\/yingmeipack.com\/de\/wp-json\/wp\/v2\/product_brand?post=293"},{"taxonomy":"product_cat","embeddable":true,"href":"https:\/\/yingmeipack.com\/de\/wp-json\/wp\/v2\/product_cat?post=293"},{"taxonomy":"product_tag","embeddable":true,"href":"https:\/\/yingmeipack.com\/de\/wp-json\/wp\/v2\/product_tag?post=293"}],"curies":[{"name":"wp","href":"https:\/\/api.w.org\/{rel}","templated":true}]}}