{"id":2537,"date":"2025-06-25T03:35:41","date_gmt":"2025-06-25T03:35:41","guid":{"rendered":"https:\/\/yingmeipack.com\/?post_type=product&#038;p=2537"},"modified":"2025-06-25T03:46:40","modified_gmt":"2025-06-25T03:46:40","slug":"70ml-glossy-black-embossed-logo-aluminium-jar-with-screw-cap","status":"publish","type":"product","link":"https:\/\/yingmeipack.com\/de\/product\/70ml-glossy-black-embossed-logo-aluminium-jar-with-screw-cap\/","title":{"rendered":"70ml glossy black embossed logo aluminium jar with screw cap"},"content":{"rendered":"","protected":false},"excerpt":{"rendered":"<p>1.\u2714QUALITY DESIGN: Made of Durable Aluminum, 3oz Screw Top Round Steel Tin Cans,Comes with Screw Top Covers.Each container has a round lid and inner liners to create a tight seal that will not leak. Dimensions: 70mm diameter &amp; 28mm depth &amp; 0.3MM thickness<br \/>\n2.\u2714MINIMIERT DAS RISIKO DES SCHMELZENS ODER DES AUSLAUFENS: Flache Dosen mit Druckverschluss aus verzinntem Stahl mit Gewindedeckel. Einmal auf dem Boden der Dose angebracht, h\u00e4lt das Blei sicher und eliminiert das Risiko eines unsch\u00f6nen Auslaufens w\u00e4hrend Ihrer vielen Reisen. Dieser Artikel eignet sich hervorragend f\u00fcr das Handgep\u00e4ck.<br \/>\n3.\u2714KOMPAKTES GR\u00d6SSENFORMAT: Diese Tiegel passen in jede Tasche, Geldb\u00f6rse, Handtasche, Rucksack oder Gep\u00e4ck. Sie sind besonders wertvoll beim Fliegen, da die Flaschengr\u00f6\u00dfen f\u00fcr Cremes und Lotionen im Handgep\u00e4ck stark eingeschr\u00e4nkt sind.<br \/>\n4.\u2714 KOSMETIK, K\u00dcCHE UND VIELES MEHR: Diese Dosen sind perfekt f\u00fcr die Aufbewahrung von mineralisiertem Make-up, Lidschatten, Lotionen, Lippenbalsam, Toner, Cremes, Salben, Acrylpulver und anderen Sch\u00f6nheitsmitteln. Sie sind auch geeignet, um Proben von losen Tees, Gew\u00fcrzen, Speise\u00f6len, Kr\u00e4utern, Medikamenten, Farben, kleinem Schmuck und vielem mehr aufzubewahren.<br \/>\n5.\u2714\u2606Gro\u00dfartig zum Dekorieren und als Partygeschenke, zum Verschenken, zum Aufbewahren von Gew\u00fcrzen, S\u00fc\u00dfigkeiten im Inneren<\/p>\n<p>&nbsp;<\/p>","protected":false},"featured_media":2543,"template":"","meta":{"_kad_post_transparent":"default","_kad_post_title":"","_kad_post_layout":"default","_kad_post_sidebar_id":"","_kad_post_content_style":"default","_kad_post_vertical_padding":"default","_kad_post_feature":"","_kad_post_feature_position":"","_kad_post_header":false,"_kad_post_footer":false,"jetpack_publicize_message":"","jetpack_publicize_feature_enabled":true,"jetpack_social_post_already_shared":false,"jetpack_social_options":{"image_generator_settings":{"template":"highway","default_image_id":0,"enabled":false},"version":2}},"product_brand":[],"product_cat":[28,24,27],"product_tag":[101,107,362,338],"class_list":{"0":"post-2537","1":"product","2":"type-product","3":"status-publish","4":"has-post-thumbnail","6":"product_cat-aluminum-jars","7":"product_cat-jars","8":"product_cat-metal-jars","9":"product_tag-aluminum-jar-with-screw-lid","10":"product_tag-aluminum-tin-with-screw-lid","11":"product_tag-black-aluminum-box","12":"product_tag-premium-packaging","14":"first","15":"instock","16":"shipping-taxable","17":"purchasable","18":"product-type-simple","19":"entry","20":"content-bg","21":"loop-entry"},"aioseo_notices":[],"jetpack_publicize_connections":[],"jetpack_sharing_enabled":true,"_links":{"self":[{"href":"https:\/\/yingmeipack.com\/de\/wp-json\/wp\/v2\/product\/2537","targetHints":{"allow":["GET"]}}],"collection":[{"href":"https:\/\/yingmeipack.com\/de\/wp-json\/wp\/v2\/product"}],"about":[{"href":"https:\/\/yingmeipack.com\/de\/wp-json\/wp\/v2\/types\/product"}],"version-history":[{"count":1,"href":"https:\/\/yingmeipack.com\/de\/wp-json\/wp\/v2\/product\/2537\/revisions"}],"predecessor-version":[{"id":2544,"href":"https:\/\/yingmeipack.com\/de\/wp-json\/wp\/v2\/product\/2537\/revisions\/2544"}],"wp:featuredmedia":[{"embeddable":true,"href":"https:\/\/yingmeipack.com\/de\/wp-json\/wp\/v2\/media\/2543"}],"wp:attachment":[{"href":"https:\/\/yingmeipack.com\/de\/wp-json\/wp\/v2\/media?parent=2537"}],"wp:term":[{"taxonomy":"product_brand","embeddable":true,"href":"https:\/\/yingmeipack.com\/de\/wp-json\/wp\/v2\/product_brand?post=2537"},{"taxonomy":"product_cat","embeddable":true,"href":"https:\/\/yingmeipack.com\/de\/wp-json\/wp\/v2\/product_cat?post=2537"},{"taxonomy":"product_tag","embeddable":true,"href":"https:\/\/yingmeipack.com\/de\/wp-json\/wp\/v2\/product_tag?post=2537"}],"curies":[{"name":"wp","href":"https:\/\/api.w.org\/{rel}","templated":true}]}}