{"id":2466,"date":"2025-06-21T06:55:51","date_gmt":"2025-06-21T06:55:51","guid":{"rendered":"https:\/\/yingmeipack.com\/?post_type=product&#038;p=2466"},"modified":"2025-08-30T07:46:40","modified_gmt":"2025-08-30T07:46:40","slug":"2000ml-large-capacity-silver-round-embossed-tea-aluminum-can","status":"publish","type":"product","link":"https:\/\/yingmeipack.com\/de\/product\/2000ml-large-capacity-silver-round-embossed-tea-aluminum-can\/","title":{"rendered":"1000ml Large Capacity Silver Embossed Tea Aluminum Can"},"content":{"rendered":"","protected":false},"excerpt":{"rendered":"<p>Unsere Oberfl\u00e4chentechnologie kann Siebdruck, Farbdruck, Pr\u00e4gung, Aush\u00f6hlung, Fenster\u00f6ffnung und andere Prozesse durchf\u00fchren, und die Farbe und Gr\u00f6\u00dfe k\u00f6nnen angepasst werden.<\/p>\n<ul class=\"a-unordered-list a-vertical a-spacing-mini\">\n<li><span class=\"a-list-item\">Capacity: 1000ml, 200mm<\/span><span class=\"a-list-item\">&#8221; diameter x 41mm&#8221; height.<\/span><\/li>\n<li><span class=\"a-list-item\">Dry Goods Scoop- Glatte Kanten verletzen Ihre H\u00e4nde nicht, und pflegen. Sie k\u00f6nnen es ohne Sorge zu verwenden.<\/span><\/li>\n<li><span class=\"a-list-item\">Ice Metal Scoop- Hergestellt aus transparentem Kunststoff, langlebig und sicher in der Anwendung. Teilen Sie es mit Ihrer Familie und Freunden, weil praktisch.<\/span><\/li>\n<li><span class=\"a-list-item\">Candy Scoop- Glatte Kanten verletzen die H\u00e4nde nicht. Ideal f\u00fcr besondere Anl\u00e4sse oder den t\u00e4glichen Gebrauch.<\/span><\/li>\n<li><span class=\"a-list-item\">Bath Scoops- Halten Sie es in der Hand wird Ihnen eine bequeme Erfahrung zu geben. Es wird auch viel Komfort f\u00fcr Sie bringen.<\/span><\/li>\n<li><span class=\"a-list-item\">100% Zufriedenheitsgarantie: Um sicherzustellen, dass Ihr 100% zufriedenes Einkaufserlebnis, f\u00fchlen Sie sich bitte frei, uns zu kontaktieren, wenn Sie irgendwelche Fragen oder Bedenken haben.<\/span><\/li>\n<\/ul>","protected":false},"featured_media":3471,"template":"","meta":{"_kad_post_transparent":"default","_kad_post_title":"","_kad_post_layout":"default","_kad_post_sidebar_id":"","_kad_post_content_style":"default","_kad_post_vertical_padding":"default","_kad_post_feature":"","_kad_post_feature_position":"","_kad_post_header":false,"_kad_post_footer":false,"jetpack_publicize_message":"","jetpack_publicize_feature_enabled":true,"jetpack_social_post_already_shared":false,"jetpack_social_options":{"image_generator_settings":{"template":"highway","default_image_id":0,"enabled":false},"version":2}},"product_brand":[],"product_cat":[28,24,27],"product_tag":[625,626,627,624],"class_list":{"0":"post-2466","1":"product","2":"type-product","3":"status-publish","4":"has-post-thumbnail","6":"product_cat-aluminum-jars","7":"product_cat-jars","8":"product_cat-metal-jars","9":"product_tag-1000ml-tea-storage-can","10":"product_tag-large-capacity-tea-tin","11":"product_tag-premium-tea-caddy","12":"product_tag-silver-embossed-aluminum-can","14":"first","15":"instock","16":"shipping-taxable","17":"purchasable","18":"product-type-simple","19":"entry","20":"content-bg","21":"loop-entry"},"aioseo_notices":[],"jetpack_publicize_connections":[],"jetpack_sharing_enabled":true,"_links":{"self":[{"href":"https:\/\/yingmeipack.com\/de\/wp-json\/wp\/v2\/product\/2466","targetHints":{"allow":["GET"]}}],"collection":[{"href":"https:\/\/yingmeipack.com\/de\/wp-json\/wp\/v2\/product"}],"about":[{"href":"https:\/\/yingmeipack.com\/de\/wp-json\/wp\/v2\/types\/product"}],"version-history":[{"count":4,"href":"https:\/\/yingmeipack.com\/de\/wp-json\/wp\/v2\/product\/2466\/revisions"}],"predecessor-version":[{"id":3477,"href":"https:\/\/yingmeipack.com\/de\/wp-json\/wp\/v2\/product\/2466\/revisions\/3477"}],"wp:featuredmedia":[{"embeddable":true,"href":"https:\/\/yingmeipack.com\/de\/wp-json\/wp\/v2\/media\/3471"}],"wp:attachment":[{"href":"https:\/\/yingmeipack.com\/de\/wp-json\/wp\/v2\/media?parent=2466"}],"wp:term":[{"taxonomy":"product_brand","embeddable":true,"href":"https:\/\/yingmeipack.com\/de\/wp-json\/wp\/v2\/product_brand?post=2466"},{"taxonomy":"product_cat","embeddable":true,"href":"https:\/\/yingmeipack.com\/de\/wp-json\/wp\/v2\/product_cat?post=2466"},{"taxonomy":"product_tag","embeddable":true,"href":"https:\/\/yingmeipack.com\/de\/wp-json\/wp\/v2\/product_tag?post=2466"}],"curies":[{"name":"wp","href":"https:\/\/api.w.org\/{rel}","templated":true}]}}