{"id":2348,"date":"2025-06-17T07:10:10","date_gmt":"2025-06-17T07:10:10","guid":{"rendered":"https:\/\/yingmeipack.com\/?post_type=product&#038;p=2348"},"modified":"2025-07-30T00:52:39","modified_gmt":"2025-07-30T00:52:39","slug":"100ml-hollow-water-drop-pattern-air-freshener-aluminum-box","status":"publish","type":"product","link":"https:\/\/yingmeipack.com\/de\/product\/100ml-hollow-water-drop-pattern-air-freshener-aluminum-box\/","title":{"rendered":"100ml hollow water drop pattern air freshener aluminum box"},"content":{"rendered":"","protected":false},"excerpt":{"rendered":"<p>Einfach zu verwenden: Sie funktionieren gut und passen \u00fcber die flachen Dichtungen f\u00fcr den Deckel und halten sie an Ort und Stelle. Dekorativer Deckel mit offenem Loch, der den Duft aus dem Glas herausl\u00e4sst. Perfekt, um duftende Geschenkgl\u00e4ser f\u00fcr Weihnachtsgeschenke zu machen. Sie k\u00f6nnen sie auch f\u00fcr die Tischdekoration mit Blumen verwenden.<br \/>\nBreite Verwendung: Diese vielseitigen Deckel eignen sich hervorragend f\u00fcr Kerzen, duftende Potpourri, Kunsthandwerk, Heimdekoration, selbstgemachte \u00d6ldiffusoren, Badesalze und Lufterfrischer. Sie m\u00f6chten Ihrer Inneneinrichtung ein wenig Pepp verleihen.<\/p>","protected":false},"featured_media":2349,"template":"","meta":{"_kad_post_transparent":"default","_kad_post_title":"","_kad_post_layout":"default","_kad_post_sidebar_id":"","_kad_post_content_style":"default","_kad_post_vertical_padding":"default","_kad_post_feature":"","_kad_post_feature_position":"","_kad_post_header":false,"_kad_post_footer":false,"jetpack_publicize_message":"","jetpack_publicize_feature_enabled":true,"jetpack_social_post_already_shared":false,"jetpack_social_options":{"image_generator_settings":{"template":"highway","default_image_id":0,"enabled":false},"version":2}},"product_brand":[],"product_cat":[28,24,27],"product_tag":[320,101,321,153],"class_list":{"0":"post-2348","1":"product","2":"type-product","3":"status-publish","4":"has-post-thumbnail","6":"product_cat-aluminum-jars","7":"product_cat-jars","8":"product_cat-metal-jars","9":"product_tag-aluminum-jar-for-air-freshener","10":"product_tag-aluminum-jar-with-screw-lid","11":"product_tag-hollow-aluminum-jar","12":"product_tag-silver-aluminum-jar","14":"first","15":"instock","16":"shipping-taxable","17":"purchasable","18":"product-type-simple","19":"entry","20":"content-bg","21":"loop-entry"},"aioseo_notices":[],"jetpack_publicize_connections":[],"jetpack_sharing_enabled":true,"_links":{"self":[{"href":"https:\/\/yingmeipack.com\/de\/wp-json\/wp\/v2\/product\/2348","targetHints":{"allow":["GET"]}}],"collection":[{"href":"https:\/\/yingmeipack.com\/de\/wp-json\/wp\/v2\/product"}],"about":[{"href":"https:\/\/yingmeipack.com\/de\/wp-json\/wp\/v2\/types\/product"}],"version-history":[{"count":1,"href":"https:\/\/yingmeipack.com\/de\/wp-json\/wp\/v2\/product\/2348\/revisions"}],"predecessor-version":[{"id":2355,"href":"https:\/\/yingmeipack.com\/de\/wp-json\/wp\/v2\/product\/2348\/revisions\/2355"}],"wp:featuredmedia":[{"embeddable":true,"href":"https:\/\/yingmeipack.com\/de\/wp-json\/wp\/v2\/media\/2349"}],"wp:attachment":[{"href":"https:\/\/yingmeipack.com\/de\/wp-json\/wp\/v2\/media?parent=2348"}],"wp:term":[{"taxonomy":"product_brand","embeddable":true,"href":"https:\/\/yingmeipack.com\/de\/wp-json\/wp\/v2\/product_brand?post=2348"},{"taxonomy":"product_cat","embeddable":true,"href":"https:\/\/yingmeipack.com\/de\/wp-json\/wp\/v2\/product_cat?post=2348"},{"taxonomy":"product_tag","embeddable":true,"href":"https:\/\/yingmeipack.com\/de\/wp-json\/wp\/v2\/product_tag?post=2348"}],"curies":[{"name":"wp","href":"https:\/\/api.w.org\/{rel}","templated":true}]}}