{"id":234,"date":"2022-11-16T12:56:02","date_gmt":"2022-11-16T12:56:02","guid":{"rendered":"https:\/\/yingmeipack.com\/?post_type=product&#038;p=234"},"modified":"2022-11-16T13:23:15","modified_gmt":"2022-11-16T13:23:15","slug":"3816-silver-brushed-aluminum-screw-top-caps-with-foam-liner","status":"publish","type":"product","link":"https:\/\/yingmeipack.com\/de\/product\/3816-silver-brushed-aluminum-screw-top-caps-with-foam-liner\/","title":{"rendered":"38\u00d716 Silberne geb\u00fcrstete Aluminium-Schraubkappen mit Schaumstoffeinlage"},"content":{"rendered":"","protected":false},"excerpt":{"rendered":"<p>Unsere silbernen Aluminiumkappen mit geripptem Hals verleihen Ihrem Beh\u00e4lter ein einzigartiges Aussehen, das Ihre Marke im Verkaufsregal hervorhebt. Jede Aluminiumkappe wird komplett mit einer PE-Schaumstoffeinlage geliefert. Die Gr\u00f6\u00dfe der silbernen Aluminiumkappe ist 38*16 cm. Er ist aus lebensmittelechtem, geb\u00fcrstetem Silberaluminium hergestellt. Sie werden \u00fcblicherweise auf Glasflaschen, Gl\u00e4sern und Kr\u00fcgen verwendet. Sie k\u00f6nnen auch f\u00fcr Lotion, Seifen, Cremes und K\u00f6rperpflegeprodukte verwendet werden. Verschl\u00fcsse mit durchgehendem Gewinde sind in einer Vielzahl von Gro\u00dfhandelsbranchen beliebt, z. B. in den Bereichen Lebensmittel, K\u00f6rperpflege, Haustierpflege, Haushaltsprodukte, Industrieprodukte, Gesundheit und Sch\u00f6nheit, Kunst, Handwerk, Hobby und so gut wie jedem anderen Marktsegment. Die Kunden k\u00f6nnen alle Details nach ihren eigenen W\u00fcnschen anpassen.<\/p>\n<div style=\"width: 1290px;\" class=\"wp-video\"><!--[if lt IE 9]><script>document.createElement('video');<\/script><![endif]--><br \/>\n<video class=\"wp-video-shortcode\" id=\"video-234-1\" width=\"1290\" height=\"726\" loop autoplay preload=\"auto\" controls=\"controls\"><source type=\"video\/mp4\" src=\"http:\/\/yingmeipack.com\/wp-content\/uploads\/2022\/11\/Aluminum-Caps.mp4?_=1\" \/><a href=\"http:\/\/yingmeipack.com\/wp-content\/uploads\/2022\/11\/Aluminum-Caps.mp4\">http:\/\/yingmeipack.com\/wp-content\/uploads\/2022\/11\/Aluminum-Caps.mp4<\/a><\/video><\/div>","protected":false},"featured_media":235,"template":"","meta":{"_kad_post_transparent":"default","_kad_post_title":"","_kad_post_layout":"default","_kad_post_sidebar_id":"","_kad_post_content_style":"default","_kad_post_vertical_padding":"default","_kad_post_feature":"","_kad_post_feature_position":"","_kad_post_header":false,"_kad_post_footer":false,"jetpack_publicize_message":"","jetpack_publicize_feature_enabled":true,"jetpack_social_post_already_shared":false,"jetpack_social_options":{"image_generator_settings":{"template":"highway","default_image_id":0,"enabled":false},"version":2}},"product_brand":[],"product_cat":[34],"product_tag":[80,79,78,81],"class_list":{"0":"post-234","1":"product","2":"type-product","3":"status-publish","4":"has-post-thumbnail","6":"product_cat-caps","7":"product_tag-aluminum-caps","8":"product_tag-aluminum-screw-caps","9":"product_tag-silver-aluminum-caps","10":"product_tag-silver-brushed-aluminum-caps","12":"first","13":"instock","14":"shipping-taxable","15":"product-type-simple","16":"entry","17":"content-bg","18":"loop-entry"},"aioseo_notices":[],"jetpack_publicize_connections":[],"jetpack_sharing_enabled":true,"_links":{"self":[{"href":"https:\/\/yingmeipack.com\/de\/wp-json\/wp\/v2\/product\/234","targetHints":{"allow":["GET"]}}],"collection":[{"href":"https:\/\/yingmeipack.com\/de\/wp-json\/wp\/v2\/product"}],"about":[{"href":"https:\/\/yingmeipack.com\/de\/wp-json\/wp\/v2\/types\/product"}],"version-history":[{"count":3,"href":"https:\/\/yingmeipack.com\/de\/wp-json\/wp\/v2\/product\/234\/revisions"}],"predecessor-version":[{"id":246,"href":"https:\/\/yingmeipack.com\/de\/wp-json\/wp\/v2\/product\/234\/revisions\/246"}],"wp:featuredmedia":[{"embeddable":true,"href":"https:\/\/yingmeipack.com\/de\/wp-json\/wp\/v2\/media\/235"}],"wp:attachment":[{"href":"https:\/\/yingmeipack.com\/de\/wp-json\/wp\/v2\/media?parent=234"}],"wp:term":[{"taxonomy":"product_brand","embeddable":true,"href":"https:\/\/yingmeipack.com\/de\/wp-json\/wp\/v2\/product_brand?post=234"},{"taxonomy":"product_cat","embeddable":true,"href":"https:\/\/yingmeipack.com\/de\/wp-json\/wp\/v2\/product_cat?post=234"},{"taxonomy":"product_tag","embeddable":true,"href":"https:\/\/yingmeipack.com\/de\/wp-json\/wp\/v2\/product_tag?post=234"}],"curies":[{"name":"wp","href":"https:\/\/api.w.org\/{rel}","templated":true}]}}