{"id":226,"date":"2022-11-15T02:39:08","date_gmt":"2022-11-15T02:39:08","guid":{"rendered":"https:\/\/yingmeipack.com\/?post_type=product&#038;p=226"},"modified":"2022-11-16T13:21:41","modified_gmt":"2022-11-16T13:21:41","slug":"luxury-sterile-airless-frosted-bottle-with-matt-silver-pump","status":"publish","type":"product","link":"https:\/\/yingmeipack.com\/de\/product\/luxury-sterile-airless-frosted-bottle-with-matt-silver-pump\/","title":{"rendered":"Luxuri\u00f6se sterile Airless-Flasche mit matt-silberner Pumpe"},"content":{"rendered":"","protected":false},"excerpt":{"rendered":"<p>Diese sterile Airless-Flasche besteht aus Milchglas, Aluminiumlegierung und Kunststoff, die hohen Qualit\u00e4tsstandards f\u00fcr Hautpflegeprodukte entsprechen, geruchsneutral und BPA-frei sind. Es ist sicher und gesund, sch\u00f6n und zart, geeignet f\u00fcr verschiedene Anl\u00e4sse. Der K\u00f6rper der Airless-Flasche ist lichtdurchl\u00e4ssig. Der Pumpenkopf besteht aus einer Aluminiumlegierung und Kunststoff, was ihn von anderen gew\u00f6hnlichen Lotionflaschen abhebt und ihm ein einzigartiges und sch\u00f6nes Aussehen verleiht. Diese Airless-Flasche eignet sich zur Aufbewahrung von Lotion, Foundation, Seren, Cremes, Feuchtigkeitscremes, Shampoo, Duschgel, K\u00f6rperlotion, Conditioner oder DIY-Kosmetikprodukten und anderen Toilettenartikeln. Kunden k\u00f6nnen alle Details weiter anpassen, wie sie wollen.<\/p>\n<div style=\"width: 1290px;\" class=\"wp-video\"><!--[if lt IE 9]><script>document.createElement('video');<\/script><![endif]--><br \/>\n<video class=\"wp-video-shortcode\" id=\"video-226-1\" width=\"1290\" height=\"726\" loop autoplay preload=\"auto\" controls=\"controls\"><source type=\"video\/mp4\" src=\"http:\/\/yingmeipack.com\/wp-content\/uploads\/2022\/11\/Airless-Bottles.mp4?_=1\" \/><a href=\"http:\/\/yingmeipack.com\/wp-content\/uploads\/2022\/11\/Airless-Bottles.mp4\">http:\/\/yingmeipack.com\/wp-content\/uploads\/2022\/11\/Airless-Bottles.mp4<\/a><\/video><\/div>","protected":false},"featured_media":227,"template":"","meta":{"_kad_post_transparent":"default","_kad_post_title":"","_kad_post_layout":"default","_kad_post_sidebar_id":"","_kad_post_content_style":"default","_kad_post_vertical_padding":"default","_kad_post_feature":"","_kad_post_feature_position":"","_kad_post_header":false,"_kad_post_footer":false,"jetpack_publicize_message":"","jetpack_publicize_feature_enabled":true,"jetpack_social_post_already_shared":false,"jetpack_social_options":{"image_generator_settings":{"template":"highway","default_image_id":0,"enabled":false},"version":2}},"product_brand":[],"product_cat":[36],"product_tag":[75,74,77,76],"class_list":{"0":"post-226","1":"product","2":"type-product","3":"status-publish","4":"has-post-thumbnail","6":"product_cat-airless-bottles","7":"product_tag-airless-bottle","8":"product_tag-airless-frosted-bottle","9":"product_tag-luxury-airless-bottle","10":"product_tag-sterile-airless-bottle","12":"first","13":"instock","14":"shipping-taxable","15":"product-type-simple","16":"entry","17":"content-bg","18":"loop-entry"},"aioseo_notices":[],"jetpack_publicize_connections":[],"jetpack_sharing_enabled":true,"_links":{"self":[{"href":"https:\/\/yingmeipack.com\/de\/wp-json\/wp\/v2\/product\/226","targetHints":{"allow":["GET"]}}],"collection":[{"href":"https:\/\/yingmeipack.com\/de\/wp-json\/wp\/v2\/product"}],"about":[{"href":"https:\/\/yingmeipack.com\/de\/wp-json\/wp\/v2\/types\/product"}],"version-history":[{"count":1,"href":"https:\/\/yingmeipack.com\/de\/wp-json\/wp\/v2\/product\/226\/revisions"}],"predecessor-version":[{"id":233,"href":"https:\/\/yingmeipack.com\/de\/wp-json\/wp\/v2\/product\/226\/revisions\/233"}],"wp:featuredmedia":[{"embeddable":true,"href":"https:\/\/yingmeipack.com\/de\/wp-json\/wp\/v2\/media\/227"}],"wp:attachment":[{"href":"https:\/\/yingmeipack.com\/de\/wp-json\/wp\/v2\/media?parent=226"}],"wp:term":[{"taxonomy":"product_brand","embeddable":true,"href":"https:\/\/yingmeipack.com\/de\/wp-json\/wp\/v2\/product_brand?post=226"},{"taxonomy":"product_cat","embeddable":true,"href":"https:\/\/yingmeipack.com\/de\/wp-json\/wp\/v2\/product_cat?post=226"},{"taxonomy":"product_tag","embeddable":true,"href":"https:\/\/yingmeipack.com\/de\/wp-json\/wp\/v2\/product_tag?post=226"}],"curies":[{"name":"wp","href":"https:\/\/api.w.org\/{rel}","templated":true}]}}