{"id":2232,"date":"2025-06-12T03:21:02","date_gmt":"2025-06-12T03:21:02","guid":{"rendered":"https:\/\/yingmeipack.com\/?post_type=product&#038;p=2232"},"modified":"2025-07-17T02:16:52","modified_gmt":"2025-07-17T02:16:52","slug":"25ml-black-premium-aluminum-round-tin-can-with-clear-window","status":"publish","type":"product","link":"https:\/\/yingmeipack.com\/de\/product\/25ml-black-premium-aluminum-round-tin-can-with-clear-window\/","title":{"rendered":"50ml black premium aluminum round tin can with clear window"},"content":{"rendered":"","protected":false},"excerpt":{"rendered":"<p>SLIP SLIDE CONTAINERS- Ein guter Beh\u00e4lter f\u00fcr die Aufbewahrung von Bastelmaterial und kleinen Gegenst\u00e4nden wie Kerzen, Schminkcreme, S\u00fc\u00dfigkeiten usw.<\/p>\n<p>ALUMINUM ROUND CANDLE TIN-Nahtlose Konstruktion, langlebig, einfach zu tragen und zu verwenden. Perfekt f\u00fcr DIY Kerze making projects.the Gr\u00f6\u00dfe ist 25ml, 50*30mm.<br \/>\nWINDOW CREAM TINPLATE CAN-Round Aluminum Tin Cans Jars Mit transparenten Fenstern auf dem Topper, k\u00f6nnen Sie \u00fcberpr\u00fcfen, innerhalb Artikel bequem und ohne den Deckel zu \u00f6ffnen.<br \/>\nMAKEUP RUOND CREAM CONTAINER- TRAVEL CREAM CONTAINERS- Hergestellt aus Aluminium, nicht leicht zu brechen, die Sie eine lange Zeit dienen wird, haben sie glatte Oberfl\u00e4che, die zusammen f\u00fcr den bequemen Einsatz platziert werden kann.<br \/>\nTEALIGHT TIN HOLDER-Diese Geschenkboxen sind langlebig, verschlei\u00dffest und sturzsicher. Ein gro\u00dfes Geschenk Verpackung Box f\u00fcr Weihnachten, Geburtstag, Hochzeit, etc.<\/p>\n<div style=\"width: 1280px;\" class=\"wp-video\"><!--[if lt IE 9]><script>document.createElement('video');<\/script><![endif]--><br \/>\n<video class=\"wp-video-shortcode\" id=\"video-2232-1\" width=\"1280\" height=\"720\" loop autoplay preload=\"metadata\" controls=\"controls\"><source type=\"video\/mp4\" src=\"http:\/\/yingmeipack.com\/wp-content\/uploads\/2022\/11\/Aluminum-Cosmetics-Jar.mp4?_=1\" \/><a href=\"http:\/\/yingmeipack.com\/wp-content\/uploads\/2022\/11\/Aluminum-Cosmetics-Jar.mp4\">http:\/\/yingmeipack.com\/wp-content\/uploads\/2022\/11\/Aluminum-Cosmetics-Jar.mp4<\/a><\/video><\/div>","protected":false},"featured_media":2233,"template":"","meta":{"_kad_post_transparent":"default","_kad_post_title":"","_kad_post_layout":"default","_kad_post_sidebar_id":"","_kad_post_content_style":"default","_kad_post_vertical_padding":"default","_kad_post_feature":"","_kad_post_feature_position":"","_kad_post_header":false,"_kad_post_footer":false,"jetpack_publicize_message":"","jetpack_publicize_feature_enabled":true,"jetpack_social_post_already_shared":false,"jetpack_social_options":{"image_generator_settings":{"template":"highway","default_image_id":0,"enabled":false},"version":2}},"product_brand":[],"product_cat":[28,24,27],"product_tag":[254,253,344,338],"class_list":{"0":"post-2232","1":"product","2":"type-product","3":"status-publish","4":"has-post-thumbnail","6":"product_cat-aluminum-jars","7":"product_cat-jars","8":"product_cat-metal-jars","9":"product_tag-aluminum-jar-with-clear-window","10":"product_tag-aluminum-round-container","11":"product_tag-black-packaging","12":"product_tag-premium-packaging","14":"first","15":"instock","16":"shipping-taxable","17":"purchasable","18":"product-type-simple","19":"entry","20":"content-bg","21":"loop-entry"},"aioseo_notices":[],"jetpack_publicize_connections":[],"jetpack_sharing_enabled":true,"_links":{"self":[{"href":"https:\/\/yingmeipack.com\/de\/wp-json\/wp\/v2\/product\/2232","targetHints":{"allow":["GET"]}}],"collection":[{"href":"https:\/\/yingmeipack.com\/de\/wp-json\/wp\/v2\/product"}],"about":[{"href":"https:\/\/yingmeipack.com\/de\/wp-json\/wp\/v2\/types\/product"}],"version-history":[{"count":3,"href":"https:\/\/yingmeipack.com\/de\/wp-json\/wp\/v2\/product\/2232\/revisions"}],"predecessor-version":[{"id":2982,"href":"https:\/\/yingmeipack.com\/de\/wp-json\/wp\/v2\/product\/2232\/revisions\/2982"}],"wp:featuredmedia":[{"embeddable":true,"href":"https:\/\/yingmeipack.com\/de\/wp-json\/wp\/v2\/media\/2233"}],"wp:attachment":[{"href":"https:\/\/yingmeipack.com\/de\/wp-json\/wp\/v2\/media?parent=2232"}],"wp:term":[{"taxonomy":"product_brand","embeddable":true,"href":"https:\/\/yingmeipack.com\/de\/wp-json\/wp\/v2\/product_brand?post=2232"},{"taxonomy":"product_cat","embeddable":true,"href":"https:\/\/yingmeipack.com\/de\/wp-json\/wp\/v2\/product_cat?post=2232"},{"taxonomy":"product_tag","embeddable":true,"href":"https:\/\/yingmeipack.com\/de\/wp-json\/wp\/v2\/product_tag?post=2232"}],"curies":[{"name":"wp","href":"https:\/\/api.w.org\/{rel}","templated":true}]}}