{"id":207,"date":"2022-11-14T01:37:49","date_gmt":"2022-11-14T01:37:49","guid":{"rendered":"https:\/\/yingmeipack.com\/?post_type=product&#038;p=207"},"modified":"2022-11-16T13:20:50","modified_gmt":"2022-11-16T13:20:50","slug":"custom-gold-aluminum-jar-metal-storage-tin-with-screw-lid","status":"publish","type":"product","link":"https:\/\/yingmeipack.com\/de\/product\/custom-gold-aluminum-jar-metal-storage-tin-with-screw-lid\/","title":{"rendered":"Custom Gold Aluminum Jar Metall Storage Tin mit Schraubdeckel"},"content":{"rendered":"","protected":false},"excerpt":{"rendered":"<p>Unsere lebensmittelechten Aluminiumdosen sind dynamische Aufbewahrungsbeh\u00e4lter, die sich ideal f\u00fcr eine Vielzahl von Produkten eignen, wie z. B. Kunsthandwerk, Lippenbalsam, Lipgloss, Mini-Kerzen, Kosmetika, Probierdosen, Kr\u00e4uter, handgemachte Lotionen, Cremes, Salben, Balsame und vieles mehr. Sch\u00fctzt Ihre Produkte vor \u00fcberm\u00e4\u00dfiger Lichteinwirkung, hohen Temperaturen und K\u00f6rperw\u00e4rme, wenn Sie sie auf Reisen in Ihrer Hosentasche aufbewahren. Der Schraubdeckel l\u00e4sst sich leicht verschlie\u00dfen und verhindert das Auslaufen des Inhalts. 1,57\"\/ 4 cm Au\u00dfendurchmesser und 0,67\"\/ 1,7 cm Au\u00dfentiefe; Fassungsverm\u00f6gen: 0,5 Unzen \/ 15 ml. Kunden k\u00f6nnen die Details nach ihren eigenen W\u00fcnschen anpassen.<\/p>\n<div style=\"width: 720px;\" class=\"wp-video\"><!--[if lt IE 9]><script>document.createElement('video');<\/script><![endif]--><br \/>\n<video class=\"wp-video-shortcode\" id=\"video-207-1\" width=\"720\" height=\"720\" loop autoplay preload=\"metadata\" controls=\"controls\"><source type=\"video\/mp4\" src=\"http:\/\/yingmeipack.com\/wp-content\/uploads\/2022\/11\/Gold-Aluminum-Jar.mp4?_=1\" \/><a href=\"http:\/\/yingmeipack.com\/wp-content\/uploads\/2022\/11\/Gold-Aluminum-Jar.mp4\">http:\/\/yingmeipack.com\/wp-content\/uploads\/2022\/11\/Gold-Aluminum-Jar.mp4<\/a><\/video><\/div>","protected":false},"featured_media":208,"template":"","meta":{"_kad_post_transparent":"default","_kad_post_title":"","_kad_post_layout":"default","_kad_post_sidebar_id":"","_kad_post_content_style":"default","_kad_post_vertical_padding":"default","_kad_post_feature":"","_kad_post_feature_position":"","_kad_post_header":false,"_kad_post_footer":false,"jetpack_publicize_message":"","jetpack_publicize_feature_enabled":true,"jetpack_social_post_already_shared":false,"jetpack_social_options":{"image_generator_settings":{"template":"highway","default_image_id":0,"enabled":false},"version":2}},"product_brand":[],"product_cat":[28,24,27],"product_tag":[65,66,64,67],"class_list":{"0":"post-207","1":"product","2":"type-product","3":"status-publish","4":"has-post-thumbnail","6":"product_cat-aluminum-jars","7":"product_cat-jars","8":"product_cat-metal-jars","9":"product_tag-custom-aluminum-jar","10":"product_tag-custom-metal-storage-tin","11":"product_tag-gold-aluminum-jar","12":"product_tag-gold-aluminum-tin","14":"first","15":"instock","16":"shipping-taxable","17":"product-type-simple","18":"entry","19":"content-bg","20":"loop-entry"},"aioseo_notices":[],"jetpack_publicize_connections":[],"jetpack_sharing_enabled":true,"_links":{"self":[{"href":"https:\/\/yingmeipack.com\/de\/wp-json\/wp\/v2\/product\/207","targetHints":{"allow":["GET"]}}],"collection":[{"href":"https:\/\/yingmeipack.com\/de\/wp-json\/wp\/v2\/product"}],"about":[{"href":"https:\/\/yingmeipack.com\/de\/wp-json\/wp\/v2\/types\/product"}],"version-history":[{"count":1,"href":"https:\/\/yingmeipack.com\/de\/wp-json\/wp\/v2\/product\/207\/revisions"}],"predecessor-version":[{"id":214,"href":"https:\/\/yingmeipack.com\/de\/wp-json\/wp\/v2\/product\/207\/revisions\/214"}],"wp:featuredmedia":[{"embeddable":true,"href":"https:\/\/yingmeipack.com\/de\/wp-json\/wp\/v2\/media\/208"}],"wp:attachment":[{"href":"https:\/\/yingmeipack.com\/de\/wp-json\/wp\/v2\/media?parent=207"}],"wp:term":[{"taxonomy":"product_brand","embeddable":true,"href":"https:\/\/yingmeipack.com\/de\/wp-json\/wp\/v2\/product_brand?post=207"},{"taxonomy":"product_cat","embeddable":true,"href":"https:\/\/yingmeipack.com\/de\/wp-json\/wp\/v2\/product_cat?post=207"},{"taxonomy":"product_tag","embeddable":true,"href":"https:\/\/yingmeipack.com\/de\/wp-json\/wp\/v2\/product_tag?post=207"}],"curies":[{"name":"wp","href":"https:\/\/api.w.org\/{rel}","templated":true}]}}