{"id":1888,"date":"2023-09-04T12:02:18","date_gmt":"2023-09-04T12:02:18","guid":{"rendered":"https:\/\/yingmeipack.com\/?post_type=product&#038;p=1888"},"modified":"2023-09-04T12:02:18","modified_gmt":"2023-09-04T12:02:18","slug":"1-oz-aluminum-high-tin-jar-with-screw-lid-30-ml","status":"publish","type":"product","link":"https:\/\/yingmeipack.com\/de\/product\/1-oz-aluminum-high-tin-jar-with-screw-lid-30-ml\/","title":{"rendered":"1 oz Aluminium High Tin Glas mit Schraubdeckel 30 ml"},"content":{"rendered":"<p>Die aus hochwertigem Aluminium gefertigten Dosenbeh\u00e4lter sind formsch\u00f6n, leicht, aber haltbar, ungiftig, geruchsneutral und lebensmittelecht.<\/p>\n<p>Schraubdeckel f\u00fcr einfaches \u00d6ffnen und Schlie\u00dfen: Schraubdeckel sind einfach zu \u00f6ffnen und zu schlie\u00dfen, stellen Sie sicher, dass die Deckel sicher angezogen sind, ohne dass der Inhalt ausl\u00e4uft. Die Metalldosen Beh\u00e4lter mit keine scharfen Kanten w\u00fcrde Ihre Finger verletzen.<\/p>\n<p>Metallbeh\u00e4lter mit Schraubdeckel: Jede leere Dose ist mit einem Schraubdeckel, kann effektiv verhindern, dass Leckage, Herstellung von hochwertigem Aluminium, langlebig, leicht.<\/p>\n<p>Jeder Dosenbeh\u00e4lter Au\u00dfengr\u00f6\u00dfe: 40mm*50mm*0,3mm, erf\u00fcllt Ihre Mehrzweckzwecke.<\/p>\n<p>Weit verbreitet f\u00fcr handgefertigte Produkte: Kann f\u00fcr Lippenbalsam, Lipgloss, Cremes, Kosmetika, Kerzen, Seife, Salbe, Bonbons, M\u00fcnzen, Muster, Kr\u00e4uter und Gew\u00fcrze usw. verwendet werden.<\/p>","protected":false},"excerpt":{"rendered":"<ul class=\"a-unordered-list a-vertical a-spacing-mini\">\n<li><span class=\"a-list-item\">Fassungsverm\u00f6gen: 30ml, 40mm<\/span><span class=\"a-list-item\">\" Durchmesser x 50mm\" H\u00f6he.<\/span><\/li>\n<li><span class=\"a-list-item\">Dry Goods Scoop- Glatte Kanten verletzen Ihre H\u00e4nde nicht, und pflegen. Sie k\u00f6nnen es ohne Sorge zu verwenden.<\/span><\/li>\n<li><span class=\"a-list-item\">Ice Metal Scoop- Hergestellt aus transparentem Kunststoff, langlebig und sicher in der Anwendung. Teilen Sie es mit Ihrer Familie und Freunden, weil praktisch.<\/span><\/li>\n<li><span class=\"a-list-item\">Candy Scoop- Glatte Kanten verletzen die H\u00e4nde nicht. Ideal f\u00fcr besondere Anl\u00e4sse oder den t\u00e4glichen Gebrauch.<\/span><\/li>\n<li><span class=\"a-list-item\">Bath Scoops- Halten Sie es in der Hand wird Ihnen eine bequeme Erfahrung zu geben. Es wird auch viel Komfort f\u00fcr Sie bringen.<\/span><span class=\"a-list-item\">100% Zufriedenheitsgarantie: Um sicherzustellen, dass Ihr 100% zufriedenes Einkaufserlebnis, f\u00fchlen Sie sich bitte frei, uns zu kontaktieren, wenn Sie irgendwelche Fragen oder Bedenken haben.<\/span><\/li>\n<\/ul>","protected":false},"featured_media":1889,"template":"","meta":{"_kad_post_transparent":"default","_kad_post_title":"","_kad_post_layout":"default","_kad_post_sidebar_id":"","_kad_post_content_style":"default","_kad_post_vertical_padding":"default","_kad_post_feature":"","_kad_post_feature_position":"","_kad_post_header":false,"_kad_post_footer":false,"jetpack_publicize_message":"","jetpack_publicize_feature_enabled":true,"jetpack_social_post_already_shared":false,"jetpack_social_options":{"image_generator_settings":{"template":"highway","default_image_id":0,"enabled":false},"version":2}},"product_brand":[],"product_cat":[28],"product_tag":[],"class_list":{"0":"post-1888","1":"product","2":"type-product","3":"status-publish","4":"has-post-thumbnail","6":"product_cat-aluminum-jars","8":"first","9":"instock","10":"shipping-taxable","11":"purchasable","12":"product-type-simple","13":"entry","14":"content-bg","15":"loop-entry"},"aioseo_notices":[],"jetpack_publicize_connections":[],"jetpack_sharing_enabled":true,"_links":{"self":[{"href":"https:\/\/yingmeipack.com\/de\/wp-json\/wp\/v2\/product\/1888","targetHints":{"allow":["GET"]}}],"collection":[{"href":"https:\/\/yingmeipack.com\/de\/wp-json\/wp\/v2\/product"}],"about":[{"href":"https:\/\/yingmeipack.com\/de\/wp-json\/wp\/v2\/types\/product"}],"version-history":[{"count":3,"href":"https:\/\/yingmeipack.com\/de\/wp-json\/wp\/v2\/product\/1888\/revisions"}],"predecessor-version":[{"id":1898,"href":"https:\/\/yingmeipack.com\/de\/wp-json\/wp\/v2\/product\/1888\/revisions\/1898"}],"wp:featuredmedia":[{"embeddable":true,"href":"https:\/\/yingmeipack.com\/de\/wp-json\/wp\/v2\/media\/1889"}],"wp:attachment":[{"href":"https:\/\/yingmeipack.com\/de\/wp-json\/wp\/v2\/media?parent=1888"}],"wp:term":[{"taxonomy":"product_brand","embeddable":true,"href":"https:\/\/yingmeipack.com\/de\/wp-json\/wp\/v2\/product_brand?post=1888"},{"taxonomy":"product_cat","embeddable":true,"href":"https:\/\/yingmeipack.com\/de\/wp-json\/wp\/v2\/product_cat?post=1888"},{"taxonomy":"product_tag","embeddable":true,"href":"https:\/\/yingmeipack.com\/de\/wp-json\/wp\/v2\/product_tag?post=1888"}],"curies":[{"name":"wp","href":"https:\/\/api.w.org\/{rel}","templated":true}]}}