{"id":1877,"date":"2023-08-05T06:59:20","date_gmt":"2023-08-05T06:59:20","guid":{"rendered":"https:\/\/yingmeipack.com\/?post_type=product&#038;p=1877"},"modified":"2023-08-05T06:59:20","modified_gmt":"2023-08-05T06:59:20","slug":"120ml-green-plastic-jar","status":"publish","type":"product","link":"https:\/\/yingmeipack.com\/de\/product\/120ml-green-plastic-jar\/","title":{"rendered":"120ml gr\u00fcnes Plastikgef\u00e4\u00df"},"content":{"rendered":"<p>120ml Plastikgef\u00e4\u00df<\/p>\n<p>Durchmesser: 70 mm<\/p>\n<p>H\u00f6he: 53mm<\/p>\n<p>kann eine eigene Farbe haben.<img fetchpriority=\"high\" decoding=\"async\" class=\"alignnone size-medium wp-image-1878\" src=\"http:\/\/yingmeipack.com\/wp-content\/uploads\/2023\/08\/1-300x300.jpg\" alt=\"\" width=\"300\" height=\"300\" srcset=\"https:\/\/yingmeipack.com\/wp-content\/uploads\/2023\/08\/1-300x300.jpg 300w, https:\/\/yingmeipack.com\/wp-content\/uploads\/2023\/08\/1-150x150.jpg 150w, https:\/\/yingmeipack.com\/wp-content\/uploads\/2023\/08\/1-768x768.jpg 768w, https:\/\/yingmeipack.com\/wp-content\/uploads\/2023\/08\/1-600x600.jpg 600w, https:\/\/yingmeipack.com\/wp-content\/uploads\/2023\/08\/1-100x100.jpg 100w, https:\/\/yingmeipack.com\/wp-content\/uploads\/2023\/08\/1.jpg 800w\" sizes=\"(max-width: 300px) 100vw, 300px\" \/> <img decoding=\"async\" class=\"alignnone size-medium wp-image-1879\" src=\"http:\/\/yingmeipack.com\/wp-content\/uploads\/2023\/08\/3-300x300.jpg\" alt=\"\" width=\"300\" height=\"300\" srcset=\"https:\/\/yingmeipack.com\/wp-content\/uploads\/2023\/08\/3-300x300.jpg 300w, https:\/\/yingmeipack.com\/wp-content\/uploads\/2023\/08\/3-150x150.jpg 150w, https:\/\/yingmeipack.com\/wp-content\/uploads\/2023\/08\/3-768x768.jpg 768w, https:\/\/yingmeipack.com\/wp-content\/uploads\/2023\/08\/3-600x600.jpg 600w, https:\/\/yingmeipack.com\/wp-content\/uploads\/2023\/08\/3-100x100.jpg 100w, https:\/\/yingmeipack.com\/wp-content\/uploads\/2023\/08\/3.jpg 800w\" sizes=\"(max-width: 300px) 100vw, 300px\" \/> <img decoding=\"async\" class=\"alignnone size-medium wp-image-1880\" src=\"http:\/\/yingmeipack.com\/wp-content\/uploads\/2023\/08\/4-300x300.jpg\" alt=\"\" width=\"300\" height=\"300\" srcset=\"https:\/\/yingmeipack.com\/wp-content\/uploads\/2023\/08\/4-300x300.jpg 300w, https:\/\/yingmeipack.com\/wp-content\/uploads\/2023\/08\/4-150x150.jpg 150w, https:\/\/yingmeipack.com\/wp-content\/uploads\/2023\/08\/4-768x768.jpg 768w, https:\/\/yingmeipack.com\/wp-content\/uploads\/2023\/08\/4-600x600.jpg 600w, https:\/\/yingmeipack.com\/wp-content\/uploads\/2023\/08\/4-100x100.jpg 100w, https:\/\/yingmeipack.com\/wp-content\/uploads\/2023\/08\/4.jpg 800w\" sizes=\"(max-width: 300px) 100vw, 300px\" \/> <img loading=\"lazy\" decoding=\"async\" class=\"alignnone size-medium wp-image-1881\" src=\"http:\/\/yingmeipack.com\/wp-content\/uploads\/2023\/08\/5-300x300.jpg\" alt=\"\" width=\"300\" height=\"300\" srcset=\"https:\/\/yingmeipack.com\/wp-content\/uploads\/2023\/08\/5-300x300.jpg 300w, https:\/\/yingmeipack.com\/wp-content\/uploads\/2023\/08\/5-150x150.jpg 150w, https:\/\/yingmeipack.com\/wp-content\/uploads\/2023\/08\/5-768x768.jpg 768w, https:\/\/yingmeipack.com\/wp-content\/uploads\/2023\/08\/5-600x600.jpg 600w, https:\/\/yingmeipack.com\/wp-content\/uploads\/2023\/08\/5-100x100.jpg 100w, https:\/\/yingmeipack.com\/wp-content\/uploads\/2023\/08\/5.jpg 800w\" sizes=\"(max-width: 300px) 100vw, 300px\" \/> <img loading=\"lazy\" decoding=\"async\" class=\"alignnone size-medium wp-image-1882\" src=\"http:\/\/yingmeipack.com\/wp-content\/uploads\/2023\/08\/6-300x300.jpg\" alt=\"\" width=\"300\" height=\"300\" srcset=\"https:\/\/yingmeipack.com\/wp-content\/uploads\/2023\/08\/6-300x300.jpg 300w, https:\/\/yingmeipack.com\/wp-content\/uploads\/2023\/08\/6-150x150.jpg 150w, https:\/\/yingmeipack.com\/wp-content\/uploads\/2023\/08\/6-768x768.jpg 768w, https:\/\/yingmeipack.com\/wp-content\/uploads\/2023\/08\/6-600x600.jpg 600w, https:\/\/yingmeipack.com\/wp-content\/uploads\/2023\/08\/6-100x100.jpg 100w, https:\/\/yingmeipack.com\/wp-content\/uploads\/2023\/08\/6.jpg 800w\" sizes=\"(max-width: 300px) 100vw, 300px\" \/> <img loading=\"lazy\" decoding=\"async\" class=\"alignnone size-medium wp-image-1883\" src=\"http:\/\/yingmeipack.com\/wp-content\/uploads\/2023\/08\/7-300x300.jpg\" alt=\"\" width=\"300\" height=\"300\" srcset=\"https:\/\/yingmeipack.com\/wp-content\/uploads\/2023\/08\/7-300x300.jpg 300w, https:\/\/yingmeipack.com\/wp-content\/uploads\/2023\/08\/7-150x150.jpg 150w, https:\/\/yingmeipack.com\/wp-content\/uploads\/2023\/08\/7-768x768.jpg 768w, https:\/\/yingmeipack.com\/wp-content\/uploads\/2023\/08\/7-600x600.jpg 600w, https:\/\/yingmeipack.com\/wp-content\/uploads\/2023\/08\/7-100x100.jpg 100w, https:\/\/yingmeipack.com\/wp-content\/uploads\/2023\/08\/7.jpg 800w\" sizes=\"(max-width: 300px) 100vw, 300px\" \/> <img loading=\"lazy\" decoding=\"async\" class=\"alignnone size-medium wp-image-1884\" src=\"http:\/\/yingmeipack.com\/wp-content\/uploads\/2023\/08\/8-300x300.jpg\" alt=\"\" width=\"300\" height=\"300\" srcset=\"https:\/\/yingmeipack.com\/wp-content\/uploads\/2023\/08\/8-300x300.jpg 300w, https:\/\/yingmeipack.com\/wp-content\/uploads\/2023\/08\/8-150x150.jpg 150w, https:\/\/yingmeipack.com\/wp-content\/uploads\/2023\/08\/8-768x768.jpg 768w, https:\/\/yingmeipack.com\/wp-content\/uploads\/2023\/08\/8-600x600.jpg 600w, https:\/\/yingmeipack.com\/wp-content\/uploads\/2023\/08\/8-100x100.jpg 100w, https:\/\/yingmeipack.com\/wp-content\/uploads\/2023\/08\/8.jpg 800w\" sizes=\"(max-width: 300px) 100vw, 300px\" \/> <img loading=\"lazy\" decoding=\"async\" class=\"alignnone size-medium wp-image-1885\" src=\"http:\/\/yingmeipack.com\/wp-content\/uploads\/2023\/08\/9-300x300.jpg\" alt=\"\" width=\"300\" height=\"300\" srcset=\"https:\/\/yingmeipack.com\/wp-content\/uploads\/2023\/08\/9-300x300.jpg 300w, https:\/\/yingmeipack.com\/wp-content\/uploads\/2023\/08\/9-150x150.jpg 150w, https:\/\/yingmeipack.com\/wp-content\/uploads\/2023\/08\/9-768x768.jpg 768w, https:\/\/yingmeipack.com\/wp-content\/uploads\/2023\/08\/9-600x600.jpg 600w, https:\/\/yingmeipack.com\/wp-content\/uploads\/2023\/08\/9-100x100.jpg 100w, https:\/\/yingmeipack.com\/wp-content\/uploads\/2023\/08\/9.jpg 800w\" sizes=\"(max-width: 300px) 100vw, 300px\" \/><\/p>","protected":false},"excerpt":{"rendered":"<p>120ml Kunststoffglas Durchmesser: 70mm hoch Gr\u00f6\u00dfe: 53mm kann benutzerdefinierte Farbe sein.<\/p>","protected":false},"featured_media":1881,"template":"","meta":{"_kad_post_transparent":"default","_kad_post_title":"","_kad_post_layout":"default","_kad_post_sidebar_id":"","_kad_post_content_style":"default","_kad_post_vertical_padding":"default","_kad_post_feature":"","_kad_post_feature_position":"","_kad_post_header":false,"_kad_post_footer":false,"jetpack_publicize_message":"","jetpack_publicize_feature_enabled":true,"jetpack_social_post_already_shared":false,"jetpack_social_options":{"image_generator_settings":{"template":"highway","default_image_id":0,"enabled":false},"version":2}},"product_brand":[],"product_cat":[30,25],"product_tag":[],"class_list":{"0":"post-1877","1":"product","2":"type-product","3":"status-publish","4":"has-post-thumbnail","6":"product_cat-petg-jars","7":"product_cat-plastic-jars","9":"first","10":"instock","11":"shipping-taxable","12":"product-type-simple","13":"entry","14":"content-bg","15":"loop-entry"},"aioseo_notices":[],"jetpack_publicize_connections":[],"jetpack_sharing_enabled":true,"_links":{"self":[{"href":"https:\/\/yingmeipack.com\/de\/wp-json\/wp\/v2\/product\/1877","targetHints":{"allow":["GET"]}}],"collection":[{"href":"https:\/\/yingmeipack.com\/de\/wp-json\/wp\/v2\/product"}],"about":[{"href":"https:\/\/yingmeipack.com\/de\/wp-json\/wp\/v2\/types\/product"}],"version-history":[{"count":2,"href":"https:\/\/yingmeipack.com\/de\/wp-json\/wp\/v2\/product\/1877\/revisions"}],"predecessor-version":[{"id":1887,"href":"https:\/\/yingmeipack.com\/de\/wp-json\/wp\/v2\/product\/1877\/revisions\/1887"}],"wp:featuredmedia":[{"embeddable":true,"href":"https:\/\/yingmeipack.com\/de\/wp-json\/wp\/v2\/media\/1881"}],"wp:attachment":[{"href":"https:\/\/yingmeipack.com\/de\/wp-json\/wp\/v2\/media?parent=1877"}],"wp:term":[{"taxonomy":"product_brand","embeddable":true,"href":"https:\/\/yingmeipack.com\/de\/wp-json\/wp\/v2\/product_brand?post=1877"},{"taxonomy":"product_cat","embeddable":true,"href":"https:\/\/yingmeipack.com\/de\/wp-json\/wp\/v2\/product_cat?post=1877"},{"taxonomy":"product_tag","embeddable":true,"href":"https:\/\/yingmeipack.com\/de\/wp-json\/wp\/v2\/product_tag?post=1877"}],"curies":[{"name":"wp","href":"https:\/\/api.w.org\/{rel}","templated":true}]}}