{"id":1854,"date":"2023-05-13T07:15:08","date_gmt":"2023-05-13T07:15:08","guid":{"rendered":"https:\/\/yingmeipack.com\/?post_type=product&#038;p=1854"},"modified":"2023-05-13T07:58:33","modified_gmt":"2023-05-13T07:58:33","slug":"60g-2-oz-green-pet-wide-mouth-plastic-cosmetic-jar","status":"publish","type":"product","link":"https:\/\/yingmeipack.com\/de\/product\/60g-2-oz-green-pet-wide-mouth-plastic-cosmetic-jar\/","title":{"rendered":"3oz Pet Gl\u00e4ser f\u00fcr die Hautpflege, kosmetische pet jar"},"content":{"rendered":"","protected":false},"excerpt":{"rendered":"<ul class=\"a-unordered-list a-vertical a-spacing-mini\">\n<li class=\"a-spacing-mini\">[Diese kleinen Kosmetikbeh\u00e4lter sind aus hochwertigem Polypropylen hergestellt, reagieren im Allgemeinen nicht chemisch mit Make-up, sind hitzebest\u00e4ndig, haben einen dichten Verschluss und verhindern ein Auslaufen. Mit dem Flaschenk\u00f6rper aus PS (Polystyrol) und dem Deckel aus PP (Polypropylen) sind diese Probengef\u00e4\u00dfe klar, dick und glatt.<br \/>\n[PERFEKTE AUFBEWAHRUNGSBEH\u00c4LTER] Diese 90-Gramm-Lippenbalsam-Beh\u00e4lter sind BPA-frei. Diese 60-Gramm-Probendosen sind perfekt f\u00fcr die Aufbewahrung von mineralisiertem Make-up, Lidschatten, Lotionen, Lippenstiften, Cremes, K\u00f6rperbutter, Make-up, Puder, Lotionen, Lippenbalsam, Peelings und anderen Sch\u00f6nheitsmitteln. Verwenden Sie sie einfach mit Vertrauen.<br \/>\n[Diese kleinen Kunststoffbeh\u00e4lter haben Minigr\u00f6\u00dfe und passen nahtlos in Ihre Tasche, Ihr Portemonnaie, Ihre Handtasche, Ihren Rucksack oder Ihr Gep\u00e4ck. Sie lassen sich f\u00fcr eine kompakte Aufbewahrung einfach zusammenschrauben. Sie k\u00f6nnen Mini-Kosmetik-Beh\u00e4lter \u00fcberall mit Vertrauen zu tragen.<br \/>\n[Jeder Probenbeh\u00e4lter hat ein ovales Etikett (nicht rund). Damit k\u00f6nnen andere Ihren Inhalt besser erkennen. Sie haften fest und lassen sich nicht so leicht abreiben - ideal, um Ordnung zu halten oder Produkte f\u00fcr Ihre Kunden zu kennzeichnen.<br \/>\n[ZEJIA SAMPLE JARS hat mehrere Farben und Gr\u00f6\u00dfen zur Auswahl! Erh\u00e4ltlich in gro\u00dfen Mengen. Ideal f\u00fcr unabh\u00e4ngige Einzelh\u00e4ndler, und DIY-Liebhaber.<\/li>\n<\/ul>","protected":false},"featured_media":1861,"template":"","meta":{"_kad_post_transparent":"default","_kad_post_title":"","_kad_post_layout":"default","_kad_post_sidebar_id":"","_kad_post_content_style":"default","_kad_post_vertical_padding":"default","_kad_post_feature":"","_kad_post_feature_position":"","_kad_post_header":false,"_kad_post_footer":false,"jetpack_publicize_message":"","jetpack_publicize_feature_enabled":true,"jetpack_social_post_already_shared":false,"jetpack_social_options":{"image_generator_settings":{"template":"highway","default_image_id":0,"enabled":false},"version":2}},"product_brand":[],"product_cat":[19,24,20,25],"product_tag":[215,214,217,216],"class_list":{"0":"post-1854","1":"product","2":"type-product","3":"status-publish","4":"has-post-thumbnail","6":"product_cat-bottles","7":"product_cat-jars","8":"product_cat-plastic-bottles","9":"product_cat-plastic-jars","10":"product_tag-bpa-free-pet-plastic-jars","11":"product_tag-clear-pet-plastic-jars","12":"product_tag-plastic-jar-with-gold-lid","13":"product_tag-refillable-plastic-jar","15":"first","16":"instock","17":"shipping-taxable","18":"product-type-simple","19":"entry","20":"content-bg","21":"loop-entry"},"aioseo_notices":[],"jetpack_publicize_connections":[],"jetpack_sharing_enabled":true,"_links":{"self":[{"href":"https:\/\/yingmeipack.com\/de\/wp-json\/wp\/v2\/product\/1854","targetHints":{"allow":["GET"]}}],"collection":[{"href":"https:\/\/yingmeipack.com\/de\/wp-json\/wp\/v2\/product"}],"about":[{"href":"https:\/\/yingmeipack.com\/de\/wp-json\/wp\/v2\/types\/product"}],"version-history":[{"count":3,"href":"https:\/\/yingmeipack.com\/de\/wp-json\/wp\/v2\/product\/1854\/revisions"}],"predecessor-version":[{"id":1866,"href":"https:\/\/yingmeipack.com\/de\/wp-json\/wp\/v2\/product\/1854\/revisions\/1866"}],"wp:featuredmedia":[{"embeddable":true,"href":"https:\/\/yingmeipack.com\/de\/wp-json\/wp\/v2\/media\/1861"}],"wp:attachment":[{"href":"https:\/\/yingmeipack.com\/de\/wp-json\/wp\/v2\/media?parent=1854"}],"wp:term":[{"taxonomy":"product_brand","embeddable":true,"href":"https:\/\/yingmeipack.com\/de\/wp-json\/wp\/v2\/product_brand?post=1854"},{"taxonomy":"product_cat","embeddable":true,"href":"https:\/\/yingmeipack.com\/de\/wp-json\/wp\/v2\/product_cat?post=1854"},{"taxonomy":"product_tag","embeddable":true,"href":"https:\/\/yingmeipack.com\/de\/wp-json\/wp\/v2\/product_tag?post=1854"}],"curies":[{"name":"wp","href":"https:\/\/api.w.org\/{rel}","templated":true}]}}