{"id":1841,"date":"2023-05-13T03:19:16","date_gmt":"2023-05-13T03:19:16","guid":{"rendered":"https:\/\/yingmeipack.com\/?post_type=product&#038;p=1841"},"modified":"2023-05-13T03:53:34","modified_gmt":"2023-05-13T03:53:34","slug":"white-empty-round-shaped-cosmetic-plastic-cream-jars-with-lid-30g","status":"publish","type":"product","link":"https:\/\/yingmeipack.com\/de\/product\/white-empty-round-shaped-cosmetic-plastic-cream-jars-with-lid-30g\/","title":{"rendered":"Gesichtscremebeh\u00e4lter Klarer PET-Tiegel 30g Kunststoff-Kosmetik-Tiegel"},"content":{"rendered":"","protected":false},"excerpt":{"rendered":"<ul class=\"a-unordered-list a-vertical a-spacing-mini\">\n<li class=\"a-spacing-mini\">[Diese kleinen Kosmetikbeh\u00e4lter sind aus hochwertigem Polypropylen hergestellt, reagieren im Allgemeinen nicht chemisch mit Make-up, sind hitzebest\u00e4ndig, haben einen dichten Verschluss und verhindern ein Auslaufen. Mit dem Flaschenk\u00f6rper aus PS (Polystyrol) und dem Deckel aus PP (Polypropylen) sind diese Probengef\u00e4\u00dfe klar, dick und glatt.<br \/>\n[PERFECT STORAGE CONTAINER] These 30 gram lip balm containers are BPA-FREE. These 30 gram sample jars are perfect for storing mineralized makeup, eye shadows, lotions, lipsticks, creams, body butter, make-up, powders, lotions, lip balm, scrubs, and other beauty aids. Just use it with confidence.<br \/>\n[Diese kleinen Kunststoffbeh\u00e4lter haben Minigr\u00f6\u00dfe und passen nahtlos in Ihre Tasche, Ihr Portemonnaie, Ihre Handtasche, Ihren Rucksack oder Ihr Gep\u00e4ck. Sie lassen sich f\u00fcr eine kompakte Aufbewahrung einfach zusammenschrauben. Sie k\u00f6nnen Mini-Kosmetik-Beh\u00e4lter \u00fcberall mit Vertrauen zu tragen.<br \/>\n[Jeder Probenbeh\u00e4lter hat ein ovales Etikett (nicht rund). Damit k\u00f6nnen andere Ihren Inhalt besser erkennen. Sie haften fest und lassen sich nicht so leicht abreiben - ideal, um Ordnung zu halten oder Produkte f\u00fcr Ihre Kunden zu kennzeichnen.<br \/>\n[MULTIPLE OPTIONS] ZEJIA SAMPLE JARS has multi colors and sizes to choose from! 3 gram, 5 gram, 10 gram, 20 gram. Clear, pink, black, purple, blue, white. Can meet all your needs. Available in bulk quantities. Ideal for independent retail sellers, and DIY lovers.<\/li>\n<\/ul>","protected":false},"featured_media":1847,"template":"","meta":{"_kad_post_transparent":"default","_kad_post_title":"","_kad_post_layout":"default","_kad_post_sidebar_id":"","_kad_post_content_style":"default","_kad_post_vertical_padding":"default","_kad_post_feature":"","_kad_post_feature_position":"","_kad_post_header":false,"_kad_post_footer":false,"jetpack_publicize_message":"","jetpack_publicize_feature_enabled":true,"jetpack_social_post_already_shared":false,"jetpack_social_options":{"image_generator_settings":{"template":"highway","default_image_id":0,"enabled":false},"version":2}},"product_brand":[],"product_cat":[19,24,20,25],"product_tag":[215,214,217,216],"class_list":{"0":"post-1841","1":"product","2":"type-product","3":"status-publish","4":"has-post-thumbnail","6":"product_cat-bottles","7":"product_cat-jars","8":"product_cat-plastic-bottles","9":"product_cat-plastic-jars","10":"product_tag-bpa-free-pet-plastic-jars","11":"product_tag-clear-pet-plastic-jars","12":"product_tag-plastic-jar-with-gold-lid","13":"product_tag-refillable-plastic-jar","15":"first","16":"instock","17":"shipping-taxable","18":"product-type-simple","19":"entry","20":"content-bg","21":"loop-entry"},"aioseo_notices":[],"jetpack_publicize_connections":[],"jetpack_sharing_enabled":true,"_links":{"self":[{"href":"https:\/\/yingmeipack.com\/de\/wp-json\/wp\/v2\/product\/1841","targetHints":{"allow":["GET"]}}],"collection":[{"href":"https:\/\/yingmeipack.com\/de\/wp-json\/wp\/v2\/product"}],"about":[{"href":"https:\/\/yingmeipack.com\/de\/wp-json\/wp\/v2\/types\/product"}],"version-history":[{"count":3,"href":"https:\/\/yingmeipack.com\/de\/wp-json\/wp\/v2\/product\/1841\/revisions"}],"predecessor-version":[{"id":1852,"href":"https:\/\/yingmeipack.com\/de\/wp-json\/wp\/v2\/product\/1841\/revisions\/1852"}],"wp:featuredmedia":[{"embeddable":true,"href":"https:\/\/yingmeipack.com\/de\/wp-json\/wp\/v2\/media\/1847"}],"wp:attachment":[{"href":"https:\/\/yingmeipack.com\/de\/wp-json\/wp\/v2\/media?parent=1841"}],"wp:term":[{"taxonomy":"product_brand","embeddable":true,"href":"https:\/\/yingmeipack.com\/de\/wp-json\/wp\/v2\/product_brand?post=1841"},{"taxonomy":"product_cat","embeddable":true,"href":"https:\/\/yingmeipack.com\/de\/wp-json\/wp\/v2\/product_cat?post=1841"},{"taxonomy":"product_tag","embeddable":true,"href":"https:\/\/yingmeipack.com\/de\/wp-json\/wp\/v2\/product_tag?post=1841"}],"curies":[{"name":"wp","href":"https:\/\/api.w.org\/{rel}","templated":true}]}}