{"id":1833,"date":"2023-05-12T09:35:13","date_gmt":"2023-05-12T09:35:13","guid":{"rendered":"https:\/\/yingmeipack.com\/?post_type=product&#038;p=1833"},"modified":"2023-05-12T09:49:30","modified_gmt":"2023-05-12T09:49:30","slug":"30g-custom-amber-face-cream-container-cosmetic-plastic-jar-with-lid","status":"publish","type":"product","link":"https:\/\/yingmeipack.com\/de\/product\/30g-custom-amber-face-cream-container-cosmetic-plastic-jar-with-lid\/","title":{"rendered":"30g benutzerdefinierte Bernstein Gesichtscreme Beh\u00e4lter kosmetische Kunststoff-Tiegel mit Deckel"},"content":{"rendered":"","protected":false},"excerpt":{"rendered":"<ul class=\"a-unordered-list a-vertical a-spacing-mini\">\n<li class=\"a-spacing-mini\"><span class=\"a-list-item\">Hergestellt aus hochwertigem Acryl, das resistent gegen Bruch und Verformung durch Hitze ist.<\/span><\/li>\n<li class=\"a-spacing-mini\"><span class=\"a-list-item\">Diese LEAK-PROOF Jars eignen sich perfekt f\u00fcr die Aufbewahrung von mineralisiertem Make-up, Lidschatten, Lotionen, Lippenbalsam, Gesichtswasser, Cremes, Salben, Acrylpulver, Beauty-Hilfsmitteln, Proben von losen Blatt-Tees, Gew\u00fcrzen, Speise\u00f6len, Kr\u00e4utern, Medikamenten, Farben, kleinem Schmuck und vielem mehr.<\/span><\/li>\n<\/ul>","protected":false},"featured_media":1834,"template":"","meta":{"_kad_post_transparent":"default","_kad_post_title":"","_kad_post_layout":"default","_kad_post_sidebar_id":"","_kad_post_content_style":"default","_kad_post_vertical_padding":"default","_kad_post_feature":"","_kad_post_feature_position":"","_kad_post_header":false,"_kad_post_footer":false,"jetpack_publicize_message":"","jetpack_publicize_feature_enabled":true,"jetpack_social_post_already_shared":false,"jetpack_social_options":{"image_generator_settings":{"template":"highway","default_image_id":0,"enabled":false},"version":2}},"product_brand":[],"product_cat":[19,24,20,25],"product_tag":[215,214,217,216],"class_list":{"0":"post-1833","1":"product","2":"type-product","3":"status-publish","4":"has-post-thumbnail","6":"product_cat-bottles","7":"product_cat-jars","8":"product_cat-plastic-bottles","9":"product_cat-plastic-jars","10":"product_tag-bpa-free-pet-plastic-jars","11":"product_tag-clear-pet-plastic-jars","12":"product_tag-plastic-jar-with-gold-lid","13":"product_tag-refillable-plastic-jar","15":"first","16":"instock","17":"shipping-taxable","18":"product-type-simple","19":"entry","20":"content-bg","21":"loop-entry"},"aioseo_notices":[],"jetpack_publicize_connections":[],"jetpack_sharing_enabled":true,"_links":{"self":[{"href":"https:\/\/yingmeipack.com\/de\/wp-json\/wp\/v2\/product\/1833","targetHints":{"allow":["GET"]}}],"collection":[{"href":"https:\/\/yingmeipack.com\/de\/wp-json\/wp\/v2\/product"}],"about":[{"href":"https:\/\/yingmeipack.com\/de\/wp-json\/wp\/v2\/types\/product"}],"version-history":[{"count":1,"href":"https:\/\/yingmeipack.com\/de\/wp-json\/wp\/v2\/product\/1833\/revisions"}],"predecessor-version":[{"id":1839,"href":"https:\/\/yingmeipack.com\/de\/wp-json\/wp\/v2\/product\/1833\/revisions\/1839"}],"wp:featuredmedia":[{"embeddable":true,"href":"https:\/\/yingmeipack.com\/de\/wp-json\/wp\/v2\/media\/1834"}],"wp:attachment":[{"href":"https:\/\/yingmeipack.com\/de\/wp-json\/wp\/v2\/media?parent=1833"}],"wp:term":[{"taxonomy":"product_brand","embeddable":true,"href":"https:\/\/yingmeipack.com\/de\/wp-json\/wp\/v2\/product_brand?post=1833"},{"taxonomy":"product_cat","embeddable":true,"href":"https:\/\/yingmeipack.com\/de\/wp-json\/wp\/v2\/product_cat?post=1833"},{"taxonomy":"product_tag","embeddable":true,"href":"https:\/\/yingmeipack.com\/de\/wp-json\/wp\/v2\/product_tag?post=1833"}],"curies":[{"name":"wp","href":"https:\/\/api.w.org\/{rel}","templated":true}]}}