{"id":1765,"date":"2023-05-05T02:00:07","date_gmt":"2023-05-05T02:00:07","guid":{"rendered":"https:\/\/yingmeipack.com\/?post_type=product&#038;p=1765"},"modified":"2025-06-04T09:05:46","modified_gmt":"2025-06-04T09:05:46","slug":"gold-square-spice-aluminum-jar-universal-soap-aluminum-box","status":"publish","type":"product","link":"https:\/\/yingmeipack.com\/de\/product\/gold-square-spice-aluminum-jar-universal-soap-aluminum-box\/","title":{"rendered":"goldenes quadratisches Gew\u00fcrzglas aus Aluminium Universal Seifendose aus Aluminium"},"content":{"rendered":"","protected":false},"excerpt":{"rendered":"<p>\u3010Qualit\u00e4tsmaterial\u3011: Qualit\u00e4t Aluminium-Material, tragbare Reisegr\u00f6\u00dfe, langlebig zu verwenden.<br \/>\n\u3010Portable Soap Holder with Lid\u3011: Die Verwendung eines Seifenst\u00fccks ist oft die beste Wahl, die Sie auf eine Reise mitnehmen k\u00f6nnen. Das Reise-Seifenetui ist die perfekte Wahl f\u00fcr Sie. langlebig und tragbar. Sie k\u00f6nnen das Etui einfach in eine Tasche stecken, wenn Sie arbeiten, campen oder ins Fitnessstudio gehen.<br \/>\n\u3010Weite Anwendung\u3011: Tragbar und bequem zu verwenden. Perfekt f\u00fcr zu Hause, Schule Turnhalle Reisen, Gesch\u00e4ftsreise, Wandern und andere Outdoor-Aktivit\u00e4ten.<br \/>\n\u3010Design\u3011: Dieser Fall ist sehr langlebig. Es kommt mit einem auslaufsicheren Design. Der dichte Deckel verhindert ein m\u00f6gliches Auslaufen der nassen Seife. Das verschlossene Design verhindert, dass sich das Etui unerwartet \u00f6ffnet. Dieses Seifenetui ist praktisch, um Ihre eigene Seife zu transportieren und den Koffer sauber zu halten.<\/p>\n<p>&nbsp;<\/p>","protected":false},"featured_media":1766,"template":"","meta":{"_kad_post_transparent":"default","_kad_post_title":"","_kad_post_layout":"default","_kad_post_sidebar_id":"","_kad_post_content_style":"default","_kad_post_vertical_padding":"default","_kad_post_feature":"","_kad_post_feature_position":"","_kad_post_header":false,"_kad_post_footer":false,"jetpack_publicize_message":"","jetpack_publicize_feature_enabled":true,"jetpack_social_post_already_shared":false,"jetpack_social_options":{"image_generator_settings":{"template":"highway","default_image_id":0,"enabled":false},"version":2}},"product_brand":[],"product_cat":[28,24,27,29],"product_tag":[306,305,307,308],"class_list":{"0":"post-1765","1":"product","2":"type-product","3":"status-publish","4":"has-post-thumbnail","6":"product_cat-aluminum-jars","7":"product_cat-jars","8":"product_cat-metal-jars","9":"product_cat-tinplate-jars","10":"product_tag-aluminium-tin-box-for-soap","11":"product_tag-aluminium-tin-rectangle","12":"product_tag-metal-aluminium-tin","13":"product_tag-square-aluminum-box","15":"first","16":"instock","17":"shipping-taxable","18":"purchasable","19":"product-type-simple","20":"entry","21":"content-bg","22":"loop-entry"},"aioseo_notices":[],"jetpack_publicize_connections":[],"jetpack_sharing_enabled":true,"_links":{"self":[{"href":"https:\/\/yingmeipack.com\/de\/wp-json\/wp\/v2\/product\/1765","targetHints":{"allow":["GET"]}}],"collection":[{"href":"https:\/\/yingmeipack.com\/de\/wp-json\/wp\/v2\/product"}],"about":[{"href":"https:\/\/yingmeipack.com\/de\/wp-json\/wp\/v2\/types\/product"}],"version-history":[{"count":1,"href":"https:\/\/yingmeipack.com\/de\/wp-json\/wp\/v2\/product\/1765\/revisions"}],"predecessor-version":[{"id":1771,"href":"https:\/\/yingmeipack.com\/de\/wp-json\/wp\/v2\/product\/1765\/revisions\/1771"}],"wp:featuredmedia":[{"embeddable":true,"href":"https:\/\/yingmeipack.com\/de\/wp-json\/wp\/v2\/media\/1766"}],"wp:attachment":[{"href":"https:\/\/yingmeipack.com\/de\/wp-json\/wp\/v2\/media?parent=1765"}],"wp:term":[{"taxonomy":"product_brand","embeddable":true,"href":"https:\/\/yingmeipack.com\/de\/wp-json\/wp\/v2\/product_brand?post=1765"},{"taxonomy":"product_cat","embeddable":true,"href":"https:\/\/yingmeipack.com\/de\/wp-json\/wp\/v2\/product_cat?post=1765"},{"taxonomy":"product_tag","embeddable":true,"href":"https:\/\/yingmeipack.com\/de\/wp-json\/wp\/v2\/product_tag?post=1765"}],"curies":[{"name":"wp","href":"https:\/\/api.w.org\/{rel}","templated":true}]}}