{"id":1736,"date":"2023-04-27T08:26:48","date_gmt":"2023-04-27T08:26:48","guid":{"rendered":"https:\/\/yingmeipack.com\/?post_type=product&#038;p=1736"},"modified":"2025-06-04T09:07:36","modified_gmt":"2025-06-04T09:07:36","slug":"90ml-3oz-matte-gold-embossed-logo-aluminum-jar-with-screw-cap","status":"publish","type":"product","link":"https:\/\/yingmeipack.com\/de\/product\/90ml-3oz-matte-gold-embossed-logo-aluminum-jar-with-screw-cap\/","title":{"rendered":"90ml 3oz mattgold gepr\u00e4gter Aluminiumtopf mit Schraubverschluss"},"content":{"rendered":"","protected":false},"excerpt":{"rendered":"<p>1.\u2714 QUALIT\u00c4TSDESIGN: Hergestellt aus langlebigem Aluminium, 3oz Schraubverschluss runde Stahlblechdosen, kommt mit Schraubverschlussdeckel.Jeder Beh\u00e4lter hat einen runden Deckel und innere Liner, um eine dichte Dichtung zu schaffen, die nicht auslaufen wird. Abmessungen: 68mm Durchmesser &amp; 42mm Tiefe &amp; 0.3MM Dicke<br \/>\n2.\u2714MINIMIERT DAS RISIKO DES SCHMELZENS ODER DES AUSLAUFENS: Flache Dosen mit Druckverschluss aus verzinntem Stahl mit Gewindedeckel. Einmal auf dem Boden der Dose angebracht, h\u00e4lt das Blei sicher und eliminiert das Risiko eines unsch\u00f6nen Auslaufens w\u00e4hrend Ihrer vielen Reisen. Dieser Artikel eignet sich hervorragend f\u00fcr das Handgep\u00e4ck.<br \/>\n3.\u2714KOMPAKTES GR\u00d6SSENFORMAT: Diese Tiegel passen in jede Tasche, Geldb\u00f6rse, Handtasche, Rucksack oder Gep\u00e4ck. Sie sind besonders wertvoll beim Fliegen, da die Flaschengr\u00f6\u00dfen f\u00fcr Cremes und Lotionen im Handgep\u00e4ck stark eingeschr\u00e4nkt sind.<br \/>\n4.\u2714 KOSMETIK, K\u00dcCHE UND VIELES MEHR: Diese Dosen sind perfekt f\u00fcr die Aufbewahrung von mineralisiertem Make-up, Lidschatten, Lotionen, Lippenbalsam, Toner, Cremes, Salben, Acrylpulver und anderen Sch\u00f6nheitsmitteln. Sie sind auch geeignet, um Proben von losen Tees, Gew\u00fcrzen, Speise\u00f6len, Kr\u00e4utern, Medikamenten, Farben, kleinem Schmuck und vielem mehr aufzubewahren.<br \/>\n5.\u2714\u2606Gro\u00dfartig zum Dekorieren und als Partygeschenke, zum Verschenken, zum Aufbewahren von Gew\u00fcrzen, S\u00fc\u00dfigkeiten im Inneren<\/p>\n<p>&nbsp;<\/p>","protected":false},"featured_media":1737,"template":"","meta":{"_kad_post_transparent":"default","_kad_post_title":"","_kad_post_layout":"default","_kad_post_sidebar_id":"","_kad_post_content_style":"default","_kad_post_vertical_padding":"default","_kad_post_feature":"","_kad_post_feature_position":"","_kad_post_header":false,"_kad_post_footer":false,"jetpack_publicize_message":"","jetpack_publicize_feature_enabled":true,"jetpack_social_post_already_shared":false,"jetpack_social_options":{"image_generator_settings":{"template":"highway","default_image_id":0,"enabled":false},"version":2}},"product_brand":[],"product_cat":[28,24,27],"product_tag":[101,107,106,108],"class_list":{"0":"post-1736","1":"product","2":"type-product","3":"status-publish","4":"has-post-thumbnail","6":"product_cat-aluminum-jars","7":"product_cat-jars","8":"product_cat-metal-jars","9":"product_tag-aluminum-jar-with-screw-lid","10":"product_tag-aluminum-tin-with-screw-lid","11":"product_tag-rose-gold-aluminum-jar","12":"product_tag-rose-gold-aluminum-tin","14":"first","15":"instock","16":"shipping-taxable","17":"purchasable","18":"product-type-simple","19":"entry","20":"content-bg","21":"loop-entry"},"aioseo_notices":[],"jetpack_publicize_connections":[],"jetpack_sharing_enabled":true,"_links":{"self":[{"href":"https:\/\/yingmeipack.com\/de\/wp-json\/wp\/v2\/product\/1736","targetHints":{"allow":["GET"]}}],"collection":[{"href":"https:\/\/yingmeipack.com\/de\/wp-json\/wp\/v2\/product"}],"about":[{"href":"https:\/\/yingmeipack.com\/de\/wp-json\/wp\/v2\/types\/product"}],"version-history":[{"count":1,"href":"https:\/\/yingmeipack.com\/de\/wp-json\/wp\/v2\/product\/1736\/revisions"}],"predecessor-version":[{"id":1742,"href":"https:\/\/yingmeipack.com\/de\/wp-json\/wp\/v2\/product\/1736\/revisions\/1742"}],"wp:featuredmedia":[{"embeddable":true,"href":"https:\/\/yingmeipack.com\/de\/wp-json\/wp\/v2\/media\/1737"}],"wp:attachment":[{"href":"https:\/\/yingmeipack.com\/de\/wp-json\/wp\/v2\/media?parent=1736"}],"wp:term":[{"taxonomy":"product_brand","embeddable":true,"href":"https:\/\/yingmeipack.com\/de\/wp-json\/wp\/v2\/product_brand?post=1736"},{"taxonomy":"product_cat","embeddable":true,"href":"https:\/\/yingmeipack.com\/de\/wp-json\/wp\/v2\/product_cat?post=1736"},{"taxonomy":"product_tag","embeddable":true,"href":"https:\/\/yingmeipack.com\/de\/wp-json\/wp\/v2\/product_tag?post=1736"}],"curies":[{"name":"wp","href":"https:\/\/api.w.org\/{rel}","templated":true}]}}