{"id":1682,"date":"2023-04-26T07:20:20","date_gmt":"2023-04-26T07:20:20","guid":{"rendered":"https:\/\/yingmeipack.com\/?post_type=product&#038;p=1682"},"modified":"2025-06-05T02:59:45","modified_gmt":"2025-06-05T02:59:45","slug":"custom-logo-aluminum-frosted-black-jar-with-embossed-logo-for-hair-wax-100g","status":"publish","type":"product","link":"https:\/\/yingmeipack.com\/de\/product\/custom-logo-aluminum-frosted-black-jar-with-embossed-logo-for-hair-wax-100g\/","title":{"rendered":"Custom Logo Aluminium gefrostet schwarz Glas mit gepr\u00e4gtem Logo f\u00fcr Haarwachs 100g"},"content":{"rendered":"","protected":false},"excerpt":{"rendered":"<p>Die Gr\u00f6\u00dfe dieses Aluminiumbeh\u00e4lters betr\u00e4gt 83*28 mm. Sie ist aus hochwertigem Aluminium gefertigt, leicht und dennoch haltbar, einfach zu transportieren, wenn Sie reisen. Der dicht verschlie\u00dfbare Schraubdeckel und die innere Schaumstoffeinlage verhindern das Risiko des Auslaufens oder Schmelzens und sch\u00fctzen Ihre Produkte vor Lichteinwirkung und hohen Temperaturen. Alle Kanten sind abgerundet und nahtlos geformt. Hervorragende Beh\u00e4lter f\u00fcr Lippenbalsam, Deocreme, Zahnpastatabs, Pillen, M\u00fcnzen, Kr\u00e4uter und vieles mehr. Die Kunden k\u00f6nnen alle Details nach ihren eigenen Anforderungen weiter anpassen.<\/p>\n<p>&nbsp;<\/p>","protected":false},"featured_media":1683,"template":"","meta":{"_kad_post_transparent":"default","_kad_post_title":"","_kad_post_layout":"default","_kad_post_sidebar_id":"","_kad_post_content_style":"default","_kad_post_vertical_padding":"default","_kad_post_feature":"","_kad_post_feature_position":"","_kad_post_header":false,"_kad_post_footer":false,"jetpack_publicize_message":"","jetpack_publicize_feature_enabled":true,"jetpack_social_post_already_shared":false,"jetpack_social_options":{"image_generator_settings":{"template":"highway","default_image_id":0,"enabled":false},"version":2}},"product_brand":[],"product_cat":[28,24,27],"product_tag":[101,107,106,108],"class_list":{"0":"post-1682","1":"product","2":"type-product","3":"status-publish","4":"has-post-thumbnail","6":"product_cat-aluminum-jars","7":"product_cat-jars","8":"product_cat-metal-jars","9":"product_tag-aluminum-jar-with-screw-lid","10":"product_tag-aluminum-tin-with-screw-lid","11":"product_tag-rose-gold-aluminum-jar","12":"product_tag-rose-gold-aluminum-tin","14":"first","15":"instock","16":"shipping-taxable","17":"purchasable","18":"product-type-simple","19":"entry","20":"content-bg","21":"loop-entry"},"aioseo_notices":[],"jetpack_publicize_connections":[],"jetpack_sharing_enabled":true,"_links":{"self":[{"href":"https:\/\/yingmeipack.com\/de\/wp-json\/wp\/v2\/product\/1682","targetHints":{"allow":["GET"]}}],"collection":[{"href":"https:\/\/yingmeipack.com\/de\/wp-json\/wp\/v2\/product"}],"about":[{"href":"https:\/\/yingmeipack.com\/de\/wp-json\/wp\/v2\/types\/product"}],"version-history":[{"count":1,"href":"https:\/\/yingmeipack.com\/de\/wp-json\/wp\/v2\/product\/1682\/revisions"}],"predecessor-version":[{"id":1688,"href":"https:\/\/yingmeipack.com\/de\/wp-json\/wp\/v2\/product\/1682\/revisions\/1688"}],"wp:featuredmedia":[{"embeddable":true,"href":"https:\/\/yingmeipack.com\/de\/wp-json\/wp\/v2\/media\/1683"}],"wp:attachment":[{"href":"https:\/\/yingmeipack.com\/de\/wp-json\/wp\/v2\/media?parent=1682"}],"wp:term":[{"taxonomy":"product_brand","embeddable":true,"href":"https:\/\/yingmeipack.com\/de\/wp-json\/wp\/v2\/product_brand?post=1682"},{"taxonomy":"product_cat","embeddable":true,"href":"https:\/\/yingmeipack.com\/de\/wp-json\/wp\/v2\/product_cat?post=1682"},{"taxonomy":"product_tag","embeddable":true,"href":"https:\/\/yingmeipack.com\/de\/wp-json\/wp\/v2\/product_tag?post=1682"}],"curies":[{"name":"wp","href":"https:\/\/api.w.org\/{rel}","templated":true}]}}