{"id":1674,"date":"2023-04-25T07:41:04","date_gmt":"2023-04-25T07:41:04","guid":{"rendered":"https:\/\/yingmeipack.com\/?post_type=product&#038;p=1674"},"modified":"2025-06-05T03:01:43","modified_gmt":"2025-06-05T03:01:43","slug":"high-quality-heart-shaped-candy-box-wholesale-wedding-gift-tin-box","status":"publish","type":"product","link":"https:\/\/yingmeipack.com\/de\/product\/high-quality-heart-shaped-candy-box-wholesale-wedding-gift-tin-box\/","title":{"rendered":"Hochwertige herzf\u00f6rmige S\u00fc\u00dfigkeiten-Box Gro\u00dfhandel Hochzeit Geschenk Zinn-Box"},"content":{"rendered":"","protected":false},"excerpt":{"rendered":"<p>Wir stellen Ihnen individuelle herzf\u00f6rmige Blechschachteln vor - die perfekte M\u00f6glichkeit, Ihren Verpackungen einen Hauch von Komfort und Stil zu verleihen. Diese stilvollen Dosen gibt es in verschiedenen Gr\u00f6\u00dfen und mit Scharnieren zum einfachen \u00d6ffnen und Schlie\u00dfen. Sie eignen sich perfekt f\u00fcr Geschenke, Kerzen, Kosmetika, Tee, Gew\u00fcrze und vieles mehr. Und sie sind ganz individuell gestaltbar, so dass Sie Ihre eigenen einzigartigen Drucke und Designs hinzuf\u00fcgen k\u00f6nnen.<\/p>\n<p>Langlebiges Wei\u00dfblechmaterial - Dicunoy leere Dosen sind aus hochwertigem Wei\u00dfblechmaterial, es ist schwer zu biegen von Hand, und sieht elegant in Ihrem Ort durch die silberne Oberfl\u00e4che.<br \/>\nKeine scharfen Kanten - Unsere leeren Metalldosenbeh\u00e4lter haben eine runde und glatte Kante, die das Risiko einer Besch\u00e4digung durch spitze Metallkanten verringert, und sind sicher im t\u00e4glichen Gebrauch.<br \/>\nVielf\u00e4ltige Einsatzm\u00f6glichkeiten - Unsere silbernen Blechdosen eignen sich hervorragend f\u00fcr selbstgemachte DIY-Projekte, Kerzenherstellung ohne Auslaufen, Hochzeitsgeschenke, S\u00fc\u00dfigkeiten, Schmuck, Schatzk\u00e4stchen, B\u00fcrobedarf oder Geschenke.<\/p>\n<p>&nbsp;<\/p>","protected":false},"featured_media":1675,"template":"","meta":{"_kad_post_transparent":"default","_kad_post_title":"","_kad_post_layout":"default","_kad_post_sidebar_id":"","_kad_post_content_style":"default","_kad_post_vertical_padding":"default","_kad_post_feature":"","_kad_post_feature_position":"","_kad_post_header":false,"_kad_post_footer":false,"jetpack_publicize_message":"","jetpack_publicize_feature_enabled":true,"jetpack_social_post_already_shared":false,"jetpack_social_options":{"image_generator_settings":{"template":"highway","default_image_id":0,"enabled":false},"version":2}},"product_brand":[],"product_cat":[48,24,27,29],"product_tag":[114,116,117,115],"class_list":{"0":"post-1674","1":"product","2":"type-product","3":"status-publish","4":"has-post-thumbnail","6":"product_cat-box","7":"product_cat-jars","8":"product_cat-metal-jars","9":"product_cat-tinplate-jars","10":"product_tag-custom-tin-boxes","11":"product_tag-lightweight-tin-boxes","12":"product_tag-metal-tin-box","13":"product_tag-square-tin-boxes","15":"first","16":"instock","17":"shipping-taxable","18":"purchasable","19":"product-type-simple","20":"entry","21":"content-bg","22":"loop-entry"},"aioseo_notices":[],"jetpack_publicize_connections":[],"jetpack_sharing_enabled":true,"_links":{"self":[{"href":"https:\/\/yingmeipack.com\/de\/wp-json\/wp\/v2\/product\/1674","targetHints":{"allow":["GET"]}}],"collection":[{"href":"https:\/\/yingmeipack.com\/de\/wp-json\/wp\/v2\/product"}],"about":[{"href":"https:\/\/yingmeipack.com\/de\/wp-json\/wp\/v2\/types\/product"}],"version-history":[{"count":1,"href":"https:\/\/yingmeipack.com\/de\/wp-json\/wp\/v2\/product\/1674\/revisions"}],"predecessor-version":[{"id":1681,"href":"https:\/\/yingmeipack.com\/de\/wp-json\/wp\/v2\/product\/1674\/revisions\/1681"}],"wp:featuredmedia":[{"embeddable":true,"href":"https:\/\/yingmeipack.com\/de\/wp-json\/wp\/v2\/media\/1675"}],"wp:attachment":[{"href":"https:\/\/yingmeipack.com\/de\/wp-json\/wp\/v2\/media?parent=1674"}],"wp:term":[{"taxonomy":"product_brand","embeddable":true,"href":"https:\/\/yingmeipack.com\/de\/wp-json\/wp\/v2\/product_brand?post=1674"},{"taxonomy":"product_cat","embeddable":true,"href":"https:\/\/yingmeipack.com\/de\/wp-json\/wp\/v2\/product_cat?post=1674"},{"taxonomy":"product_tag","embeddable":true,"href":"https:\/\/yingmeipack.com\/de\/wp-json\/wp\/v2\/product_tag?post=1674"}],"curies":[{"name":"wp","href":"https:\/\/api.w.org\/{rel}","templated":true}]}}