{"id":1618,"date":"2023-04-20T07:41:00","date_gmt":"2023-04-20T07:41:00","guid":{"rendered":"https:\/\/yingmeipack.com\/?post_type=product&#038;p=1618"},"modified":"2025-11-14T07:49:36","modified_gmt":"2025-11-14T07:49:36","slug":"eco-friendly-15ml-fresh-mint-green-aluminum-jar-metal-tin","status":"publish","type":"product","link":"https:\/\/yingmeipack.com\/de\/product\/eco-friendly-15ml-fresh-mint-green-aluminum-jar-metal-tin\/","title":{"rendered":"Eco-friendly 15ml Fresh Mint Green Aluminum Jar Metal Tin"},"content":{"rendered":"","protected":false},"excerpt":{"rendered":"<p>\u2714High Quality: 15ml Round Tin Cans are made of durable aluminum with secure threaded screw top lid to protect your products and prevent Leaks.These tins are made to be strong and durable have no sharp edges and are reusable making them eco friendly,safe to store items.<br \/>\n\u2714Smooth Edges: 15ML tin cans, have no sharp edges, these screw cans are safe to open and close.Easy and convenient to carry, enough to store different small items for quick and convenient accessgood for travel and business trip.<br \/>\n\u2714Mehrzweckig: Ideal f\u00fcr Ihre handgemachten Lippen- und K\u00f6rperbalsame, Handcremes und Salben, \u00e4therische \u00d6le, Salben, Heilkr\u00e4uter und Wachse, Gew\u00fcrze, Teelichter, Puder, losen Tee, Glitter, Potpourri, Ohrringe und andere kleine Schmuckst\u00fccke.<br \/>\n\u2714 Perfekt f\u00fcr DIY-Lippenbalsam, Pillen, Partygeschenke, Bonbons, Minze, Vitamine oder zum Verschenken. Leere Dosen haben mehrere DIY-Nutzungen. Leicht zu tragen und zu benutzen.<br \/>\nVerwenden Sie sie auf Ihrer Hochzeit, Ihrem Jahrestag, Ihrer Babyparty als perfekte kleine Geschenkverpackung f\u00fcr Ihre Bonbons, Pfefferminzbonbons oder selbstgemachte Pralinen, aber auch als Dekoration f\u00fcr Ihr Zimmer oder Ihren Schreibtisch.<\/p>","protected":false},"featured_media":1608,"template":"","meta":{"_kad_post_transparent":"default","_kad_post_title":"","_kad_post_layout":"default","_kad_post_sidebar_id":"","_kad_post_content_style":"default","_kad_post_vertical_padding":"default","_kad_post_feature":"","_kad_post_feature_position":"","_kad_post_header":false,"_kad_post_footer":false,"jetpack_publicize_message":"","jetpack_publicize_feature_enabled":true,"jetpack_social_post_already_shared":false,"jetpack_social_options":{"image_generator_settings":{"template":"highway","default_image_id":0,"enabled":false},"version":2}},"product_brand":[],"product_cat":[28,24,27],"product_tag":[282,283,281],"class_list":{"0":"post-1618","1":"product","2":"type-product","3":"status-publish","4":"has-post-thumbnail","6":"product_cat-aluminum-jars","7":"product_cat-jars","8":"product_cat-metal-jars","9":"product_tag-aluminum-jar","10":"product_tag-aluminum-wax-tins","11":"product_tag-empty-metal-cans","13":"first","14":"instock","15":"shipping-taxable","16":"purchasable","17":"product-type-simple","18":"entry","19":"content-bg","20":"loop-entry"},"aioseo_notices":[],"jetpack_publicize_connections":[],"jetpack_sharing_enabled":true,"_links":{"self":[{"href":"https:\/\/yingmeipack.com\/de\/wp-json\/wp\/v2\/product\/1618","targetHints":{"allow":["GET"]}}],"collection":[{"href":"https:\/\/yingmeipack.com\/de\/wp-json\/wp\/v2\/product"}],"about":[{"href":"https:\/\/yingmeipack.com\/de\/wp-json\/wp\/v2\/types\/product"}],"version-history":[{"count":2,"href":"https:\/\/yingmeipack.com\/de\/wp-json\/wp\/v2\/product\/1618\/revisions"}],"predecessor-version":[{"id":4469,"href":"https:\/\/yingmeipack.com\/de\/wp-json\/wp\/v2\/product\/1618\/revisions\/4469"}],"wp:featuredmedia":[{"embeddable":true,"href":"https:\/\/yingmeipack.com\/de\/wp-json\/wp\/v2\/media\/1608"}],"wp:attachment":[{"href":"https:\/\/yingmeipack.com\/de\/wp-json\/wp\/v2\/media?parent=1618"}],"wp:term":[{"taxonomy":"product_brand","embeddable":true,"href":"https:\/\/yingmeipack.com\/de\/wp-json\/wp\/v2\/product_brand?post=1618"},{"taxonomy":"product_cat","embeddable":true,"href":"https:\/\/yingmeipack.com\/de\/wp-json\/wp\/v2\/product_cat?post=1618"},{"taxonomy":"product_tag","embeddable":true,"href":"https:\/\/yingmeipack.com\/de\/wp-json\/wp\/v2\/product_tag?post=1618"}],"curies":[{"name":"wp","href":"https:\/\/api.w.org\/{rel}","templated":true}]}}