{"id":1582,"date":"2023-04-19T08:35:26","date_gmt":"2023-04-19T08:35:26","guid":{"rendered":"https:\/\/yingmeipack.com\/?post_type=product&#038;p=1582"},"modified":"2025-06-05T08:12:50","modified_gmt":"2025-06-05T08:12:50","slug":"custom-round-smooth-edge-aluminum-jar-can-for-candle-cosmetic","status":"publish","type":"product","link":"https:\/\/yingmeipack.com\/de\/product\/custom-round-smooth-edge-aluminum-jar-can-for-candle-cosmetic\/","title":{"rendered":"Benutzerdefinierte Runde glatten Rand Aluminium Jar Can f\u00fcr Kerze Kosmetik"},"content":{"rendered":"","protected":false},"excerpt":{"rendered":"<p>Sehr leicht und langlebig. Die Beh\u00e4lter sind auf der Innenseite mit EPA (Epoxy-Phenol*) beschichtet, so dass das Aluminium nicht direkt mit dem Produkt in Ber\u00fchrung kommt und somit keine M\u00f6glichkeit einer Reaktion oder Oxidation mit dem Produkt besteht.Nat\u00fcrlich sind denkende Aluminiumbeh\u00e4lter vollst\u00e4ndig wiederverwendbar und recycelbar und k\u00f6nnen mit Standard-Recyclinganlagen recycelt werden. Durch die EP-Beschichtung ist der Aluminiumbeh\u00e4lter f\u00fcr die meisten Produkttypen geeignet, einschlie\u00dflich Produkte auf Wasser-, \u00d6l- und L\u00f6sungsmittelbasis. Diese Aluminiumdose wird mit einem Aluminiumdeckel geliefert, der speziell f\u00fcr diese Dose hergestellt wurde, um einen luftdichten Verschluss zu gew\u00e4hrleisten. Aluminium ist vollst\u00e4ndig recycelbar und hat eine geringe W\u00e4rmeentwicklung. Das geringe Gewicht macht Aluminium ideal f\u00fcr den Transport. Aluminium laugt nicht aus, wenn es auf einer M\u00fclldeponie gelagert wird.<\/p>","protected":false},"featured_media":1583,"template":"","meta":{"_kad_post_transparent":"default","_kad_post_title":"","_kad_post_layout":"default","_kad_post_sidebar_id":"","_kad_post_content_style":"default","_kad_post_vertical_padding":"default","_kad_post_feature":"","_kad_post_feature_position":"","_kad_post_header":false,"_kad_post_footer":false,"jetpack_publicize_message":"","jetpack_publicize_feature_enabled":true,"jetpack_social_post_already_shared":false,"jetpack_social_options":{"image_generator_settings":{"template":"highway","default_image_id":0,"enabled":false},"version":2}},"product_brand":[],"product_cat":[28,24,27],"product_tag":[282,207,233],"class_list":{"0":"post-1582","1":"product","2":"type-product","3":"status-publish","4":"has-post-thumbnail","6":"product_cat-aluminum-jars","7":"product_cat-jars","8":"product_cat-metal-jars","9":"product_tag-aluminum-jar","10":"product_tag-round-aluminum-tins","11":"product_tag-screw-top-metal-containers","13":"first","14":"instock","15":"shipping-taxable","16":"purchasable","17":"product-type-simple","18":"entry","19":"content-bg","20":"loop-entry"},"aioseo_notices":[],"jetpack_publicize_connections":[],"jetpack_sharing_enabled":true,"_links":{"self":[{"href":"https:\/\/yingmeipack.com\/de\/wp-json\/wp\/v2\/product\/1582","targetHints":{"allow":["GET"]}}],"collection":[{"href":"https:\/\/yingmeipack.com\/de\/wp-json\/wp\/v2\/product"}],"about":[{"href":"https:\/\/yingmeipack.com\/de\/wp-json\/wp\/v2\/types\/product"}],"version-history":[{"count":1,"href":"https:\/\/yingmeipack.com\/de\/wp-json\/wp\/v2\/product\/1582\/revisions"}],"predecessor-version":[{"id":1589,"href":"https:\/\/yingmeipack.com\/de\/wp-json\/wp\/v2\/product\/1582\/revisions\/1589"}],"wp:featuredmedia":[{"embeddable":true,"href":"https:\/\/yingmeipack.com\/de\/wp-json\/wp\/v2\/media\/1583"}],"wp:attachment":[{"href":"https:\/\/yingmeipack.com\/de\/wp-json\/wp\/v2\/media?parent=1582"}],"wp:term":[{"taxonomy":"product_brand","embeddable":true,"href":"https:\/\/yingmeipack.com\/de\/wp-json\/wp\/v2\/product_brand?post=1582"},{"taxonomy":"product_cat","embeddable":true,"href":"https:\/\/yingmeipack.com\/de\/wp-json\/wp\/v2\/product_cat?post=1582"},{"taxonomy":"product_tag","embeddable":true,"href":"https:\/\/yingmeipack.com\/de\/wp-json\/wp\/v2\/product_tag?post=1582"}],"curies":[{"name":"wp","href":"https:\/\/api.w.org\/{rel}","templated":true}]}}