{"id":1574,"date":"2023-04-19T08:04:07","date_gmt":"2023-04-19T08:04:07","guid":{"rendered":"https:\/\/yingmeipack.com\/?post_type=product&#038;p=1574"},"modified":"2025-06-05T03:08:02","modified_gmt":"2025-06-05T03:08:02","slug":"120g-round-matte-black-aluminum-tin-metal-jar","status":"publish","type":"product","link":"https:\/\/yingmeipack.com\/de\/product\/120g-round-matte-black-aluminum-tin-metal-jar\/","title":{"rendered":"120g Rundes, mattschwarzes Aluminiumblechgef\u00e4\u00df"},"content":{"rendered":"","protected":false},"excerpt":{"rendered":"<p>\u2714Hochwertige Qualit\u00e4t: 4,2 Oz runde Dosen sind aus haltbarem Aluminium mit sicherem Schraubdeckel, um Ihre Produkte zu sch\u00fctzen und ein Auslaufen zu verhindern Diese Dosen sind stark und haltbar, haben keine scharfen Kanten und sind wiederverwendbar, so dass sie umweltfreundlich sind und sicher aufbewahrt werden k\u00f6nnen.<br \/>\n\u2714Glatte R\u00e4nder: 120ML Blechdosen, haben keine scharfen Kanten, diese Schraubdosen sind sicher zu \u00f6ffnen und zu schlie\u00dfen.einfach und bequem zu tragen, genug, um verschiedene kleine Gegenst\u00e4nde f\u00fcr den schnellen und bequemen Zugriff zu speichernGut f\u00fcr Reisen und Gesch\u00e4ftsreise.<br \/>\n\u2714Mehrzweckig: Ideal f\u00fcr Ihre handgemachten Lippen- und K\u00f6rperbalsame, Handcremes und Salben, \u00e4therische \u00d6le, Salben, Heilkr\u00e4uter und Wachse, Gew\u00fcrze, Teelichter, Puder, losen Tee, Glitter, Potpourri, Ohrringe und andere kleine Schmuckst\u00fccke.<br \/>\n\u2714 Perfekt f\u00fcr DIY-Lippenbalsam, Pillen, Partygeschenke, Bonbons, Minze, Vitamine oder zum Verschenken. Leere Dosen haben mehrere DIY-Nutzungen. Leicht zu tragen und zu benutzen.<br \/>\nVerwenden Sie sie auf Ihrer Hochzeit, Ihrem Jahrestag, Ihrer Babyparty als perfekte kleine Geschenkverpackung f\u00fcr Ihre Bonbons, Pfefferminzbonbons oder selbstgemachte Pralinen, aber auch als Dekoration f\u00fcr Ihr Zimmer oder Ihren Schreibtisch.<\/p>","protected":false},"featured_media":1575,"template":"","meta":{"_kad_post_transparent":"default","_kad_post_title":"","_kad_post_layout":"default","_kad_post_sidebar_id":"","_kad_post_content_style":"default","_kad_post_vertical_padding":"default","_kad_post_feature":"","_kad_post_feature_position":"","_kad_post_header":false,"_kad_post_footer":false,"jetpack_publicize_message":"","jetpack_publicize_feature_enabled":true,"jetpack_social_post_already_shared":false,"jetpack_social_options":{"image_generator_settings":{"template":"highway","default_image_id":0,"enabled":false},"version":2}},"product_brand":[],"product_cat":[28,24,27],"product_tag":[282,285,304],"class_list":{"0":"post-1574","1":"product","2":"type-product","3":"status-publish","4":"has-post-thumbnail","6":"product_cat-aluminum-jars","7":"product_cat-jars","8":"product_cat-metal-jars","9":"product_tag-aluminum-jar","10":"product_tag-aluminum-tin-can-with-slip-lid","11":"product_tag-matte-black-aluminum-tin-metal-jar","13":"first","14":"instock","15":"shipping-taxable","16":"purchasable","17":"product-type-simple","18":"entry","19":"content-bg","20":"loop-entry"},"aioseo_notices":[],"jetpack_publicize_connections":[],"jetpack_sharing_enabled":true,"_links":{"self":[{"href":"https:\/\/yingmeipack.com\/de\/wp-json\/wp\/v2\/product\/1574","targetHints":{"allow":["GET"]}}],"collection":[{"href":"https:\/\/yingmeipack.com\/de\/wp-json\/wp\/v2\/product"}],"about":[{"href":"https:\/\/yingmeipack.com\/de\/wp-json\/wp\/v2\/types\/product"}],"version-history":[{"count":1,"href":"https:\/\/yingmeipack.com\/de\/wp-json\/wp\/v2\/product\/1574\/revisions"}],"predecessor-version":[{"id":1581,"href":"https:\/\/yingmeipack.com\/de\/wp-json\/wp\/v2\/product\/1574\/revisions\/1581"}],"wp:featuredmedia":[{"embeddable":true,"href":"https:\/\/yingmeipack.com\/de\/wp-json\/wp\/v2\/media\/1575"}],"wp:attachment":[{"href":"https:\/\/yingmeipack.com\/de\/wp-json\/wp\/v2\/media?parent=1574"}],"wp:term":[{"taxonomy":"product_brand","embeddable":true,"href":"https:\/\/yingmeipack.com\/de\/wp-json\/wp\/v2\/product_brand?post=1574"},{"taxonomy":"product_cat","embeddable":true,"href":"https:\/\/yingmeipack.com\/de\/wp-json\/wp\/v2\/product_cat?post=1574"},{"taxonomy":"product_tag","embeddable":true,"href":"https:\/\/yingmeipack.com\/de\/wp-json\/wp\/v2\/product_tag?post=1574"}],"curies":[{"name":"wp","href":"https:\/\/api.w.org\/{rel}","templated":true}]}}