{"id":1534,"date":"2023-04-18T07:15:07","date_gmt":"2023-04-18T07:15:07","guid":{"rendered":"https:\/\/yingmeipack.com\/?post_type=product&#038;p=1534"},"modified":"2025-06-05T08:21:53","modified_gmt":"2025-06-05T08:21:53","slug":"cigarette-pack-tin-box-aluminum-candle-tin-window-cap-80ml","status":"publish","type":"product","link":"https:\/\/yingmeipack.com\/de\/product\/cigarette-pack-tin-box-aluminum-candle-tin-window-cap-80ml\/","title":{"rendered":"Zigarettenschachtel Dose Aluminium Kerze Dose Window Cap 80ml"},"content":{"rendered":"","protected":false},"excerpt":{"rendered":"<p>runde Blechdosen mit Fensterdeckeln.<br \/>\nFassungsverm\u00f6gen von jedem: 80ml. Jede Dose misst 60mm Durchmesser und 45mm H\u00f6he;<\/p>\n<p>Lebensmittelechtes Material - Diese Blechdosen mit Deckel sind aus BPA-freiem Wei\u00dfblech mit sch\u00f6ner geb\u00fcrsteter Oberfl\u00e4che, leicht und dennoch haltbar, k\u00f6nnen direkt mit Tee oder Lebensmitteln in Kontakt kommen. Nicht f\u00fcr den Ofen geeignet.<br \/>\nClear Window Top Design - Jeder Metalldosenbeh\u00e4lter ist mit einem durchsichtigen Deckel ausgestattet, der es einfach und bequem macht, den Inhalt zu erkennen, ohne ihn \u00f6ffnen zu m\u00fcssen, und der auch dazu beitr\u00e4gt, den Inhalt zu pr\u00e4sentieren.<br \/>\nEinfaches Bef\u00fcllen und Zugreifen - Die gro\u00dfe \u00d6ffnung erleichtert das Bef\u00fcllen und Sch\u00f6pfen aus diesen Blechdosen. Aufsteckbare Deckel, nicht schraubbar, leicht mit einer Hand zu \u00f6ffnen.<br \/>\nVielseitige Lebensmittelbeh\u00e4lter - Tosnail Zinn Lebensmittelbeh\u00e4lter sind perfekt f\u00fcr die Lagerung von losen Tee, Gew\u00fcrze, Kekse, Kaffee, S\u00fc\u00dfigkeiten, Kerzen, Perlen, Kn\u00f6pfe, und alle anderen Lebensmittel oder Handwerk. Sie k\u00f6nnen auch als Geschenkbox f\u00fcr Partybeg\u00fcnstigungen, Hochzeiten, Brautdusche, Gesch\u00e4ft, Weihnachten oder andere Feste verwendet werden.<\/p>","protected":false},"featured_media":1535,"template":"","meta":{"_kad_post_transparent":"default","_kad_post_title":"","_kad_post_layout":"default","_kad_post_sidebar_id":"","_kad_post_content_style":"default","_kad_post_vertical_padding":"default","_kad_post_feature":"","_kad_post_feature_position":"","_kad_post_header":false,"_kad_post_footer":false,"jetpack_publicize_message":"","jetpack_publicize_feature_enabled":true,"jetpack_social_post_already_shared":false,"jetpack_social_options":{"image_generator_settings":{"template":"highway","default_image_id":0,"enabled":false},"version":2}},"product_brand":[],"product_cat":[28,24,27],"product_tag":[282,252,283,281],"class_list":{"0":"post-1534","1":"product","2":"type-product","3":"status-publish","4":"has-post-thumbnail","6":"product_cat-aluminum-jars","7":"product_cat-jars","8":"product_cat-metal-jars","9":"product_tag-aluminum-jar","10":"product_tag-aluminum-round-tin","11":"product_tag-aluminum-wax-tins","12":"product_tag-empty-metal-cans","14":"first","15":"instock","16":"shipping-taxable","17":"purchasable","18":"product-type-simple","19":"entry","20":"content-bg","21":"loop-entry"},"aioseo_notices":[],"jetpack_publicize_connections":[],"jetpack_sharing_enabled":true,"_links":{"self":[{"href":"https:\/\/yingmeipack.com\/de\/wp-json\/wp\/v2\/product\/1534","targetHints":{"allow":["GET"]}}],"collection":[{"href":"https:\/\/yingmeipack.com\/de\/wp-json\/wp\/v2\/product"}],"about":[{"href":"https:\/\/yingmeipack.com\/de\/wp-json\/wp\/v2\/types\/product"}],"version-history":[{"count":1,"href":"https:\/\/yingmeipack.com\/de\/wp-json\/wp\/v2\/product\/1534\/revisions"}],"predecessor-version":[{"id":1541,"href":"https:\/\/yingmeipack.com\/de\/wp-json\/wp\/v2\/product\/1534\/revisions\/1541"}],"wp:featuredmedia":[{"embeddable":true,"href":"https:\/\/yingmeipack.com\/de\/wp-json\/wp\/v2\/media\/1535"}],"wp:attachment":[{"href":"https:\/\/yingmeipack.com\/de\/wp-json\/wp\/v2\/media?parent=1534"}],"wp:term":[{"taxonomy":"product_brand","embeddable":true,"href":"https:\/\/yingmeipack.com\/de\/wp-json\/wp\/v2\/product_brand?post=1534"},{"taxonomy":"product_cat","embeddable":true,"href":"https:\/\/yingmeipack.com\/de\/wp-json\/wp\/v2\/product_cat?post=1534"},{"taxonomy":"product_tag","embeddable":true,"href":"https:\/\/yingmeipack.com\/de\/wp-json\/wp\/v2\/product_tag?post=1534"}],"curies":[{"name":"wp","href":"https:\/\/api.w.org\/{rel}","templated":true}]}}