{"id":1414,"date":"2023-04-15T08:33:32","date_gmt":"2023-04-15T08:33:32","guid":{"rendered":"https:\/\/yingmeipack.com\/?post_type=product&#038;p=1414"},"modified":"2025-06-10T01:26:27","modified_gmt":"2025-06-10T01:26:27","slug":"empty-tin-jars-aluminum-cans-round-containers-for-candle","status":"publish","type":"product","link":"https:\/\/yingmeipack.com\/de\/product\/empty-tin-jars-aluminum-cans-round-containers-for-candle\/","title":{"rendered":"Leere kleine Wei\u00dfblechdosen runde Beh\u00e4lter f\u00fcr Kerze"},"content":{"rendered":"<p>&nbsp;<\/p>\n<p>&nbsp;<\/p>\n<p>&nbsp;<\/p>\n<p>&nbsp;<\/p>\n<p>&nbsp;<\/p>","protected":false},"excerpt":{"rendered":"<p>Gr\u00f6\u00dfe: dia3.8 Zoll \/80mm* h2.1 Zoll\/54mm, leicht und bequem, Mini runde Dose, k\u00f6nnen kleine Objekte, Ohrringe, etc. zu speichern, k\u00f6nnen S\u00fc\u00dfigkeiten Schmuck im Inneren als Geschenk, in der N\u00e4he Menschen, die kommen, um das Geschenk wird auf jeden Fall wie es.<\/p>\n<p>Multifunktionale runde Dose: Diese sch\u00f6ne kleine Kerzendose kann zur Aufbewahrung vieler Dinge verwendet werden, ideal f\u00fcr DIY-Kerzen, Kekse, S\u00fc\u00dfigkeiten, M\u00fcnzen, Ringe und kleine Gegenst\u00e4nde. Es kann auch als ein perfektes Geschenk f\u00fcr Ihre Familie oder Freunde mit Lippenbalsam, Gras-Creme, Beinwell-Creme und feste Aromatherapie Aufbewahrungsbeh\u00e4lter verwendet werden.<br \/>\nHochwertige Materialien: Dieses Kerzenglas ist aus Wei\u00dfblech gefertigt. Es ist sehr haltbar und langlebig. Die Oberfl\u00e4che ist glatt und umweltfreundlich. Es ist leicht zu reinigen. Es kann viele Male wiederverwendet werden, ohne dass es sich leicht verformt. Das schicke Druckmuster wird nicht verblassen. Es wird nicht gequetscht.<\/p>","protected":false},"featured_media":2152,"template":"","meta":{"_kad_post_transparent":"default","_kad_post_title":"","_kad_post_layout":"default","_kad_post_sidebar_id":"","_kad_post_content_style":"default","_kad_post_vertical_padding":"default","_kad_post_feature":"","_kad_post_feature_position":"","_kad_post_header":false,"_kad_post_footer":false,"jetpack_publicize_message":"","jetpack_publicize_feature_enabled":true,"jetpack_social_post_already_shared":false,"jetpack_social_options":{"image_generator_settings":{"template":"highway","default_image_id":0,"enabled":false},"version":2}},"product_brand":[],"product_cat":[28,48,24,27,29],"product_tag":[298,301,303,302],"class_list":{"0":"post-1414","1":"product","2":"type-product","3":"status-publish","4":"has-post-thumbnail","6":"product_cat-aluminum-jars","7":"product_cat-box","8":"product_cat-jars","9":"product_cat-metal-jars","10":"product_cat-tinplate-jars","11":"product_tag-candle-jars","12":"product_tag-empty-candle-tin","13":"product_tag-metal-jar-containers","14":"product_tag-tinplate-can","16":"first","17":"instock","18":"shipping-taxable","19":"purchasable","20":"product-type-simple","21":"entry","22":"content-bg","23":"loop-entry"},"aioseo_notices":[],"jetpack_publicize_connections":[],"jetpack_sharing_enabled":true,"_links":{"self":[{"href":"https:\/\/yingmeipack.com\/de\/wp-json\/wp\/v2\/product\/1414","targetHints":{"allow":["GET"]}}],"collection":[{"href":"https:\/\/yingmeipack.com\/de\/wp-json\/wp\/v2\/product"}],"about":[{"href":"https:\/\/yingmeipack.com\/de\/wp-json\/wp\/v2\/types\/product"}],"version-history":[{"count":4,"href":"https:\/\/yingmeipack.com\/de\/wp-json\/wp\/v2\/product\/1414\/revisions"}],"predecessor-version":[{"id":2153,"href":"https:\/\/yingmeipack.com\/de\/wp-json\/wp\/v2\/product\/1414\/revisions\/2153"}],"wp:featuredmedia":[{"embeddable":true,"href":"https:\/\/yingmeipack.com\/de\/wp-json\/wp\/v2\/media\/2152"}],"wp:attachment":[{"href":"https:\/\/yingmeipack.com\/de\/wp-json\/wp\/v2\/media?parent=1414"}],"wp:term":[{"taxonomy":"product_brand","embeddable":true,"href":"https:\/\/yingmeipack.com\/de\/wp-json\/wp\/v2\/product_brand?post=1414"},{"taxonomy":"product_cat","embeddable":true,"href":"https:\/\/yingmeipack.com\/de\/wp-json\/wp\/v2\/product_cat?post=1414"},{"taxonomy":"product_tag","embeddable":true,"href":"https:\/\/yingmeipack.com\/de\/wp-json\/wp\/v2\/product_tag?post=1414"}],"curies":[{"name":"wp","href":"https:\/\/api.w.org\/{rel}","templated":true}]}}