{"id":1407,"date":"2023-04-15T08:12:05","date_gmt":"2023-04-15T08:12:05","guid":{"rendered":"https:\/\/yingmeipack.com\/?post_type=product&#038;p=1407"},"modified":"2023-04-15T08:32:48","modified_gmt":"2023-04-15T08:32:48","slug":"biscuit-cake-tins-boxes-with-handle-for-gifts-tin-containers","status":"publish","type":"product","link":"https:\/\/yingmeipack.com\/de\/product\/biscuit-cake-tins-boxes-with-handle-for-gifts-tin-containers\/","title":{"rendered":"Biscuit Cake Tins Dosen Boxen mit Griff f\u00fcr Geschenke Dosenbeh\u00e4lter"},"content":{"rendered":"","protected":false},"excerpt":{"rendered":"<p>Unsere Oberfl\u00e4chentechnologie kann Siebdruck, Farbdruck, Pr\u00e4gung, Aush\u00f6hlung, Fenster\u00f6ffnung und andere Prozesse durchf\u00fchren, und die Farbe und Gr\u00f6\u00dfe k\u00f6nnen angepasst werden.<\/p>\n<ul class=\"a-unordered-list a-vertical a-spacing-mini\">\n<li>Perfekt f\u00fcr Weihnachten, Hochzeiten, Verlobung, Baby-Duschen, Geburtstagsfeier und viele andere Feiern oder Sammlungen. Leere Keksdosen sind aus hochwertigem Wei\u00dfblech gefertigt, mit weihnachtlichen Motiven, unterstreichen die festliche Atmosph\u00e4re<br \/>\nMode und zarte quadratische Bonbondose mit Weihnachtsmuster, Anzug f\u00fcr Weihnachten gut. Adorable Bonbonglas f\u00fcr Kinder, auch f\u00fcr Urlaub, Weihnachten, Geschenke<br \/>\nMulti-S\u00fc\u00dfigkeiten-Glas, das mit Geschenken, S\u00fc\u00dfigkeiten, Teebl\u00e4ttern usw. gef\u00fcllt werden kann. Kann als Lebensmittellagerung (Kekse, S\u00fc\u00dfigkeiten, Kekse, S\u00fc\u00dfigkeiten), Bastelzubeh\u00f6r Lagerung (Basteln), Urlaub Cookie Geschenke verwendet werden<br \/>\nNimmt dicken Wei\u00dfblech Material, angewandte fortschrittliche Technologie, die Verarbeitung ist ausgezeichnet. Perfekt f\u00fcr Geschenke, hausgemachte Kekse und Leckereien w\u00e4hrend der Feiertage, oder zu jeder Zeit des Jahres! Weihnachten Dosen f\u00fcr Kekse, S\u00fc\u00dfigkeiten Kekse oder andere Geschenke<br \/>\nGeeignet f\u00fcr kleine Geschenke, Kunsthandwerk, Schokolade, S\u00fc\u00dfigkeiten usw. Und machen Sie eine unvergessliche \u00dcberraschung f\u00fcr Ihre G\u00e4ste. Geeignet f\u00fcr Weihnachten, Neujahr, Boutique, Kaufh\u00e4user, Lebensmittelgesch\u00e4fte und alle Arten von Geschenkartikeln usw.<\/li>\n<\/ul>","protected":false},"featured_media":1408,"template":"","meta":{"_kad_post_transparent":"default","_kad_post_title":"","_kad_post_layout":"default","_kad_post_sidebar_id":"","_kad_post_content_style":"default","_kad_post_vertical_padding":"default","_kad_post_feature":"","_kad_post_feature_position":"","_kad_post_header":false,"_kad_post_footer":false,"jetpack_publicize_message":"","jetpack_publicize_feature_enabled":true,"jetpack_social_post_already_shared":false,"jetpack_social_options":{"image_generator_settings":{"template":"highway","default_image_id":0,"enabled":false},"version":2}},"product_brand":[],"product_cat":[28,48,24,27,29],"product_tag":[297,295,296],"class_list":{"0":"post-1407","1":"product","2":"type-product","3":"status-publish","4":"has-post-thumbnail","6":"product_cat-aluminum-jars","7":"product_cat-box","8":"product_cat-jars","9":"product_cat-metal-jars","10":"product_cat-tinplate-jars","11":"product_tag-container-canister-empty-bakery-treat-boxes","12":"product_tag-cookie-gift-tins-jars","13":"product_tag-tinplate-candy-box","15":"first","16":"instock","17":"shipping-taxable","18":"product-type-simple","19":"entry","20":"content-bg","21":"loop-entry"},"aioseo_notices":[],"jetpack_publicize_connections":[],"jetpack_sharing_enabled":true,"_links":{"self":[{"href":"https:\/\/yingmeipack.com\/de\/wp-json\/wp\/v2\/product\/1407","targetHints":{"allow":["GET"]}}],"collection":[{"href":"https:\/\/yingmeipack.com\/de\/wp-json\/wp\/v2\/product"}],"about":[{"href":"https:\/\/yingmeipack.com\/de\/wp-json\/wp\/v2\/types\/product"}],"version-history":[{"count":1,"href":"https:\/\/yingmeipack.com\/de\/wp-json\/wp\/v2\/product\/1407\/revisions"}],"predecessor-version":[{"id":1412,"href":"https:\/\/yingmeipack.com\/de\/wp-json\/wp\/v2\/product\/1407\/revisions\/1412"}],"wp:featuredmedia":[{"embeddable":true,"href":"https:\/\/yingmeipack.com\/de\/wp-json\/wp\/v2\/media\/1408"}],"wp:attachment":[{"href":"https:\/\/yingmeipack.com\/de\/wp-json\/wp\/v2\/media?parent=1407"}],"wp:term":[{"taxonomy":"product_brand","embeddable":true,"href":"https:\/\/yingmeipack.com\/de\/wp-json\/wp\/v2\/product_brand?post=1407"},{"taxonomy":"product_cat","embeddable":true,"href":"https:\/\/yingmeipack.com\/de\/wp-json\/wp\/v2\/product_cat?post=1407"},{"taxonomy":"product_tag","embeddable":true,"href":"https:\/\/yingmeipack.com\/de\/wp-json\/wp\/v2\/product_tag?post=1407"}],"curies":[{"name":"wp","href":"https:\/\/api.w.org\/{rel}","templated":true}]}}