{"id":1196,"date":"2023-04-12T02:59:06","date_gmt":"2023-04-12T02:59:06","guid":{"rendered":"https:\/\/yingmeipack.com\/?post_type=product&#038;p=1196"},"modified":"2025-06-05T08:47:26","modified_gmt":"2025-06-05T08:47:26","slug":"3oz-cosmetic-aluminum-tin-beard-oil-hair-wax-skin-care-cream","status":"publish","type":"product","link":"https:\/\/yingmeipack.com\/de\/product\/3oz-cosmetic-aluminum-tin-beard-oil-hair-wax-skin-care-cream\/","title":{"rendered":"3oz Cosmetic Aluminium Dose Bart\u00f6l Haar Wachs Hautpflege Creme"},"content":{"rendered":"","protected":false},"excerpt":{"rendered":"<ul class=\"a-unordered-list a-vertical a-spacing-mini\">\n<li><span class=\"a-list-item\">Paket Enth\u00e4lt: 90 Aluminium-Blechdosen mit Schraubdeckeln.<\/span><\/li>\n<li><span class=\"a-list-item\">Fassungsverm\u00f6gen: 3oz\/90ml, 68mm<\/span><span class=\"a-list-item\">\" Durchmesser x 42mm\" H\u00f6he.<\/span><\/li>\n<li><span class=\"a-list-item\">Material: Hergestellt aus hochwertigem Metall Aluminium, die Dose ist sch\u00f6n in der Form, leicht im Gewicht und dennoch langlebig, ungiftig, ohne eigenartigen Geruch und sicher in Kontakt mit Lebensmitteln.<\/span><\/li>\n<li><span class=\"a-list-item\">Luftdichtes Dichtungsdesign: Die Metall-Aluminium-Dose nimmt eine dicht verschlossene Schraube Twist Deckel Struktur, die effektiv zu vermeiden Leckage. Sie k\u00f6nnen sie f\u00fcr alle Arten von Lagerung verwenden, ohne sich Gedanken \u00fcber Lecks zu machen.<\/span><\/li>\n<li><span class=\"a-list-item\">Mehrere Anwendungen: Diese leeren Aluminiumdosen k\u00f6nnen zur Herstellung von Kerzen oder zur Aufbewahrung von DIY-Salben, Lotionstiften, Cremes, Salben, Bartbalsam, Balsam, Proben, Teebl\u00e4ttern, Kerzen, Perlen usw. verwendet werden, um Ihren verschiedenen Bed\u00fcrfnissen gerecht zu werden. Diese kleinen Blechdosen sind auch f\u00fcr Reisen unverzichtbar.<\/span><\/li>\n<\/ul>","protected":false},"featured_media":1197,"template":"","meta":{"_kad_post_transparent":"default","_kad_post_title":"","_kad_post_layout":"default","_kad_post_sidebar_id":"","_kad_post_content_style":"default","_kad_post_vertical_padding":"default","_kad_post_feature":"","_kad_post_feature_position":"","_kad_post_header":false,"_kad_post_footer":false,"jetpack_publicize_message":"","jetpack_publicize_feature_enabled":true,"jetpack_social_post_already_shared":false,"jetpack_social_options":{"image_generator_settings":{"template":"highway","default_image_id":0,"enabled":false},"version":2}},"product_brand":[],"product_cat":[28,24,27],"product_tag":[282,283,281],"class_list":{"0":"post-1196","1":"product","2":"type-product","3":"status-publish","4":"has-post-thumbnail","6":"product_cat-aluminum-jars","7":"product_cat-jars","8":"product_cat-metal-jars","9":"product_tag-aluminum-jar","10":"product_tag-aluminum-wax-tins","11":"product_tag-empty-metal-cans","13":"first","14":"instock","15":"shipping-taxable","16":"purchasable","17":"product-type-simple","18":"entry","19":"content-bg","20":"loop-entry"},"aioseo_notices":[],"jetpack_publicize_connections":[],"jetpack_sharing_enabled":true,"_links":{"self":[{"href":"https:\/\/yingmeipack.com\/de\/wp-json\/wp\/v2\/product\/1196","targetHints":{"allow":["GET"]}}],"collection":[{"href":"https:\/\/yingmeipack.com\/de\/wp-json\/wp\/v2\/product"}],"about":[{"href":"https:\/\/yingmeipack.com\/de\/wp-json\/wp\/v2\/types\/product"}],"version-history":[{"count":1,"href":"https:\/\/yingmeipack.com\/de\/wp-json\/wp\/v2\/product\/1196\/revisions"}],"predecessor-version":[{"id":1202,"href":"https:\/\/yingmeipack.com\/de\/wp-json\/wp\/v2\/product\/1196\/revisions\/1202"}],"wp:featuredmedia":[{"embeddable":true,"href":"https:\/\/yingmeipack.com\/de\/wp-json\/wp\/v2\/media\/1197"}],"wp:attachment":[{"href":"https:\/\/yingmeipack.com\/de\/wp-json\/wp\/v2\/media?parent=1196"}],"wp:term":[{"taxonomy":"product_brand","embeddable":true,"href":"https:\/\/yingmeipack.com\/de\/wp-json\/wp\/v2\/product_brand?post=1196"},{"taxonomy":"product_cat","embeddable":true,"href":"https:\/\/yingmeipack.com\/de\/wp-json\/wp\/v2\/product_cat?post=1196"},{"taxonomy":"product_tag","embeddable":true,"href":"https:\/\/yingmeipack.com\/de\/wp-json\/wp\/v2\/product_tag?post=1196"}],"curies":[{"name":"wp","href":"https:\/\/api.w.org\/{rel}","templated":true}]}}