{"id":1120,"date":"2023-04-11T02:25:16","date_gmt":"2023-04-11T02:25:16","guid":{"rendered":"https:\/\/yingmeipack.com\/?post_type=product&#038;p=1120"},"modified":"2025-06-05T09:00:16","modified_gmt":"2025-06-05T09:00:16","slug":"20g-empty-round-metal-tin-aluminum-candle-jar-with-slip-lid","status":"publish","type":"product","link":"https:\/\/yingmeipack.com\/de\/product\/20g-empty-round-metal-tin-aluminum-candle-jar-with-slip-lid\/","title":{"rendered":"25g Leere Runde Metall Zinn Aluminium Kerze Glas mit Slip-Deckel"},"content":{"rendered":"","protected":false},"excerpt":{"rendered":"<ul class=\"a-unordered-list a-vertical a-spacing-mini\">\n<li><span class=\"a-list-item\">Makeup Ruond Cream Container: Diese Geschenkboxen sind langlebig, verschlei\u00dffest und sturzsicher. Eine Verpackungsbox f\u00fcr Weihnachten, Geburtstag, Hochzeit,<\/span><\/li>\n<li><span class=\"a-list-item\">Aluminium Runde Kerze Dose: Die Blechdose ist ein leerer Beh\u00e4lter mit rundem Design, die das Risiko von spitzen verletzen Menschen, einfach und Sicherheit zu \u00f6ffnen und zu schlie\u00dfen reduzieren kann.<\/span><\/li>\n<li><span class=\"a-list-item\">Runde Metalldosen: Sie k\u00f6nnen f\u00fcr die Verpackung Boxen wie Tee-Boxen, S\u00fc\u00dfigkeiten-Boxen, Schmuck-Boxen werden,<\/span><\/li>\n<li><span class=\"a-list-item\">Teeblatt-Dosen: Hergestellt aus Aluminium, nicht leicht zu bekommen gebrochen, die Sie eine Zeit lang dienen wird, haben sie glatte Oberfl\u00e4che, die zusammen f\u00fcr den bequemen Einsatz platziert werden k\u00f6nnen.<\/span><\/li>\n<li><span class=\"a-list-item\">Kosmetische Probenbeh\u00e4lter: Nahtlose Konstruktion, langlebig, leicht zu tragen und zu verwenden. DIY Kerze machen Projekte.<\/span><\/li>\n<\/ul>\n<p>Dieser Schraubdeckel-Aluminiumbeh\u00e4lter ist aus lebensmittelechten Materialien hergestellt und hat eine Gr\u00f6\u00dfe von 45*18*0,3 mm. Bulk-Pack erf\u00fcllt Ihre Mehrzweck-Anwendungen. Dicht verschlossener Schraubdeckel mit einem Schaumstoffpolster unter dem Innendeckel, das ein Auslaufen effektiv verhindern kann. Hergestellt aus Aluminium, leicht, aber langlebig, einfach zu tragen. Diese Blechdosen haben keine scharfen Kanten, alle Kanten sind abgerundet und nahtlos geformt. Das Material kann recycelt oder wiederverwendet werden. Tolle Beh\u00e4lter f\u00fcr Lippenbalsam, Lipgloss, Cremes, Kosmetika, Salbe, Pillen, Perlen, Schrauben, Bonbons, Kn\u00f6pfe, M\u00fcnzen, Kr\u00e4uter, Tee, Kerzen und vieles mehr. Sie eignen sich auch zur Aufbewahrung von Schleim, zur Herstellung von Kerzen und zum Basteln.<\/p>","protected":false},"featured_media":1121,"template":"","meta":{"_kad_post_transparent":"default","_kad_post_title":"","_kad_post_layout":"default","_kad_post_sidebar_id":"","_kad_post_content_style":"default","_kad_post_vertical_padding":"default","_kad_post_feature":"","_kad_post_feature_position":"","_kad_post_header":false,"_kad_post_footer":false,"jetpack_publicize_message":"","jetpack_publicize_feature_enabled":true,"jetpack_social_post_already_shared":false,"jetpack_social_options":{"image_generator_settings":{"template":"highway","default_image_id":0,"enabled":false},"version":2}},"product_brand":[],"product_cat":[28,24,27],"product_tag":[291,282,283,281],"class_list":{"0":"post-1120","1":"product","2":"type-product","3":"status-publish","4":"has-post-thumbnail","6":"product_cat-aluminum-jars","7":"product_cat-jars","8":"product_cat-metal-jars","9":"product_tag-20g-aluminum-jar","10":"product_tag-aluminum-jar","11":"product_tag-aluminum-wax-tins","12":"product_tag-empty-metal-cans","14":"first","15":"instock","16":"shipping-taxable","17":"purchasable","18":"product-type-simple","19":"entry","20":"content-bg","21":"loop-entry"},"aioseo_notices":[],"jetpack_publicize_connections":[],"jetpack_sharing_enabled":true,"_links":{"self":[{"href":"https:\/\/yingmeipack.com\/de\/wp-json\/wp\/v2\/product\/1120","targetHints":{"allow":["GET"]}}],"collection":[{"href":"https:\/\/yingmeipack.com\/de\/wp-json\/wp\/v2\/product"}],"about":[{"href":"https:\/\/yingmeipack.com\/de\/wp-json\/wp\/v2\/types\/product"}],"version-history":[{"count":3,"href":"https:\/\/yingmeipack.com\/de\/wp-json\/wp\/v2\/product\/1120\/revisions"}],"predecessor-version":[{"id":1749,"href":"https:\/\/yingmeipack.com\/de\/wp-json\/wp\/v2\/product\/1120\/revisions\/1749"}],"wp:featuredmedia":[{"embeddable":true,"href":"https:\/\/yingmeipack.com\/de\/wp-json\/wp\/v2\/media\/1121"}],"wp:attachment":[{"href":"https:\/\/yingmeipack.com\/de\/wp-json\/wp\/v2\/media?parent=1120"}],"wp:term":[{"taxonomy":"product_brand","embeddable":true,"href":"https:\/\/yingmeipack.com\/de\/wp-json\/wp\/v2\/product_brand?post=1120"},{"taxonomy":"product_cat","embeddable":true,"href":"https:\/\/yingmeipack.com\/de\/wp-json\/wp\/v2\/product_cat?post=1120"},{"taxonomy":"product_tag","embeddable":true,"href":"https:\/\/yingmeipack.com\/de\/wp-json\/wp\/v2\/product_tag?post=1120"}],"curies":[{"name":"wp","href":"https:\/\/api.w.org\/{rel}","templated":true}]}}