{"id":1111,"date":"2023-04-10T09:46:06","date_gmt":"2023-04-10T09:46:06","guid":{"rendered":"https:\/\/yingmeipack.com\/?post_type=product&#038;p=1111"},"modified":"2025-06-05T09:03:15","modified_gmt":"2025-06-05T09:03:15","slug":"20g-round-edge-small-lip-balm-jar-silver-aluminum-tin-box","status":"publish","type":"product","link":"https:\/\/yingmeipack.com\/de\/product\/20g-round-edge-small-lip-balm-jar-silver-aluminum-tin-box\/","title":{"rendered":"20g Runde Rand kleine Lippenbalsam Glas Silber Aluminium Zinn Box"},"content":{"rendered":"","protected":false},"excerpt":{"rendered":"<p>Dieser Schraubdeckel-Aluminiumbeh\u00e4lter ist aus lebensmittelechten Materialien hergestellt und hat eine Gr\u00f6\u00dfe von 42*18*0,3 mm. Bulk-Pack erf\u00fcllt Ihre Mehrzweck-Anwendungen. Dicht verschlossener Schraubdeckel mit einem Schaumstoffpolster unter dem Innendeckel, das ein Auslaufen effektiv verhindern kann. Hergestellt aus Aluminium, leicht, aber langlebig, einfach zu tragen. Diese Blechdosen haben keine scharfen Kanten, alle Kanten sind abgerundet und nahtlos geformt. Das Material kann recycelt oder wiederverwendet werden. Tolle Beh\u00e4lter f\u00fcr Lippenbalsam, Lipgloss, Cremes, Kosmetika, Salbe, Pillen, Perlen, Schrauben, Bonbons, Kn\u00f6pfe, M\u00fcnzen, Kr\u00e4uter, Tee, Kerzen und vieles mehr. Sie eignen sich auch zur Aufbewahrung von Schleim, zur Herstellung von Kerzen und zum Basteln.<\/p>","protected":false},"featured_media":1112,"template":"","meta":{"_kad_post_transparent":"default","_kad_post_title":"","_kad_post_layout":"default","_kad_post_sidebar_id":"","_kad_post_content_style":"default","_kad_post_vertical_padding":"default","_kad_post_feature":"","_kad_post_feature_position":"","_kad_post_header":false,"_kad_post_footer":false,"jetpack_publicize_message":"","jetpack_publicize_feature_enabled":true,"jetpack_social_post_already_shared":false,"jetpack_social_options":{"image_generator_settings":{"template":"highway","default_image_id":0,"enabled":false},"version":2}},"product_brand":[],"product_cat":[28,24,27],"product_tag":[291,282,283,281],"class_list":{"0":"post-1111","1":"product","2":"type-product","3":"status-publish","4":"has-post-thumbnail","6":"product_cat-aluminum-jars","7":"product_cat-jars","8":"product_cat-metal-jars","9":"product_tag-20g-aluminum-jar","10":"product_tag-aluminum-jar","11":"product_tag-aluminum-wax-tins","12":"product_tag-empty-metal-cans","14":"first","15":"instock","16":"shipping-taxable","17":"purchasable","18":"product-type-simple","19":"entry","20":"content-bg","21":"loop-entry"},"aioseo_notices":[],"jetpack_publicize_connections":[],"jetpack_sharing_enabled":true,"_links":{"self":[{"href":"https:\/\/yingmeipack.com\/de\/wp-json\/wp\/v2\/product\/1111","targetHints":{"allow":["GET"]}}],"collection":[{"href":"https:\/\/yingmeipack.com\/de\/wp-json\/wp\/v2\/product"}],"about":[{"href":"https:\/\/yingmeipack.com\/de\/wp-json\/wp\/v2\/types\/product"}],"version-history":[{"count":1,"href":"https:\/\/yingmeipack.com\/de\/wp-json\/wp\/v2\/product\/1111\/revisions"}],"predecessor-version":[{"id":1119,"href":"https:\/\/yingmeipack.com\/de\/wp-json\/wp\/v2\/product\/1111\/revisions\/1119"}],"wp:featuredmedia":[{"embeddable":true,"href":"https:\/\/yingmeipack.com\/de\/wp-json\/wp\/v2\/media\/1112"}],"wp:attachment":[{"href":"https:\/\/yingmeipack.com\/de\/wp-json\/wp\/v2\/media?parent=1111"}],"wp:term":[{"taxonomy":"product_brand","embeddable":true,"href":"https:\/\/yingmeipack.com\/de\/wp-json\/wp\/v2\/product_brand?post=1111"},{"taxonomy":"product_cat","embeddable":true,"href":"https:\/\/yingmeipack.com\/de\/wp-json\/wp\/v2\/product_cat?post=1111"},{"taxonomy":"product_tag","embeddable":true,"href":"https:\/\/yingmeipack.com\/de\/wp-json\/wp\/v2\/product_tag?post=1111"}],"curies":[{"name":"wp","href":"https:\/\/api.w.org\/{rel}","templated":true}]}}