{"id":45,"date":"2022-11-13T05:48:29","date_gmt":"2022-11-13T05:48:29","guid":{"rendered":"https:\/\/yingmeipack.com\/?page_id=45"},"modified":"2022-11-29T15:48:41","modified_gmt":"2022-11-29T15:48:41","slug":"about-us","status":"publish","type":"page","link":"https:\/\/yingmeipack.com\/de\/about-us\/","title":{"rendered":"\u00dcber uns"},"content":{"rendered":"<div data-elementor-type=\"wp-page\" data-elementor-id=\"45\" class=\"elementor elementor-45\">\n\t\t\t\t\t\t<section class=\"elementor-section elementor-top-section elementor-element elementor-element-6a492f21 elementor-section-height-min-height elementor-section-boxed elementor-section-height-default elementor-section-items-middle\" data-id=\"6a492f21\" data-element_type=\"section\" data-settings=\"{&quot;background_background&quot;:&quot;classic&quot;,&quot;ekit_has_onepagescroll_dot&quot;:&quot;yes&quot;}\">\n\t\t\t\t\t\t\t<div class=\"elementor-background-overlay\"><\/div>\n\t\t\t\t\t\t\t<div class=\"elementor-container elementor-column-gap-default\">\n\t\t\t\t\t<div class=\"elementor-column elementor-col-100 elementor-top-column elementor-element elementor-element-40462ad1\" data-id=\"40462ad1\" data-element_type=\"column\">\n\t\t\t<div class=\"elementor-widget-wrap elementor-element-populated\">\n\t\t\t\t\t\t<div class=\"elementor-element elementor-element-4cc12622 elementor-widget elementor-widget-heading\" data-id=\"4cc12622\" data-element_type=\"widget\" data-settings=\"{&quot;ekit_we_effect_on&quot;:&quot;none&quot;}\" data-widget_type=\"heading.default\">\n\t\t\t\t<div class=\"elementor-widget-container\">\n\t\t\t\t\t<h2 class=\"elementor-heading-title elementor-size-default\">\u00dcber uns<\/h2>\t\t\t\t<\/div>\n\t\t\t\t<\/div>\n\t\t\t\t<section class=\"elementor-section elementor-inner-section elementor-element elementor-element-46a084f3 elementor-section-boxed elementor-section-height-default elementor-section-height-default\" data-id=\"46a084f3\" data-element_type=\"section\" data-settings=\"{&quot;ekit_has_onepagescroll_dot&quot;:&quot;yes&quot;}\">\n\t\t\t\t\t\t<div class=\"elementor-container elementor-column-gap-default\">\n\t\t\t\t\t<div class=\"elementor-column elementor-col-33 elementor-inner-column elementor-element elementor-element-6d551891\" data-id=\"6d551891\" data-element_type=\"column\">\n\t\t\t<div class=\"elementor-widget-wrap elementor-element-populated\">\n\t\t\t\t\t\t<div class=\"elementor-element elementor-element-5f96ffd1 elementor-widget-divider--view-line elementor-widget elementor-widget-divider\" data-id=\"5f96ffd1\" data-element_type=\"widget\" data-settings=\"{&quot;ekit_we_effect_on&quot;:&quot;none&quot;}\" data-widget_type=\"divider.default\">\n\t\t\t\t<div class=\"elementor-widget-container\">\n\t\t\t\t\t\t\t<div class=\"elementor-divider\">\n\t\t\t<span class=\"elementor-divider-separator\">\n\t\t\t\t\t\t<\/span>\n\t\t<\/div>\n\t\t\t\t\t\t<\/div>\n\t\t\t\t<\/div>\n\t\t\t\t\t<\/div>\n\t\t<\/div>\n\t\t\t\t<div class=\"elementor-column elementor-col-33 elementor-inner-column elementor-element elementor-element-4ff8bb25\" data-id=\"4ff8bb25\" data-element_type=\"column\">\n\t\t\t<div class=\"elementor-widget-wrap elementor-element-populated\">\n\t\t\t\t\t\t<div class=\"elementor-element elementor-element-3f06cb94 elementor-widget elementor-widget-heading\" data-id=\"3f06cb94\" data-element_type=\"widget\" data-settings=\"{&quot;ekit_we_effect_on&quot;:&quot;none&quot;}\" data-widget_type=\"heading.default\">\n\t\t\t\t<div class=\"elementor-widget-container\">\n\t\t\t\t\t<h3 class=\"elementor-heading-title elementor-size-default\">Video-Galerie<\/h3>\t\t\t\t<\/div>\n\t\t\t\t<\/div>\n\t\t\t\t\t<\/div>\n\t\t<\/div>\n\t\t\t\t<div class=\"elementor-column elementor-col-33 elementor-inner-column elementor-element elementor-element-15af41ac\" data-id=\"15af41ac\" data-element_type=\"column\">\n\t\t\t<div class=\"elementor-widget-wrap elementor-element-populated\">\n\t\t\t\t\t\t<div class=\"elementor-element elementor-element-77bd1b07 elementor-widget-divider--view-line elementor-widget elementor-widget-divider\" data-id=\"77bd1b07\" data-element_type=\"widget\" data-settings=\"{&quot;ekit_we_effect_on&quot;:&quot;none&quot;}\" data-widget_type=\"divider.default\">\n\t\t\t\t<div class=\"elementor-widget-container\">\n\t\t\t\t\t\t\t<div class=\"elementor-divider\">\n\t\t\t<span class=\"elementor-divider-separator\">\n\t\t\t\t\t\t<\/span>\n\t\t<\/div>\n\t\t\t\t\t\t<\/div>\n\t\t\t\t<\/div>\n\t\t\t\t\t<\/div>\n\t\t<\/div>\n\t\t\t\t\t<\/div>\n\t\t<\/section>\n\t\t\t\t<div class=\"elementor-element elementor-element-2d8c243c elementor-widget elementor-widget-spacer\" data-id=\"2d8c243c\" data-element_type=\"widget\" data-settings=\"{&quot;ekit_we_effect_on&quot;:&quot;none&quot;}\" data-widget_type=\"spacer.default\">\n\t\t\t\t<div class=\"elementor-widget-container\">\n\t\t\t\t\t\t\t<div class=\"elementor-spacer\">\n\t\t\t<div class=\"elementor-spacer-inner\"><\/div>\n\t\t<\/div>\n\t\t\t\t\t\t<\/div>\n\t\t\t\t<\/div>\n\t\t\t\t\t<\/div>\n\t\t<\/div>\n\t\t\t\t\t<\/div>\n\t\t<\/section>\n\t\t\t\t<section class=\"elementor-section elementor-top-section elementor-element elementor-element-209fbe52 elementor-section-boxed elementor-section-height-default elementor-section-height-default\" data-id=\"209fbe52\" data-element_type=\"section\" data-settings=\"{&quot;ekit_has_onepagescroll_dot&quot;:&quot;yes&quot;}\">\n\t\t\t\t\t\t<div class=\"elementor-container elementor-column-gap-default\">\n\t\t\t\t\t<div class=\"elementor-column elementor-col-100 elementor-top-column elementor-element elementor-element-4af4ef2f\" data-id=\"4af4ef2f\" data-element_type=\"column\">\n\t\t\t<div class=\"elementor-widget-wrap elementor-element-populated\">\n\t\t\t\t\t\t<div class=\"elementor-element elementor-element-15acbc7d elementor-widget elementor-widget-video\" data-id=\"15acbc7d\" data-element_type=\"widget\" data-settings=\"{&quot;youtube_url&quot;:&quot;https:\\\/\\\/www.youtube.com\\\/watch?v=L5Vm7Tp8pTI&quot;,&quot;end&quot;:300,&quot;yt_privacy&quot;:&quot;yes&quot;,&quot;show_image_overlay&quot;:&quot;yes&quot;,&quot;image_overlay&quot;:{&quot;url&quot;:&quot;http:\\\/\\\/yingmeipack.com\\\/wp-content\\\/uploads\\\/2022\\\/11\\\/Aluminum-Jars-Factory-1.jpg&quot;,&quot;id&quot;:152,&quot;size&quot;:&quot;&quot;,&quot;alt&quot;:&quot;Aluminum Jars Factory&quot;,&quot;source&quot;:&quot;library&quot;},&quot;video_type&quot;:&quot;youtube&quot;,&quot;controls&quot;:&quot;yes&quot;,&quot;ekit_we_effect_on&quot;:&quot;none&quot;}\" data-widget_type=\"video.default\">\n\t\t\t\t<div class=\"elementor-widget-container\">\n\t\t\t\t\t\t\t<div class=\"elementor-wrapper elementor-open-inline\">\n\t\t\t<div class=\"elementor-video\"><\/div>\t\t\t\t<div class=\"elementor-custom-embed-image-overlay\" style=\"background-image: url(https:\/\/yingmeipack.com\/wp-content\/uploads\/2022\/11\/Aluminum-Jars-Factory-1.jpg);\">\n\t\t\t\t\t\t\t\t\t\t\t\t\t\t\t\t<div class=\"elementor-custom-embed-play\" role=\"button\" aria-label=\"Play Video about Aluminum Jars Factory\" tabindex=\"0\">\n\t\t\t\t\t\t\t<i aria-hidden=\"true\" class=\"eicon-play\"><\/i>\t\t\t\t\t\t<\/div>\n\t\t\t\t\t\t\t\t\t<\/div>\n\t\t\t\t\t<\/div>\n\t\t\t\t\t\t<\/div>\n\t\t\t\t<\/div>\n\t\t\t\t\t<\/div>\n\t\t<\/div>\n\t\t\t\t\t<\/div>\n\t\t<\/section>\n\t\t\t\t<section class=\"elementor-section elementor-top-section elementor-element elementor-element-37da12d2 elementor-section-height-min-height elementor-section-boxed elementor-section-height-default elementor-section-items-middle\" data-id=\"37da12d2\" data-element_type=\"section\" data-settings=\"{&quot;ekit_has_onepagescroll_dot&quot;:&quot;yes&quot;}\">\n\t\t\t\t\t\t\t<div class=\"elementor-background-overlay\"><\/div>\n\t\t\t\t\t\t\t<div class=\"elementor-container elementor-column-gap-default\">\n\t\t\t\t\t<div class=\"elementor-column elementor-col-100 elementor-top-column elementor-element elementor-element-6d2d7eda\" data-id=\"6d2d7eda\" data-element_type=\"column\">\n\t\t\t<div class=\"elementor-widget-wrap elementor-element-populated\">\n\t\t\t\t\t\t<section class=\"elementor-section elementor-inner-section elementor-element elementor-element-4194e474 elementor-section-boxed elementor-section-height-default elementor-section-height-default\" data-id=\"4194e474\" data-element_type=\"section\" data-settings=\"{&quot;ekit_has_onepagescroll_dot&quot;:&quot;yes&quot;}\">\n\t\t\t\t\t\t<div class=\"elementor-container elementor-column-gap-default\">\n\t\t\t\t\t<div class=\"elementor-column elementor-col-50 elementor-inner-column elementor-element elementor-element-9ab2e63\" data-id=\"9ab2e63\" data-element_type=\"column\">\n\t\t\t<div class=\"elementor-widget-wrap elementor-element-populated\">\n\t\t\t\t\t\t<div class=\"elementor-element elementor-element-474cfec4 elementor-widget elementor-widget-image\" data-id=\"474cfec4\" data-element_type=\"widget\" data-settings=\"{&quot;ekit_we_effect_on&quot;:&quot;none&quot;}\" data-widget_type=\"image.default\">\n\t\t\t\t<div class=\"elementor-widget-container\">\n\t\t\t\t\t\t\t\t\t\t\t\t\t\t\t<img fetchpriority=\"high\" decoding=\"async\" width=\"1000\" height=\"750\" src=\"https:\/\/yingmeipack.com\/wp-content\/uploads\/2022\/11\/aluminum-jars-and-tins-factory-02.jpg\" class=\"elementor-animation-hang attachment-large size-large wp-image-167\" alt=\"Aluminium Gl\u00e4ser und Dosen Fabrik\" srcset=\"https:\/\/yingmeipack.com\/wp-content\/uploads\/2022\/11\/aluminum-jars-and-tins-factory-02.jpg 1000w, https:\/\/yingmeipack.com\/wp-content\/uploads\/2022\/11\/aluminum-jars-and-tins-factory-02-300x225.jpg 300w, https:\/\/yingmeipack.com\/wp-content\/uploads\/2022\/11\/aluminum-jars-and-tins-factory-02-768x576.jpg 768w, https:\/\/yingmeipack.com\/wp-content\/uploads\/2022\/11\/aluminum-jars-and-tins-factory-02-600x450.jpg 600w\" sizes=\"(max-width: 1000px) 100vw, 1000px\" \/>\t\t\t\t\t\t\t\t\t\t\t\t\t\t\t<\/div>\n\t\t\t\t<\/div>\n\t\t\t\t\t<\/div>\n\t\t<\/div>\n\t\t\t\t<div class=\"elementor-column elementor-col-50 elementor-inner-column elementor-element elementor-element-27d6fec4\" data-id=\"27d6fec4\" data-element_type=\"column\" data-settings=\"{&quot;background_background&quot;:&quot;classic&quot;}\">\n\t\t\t<div class=\"elementor-widget-wrap elementor-element-populated\">\n\t\t\t\t\t\t<div class=\"elementor-element elementor-element-4c82726f elementor-widget elementor-widget-heading\" data-id=\"4c82726f\" data-element_type=\"widget\" data-settings=\"{&quot;ekit_we_effect_on&quot;:&quot;none&quot;}\" data-widget_type=\"heading.default\">\n\t\t\t\t<div class=\"elementor-widget-container\">\n\t\t\t\t\t<h3 class=\"elementor-heading-title elementor-size-default\">Unsere Geschichte<\/h3>\t\t\t\t<\/div>\n\t\t\t\t<\/div>\n\t\t\t\t<div class=\"elementor-element elementor-element-14e61ff0 elementor-widget elementor-widget-text-editor\" data-id=\"14e61ff0\" data-element_type=\"widget\" data-settings=\"{&quot;ekit_we_effect_on&quot;:&quot;none&quot;}\" data-widget_type=\"text-editor.default\">\n\t\t\t\t<div class=\"elementor-widget-container\">\n\t\t\t\t\t\t\t\t\t<p>Guiping Yingmei Packaging Products Co., Ltd. besch\u00e4ftigt sich haupts\u00e4chlich mit verschiedenen Verpackungsbeh\u00e4ltern, Verpackungsboxen, Aluminiumdosen, Aluminiumdeckeln, Eisenboxen, Kunststoffflaschen, Kosmetikverpackungen, Schmuckboxen, Uhrenboxen, Serviettenboxen usw. Unser Unternehmen kann Zeichnungen und Muster zur Anpassung an Kundenw\u00fcnsche annehmen. Es gibt Tausende von Formen f\u00fcr Aluminiumschachteln und Aluminiumdosen, aus denen die Kunden w\u00e4hlen k\u00f6nnen. Die Kunden k\u00f6nnen ihre bevorzugten Oberfl\u00e4chenverfahren auf unseren bestehenden Formen w\u00e4hlen und anpassen, wie z. B. Siebdruck, Offsetdruck, Farbdruck, Pr\u00e4gung und Logopr\u00e4gung, Hei\u00dfpr\u00e4gung, Beschriftung usw.<\/p>\t\t\t\t\t\t\t\t<\/div>\n\t\t\t\t<\/div>\n\t\t\t\t\t<\/div>\n\t\t<\/div>\n\t\t\t\t\t<\/div>\n\t\t<\/section>\n\t\t\t\t<section class=\"elementor-section elementor-inner-section elementor-element elementor-element-32c615f5 elementor-reverse-mobile elementor-section-boxed elementor-section-height-default elementor-section-height-default\" data-id=\"32c615f5\" data-element_type=\"section\" data-settings=\"{&quot;ekit_has_onepagescroll_dot&quot;:&quot;yes&quot;}\">\n\t\t\t\t\t\t<div class=\"elementor-container elementor-column-gap-default\">\n\t\t\t\t\t<div class=\"elementor-column elementor-col-50 elementor-inner-column elementor-element elementor-element-3b8b06dd\" data-id=\"3b8b06dd\" data-element_type=\"column\" data-settings=\"{&quot;background_background&quot;:&quot;classic&quot;}\">\n\t\t\t<div class=\"elementor-widget-wrap elementor-element-populated\">\n\t\t\t\t\t\t<div class=\"elementor-element elementor-element-66fec7b5 elementor-widget elementor-widget-heading\" data-id=\"66fec7b5\" data-element_type=\"widget\" data-settings=\"{&quot;ekit_we_effect_on&quot;:&quot;none&quot;}\" data-widget_type=\"heading.default\">\n\t\t\t\t<div class=\"elementor-widget-container\">\n\t\t\t\t\t<h3 class=\"elementor-heading-title elementor-size-default\">Vollst\u00e4ndige Anpassung<\/h3>\t\t\t\t<\/div>\n\t\t\t\t<\/div>\n\t\t\t\t<div class=\"elementor-element elementor-element-3e55c9b6 elementor-widget elementor-widget-text-editor\" data-id=\"3e55c9b6\" data-element_type=\"widget\" data-settings=\"{&quot;ekit_we_effect_on&quot;:&quot;none&quot;}\" data-widget_type=\"text-editor.default\">\n\t\t\t\t<div class=\"elementor-widget-container\">\n\t\t\t\t\t\t\t\t\t<p>Kunden k\u00f6nnen auch neue Formen nach ihren eigenen Produktanforderungen anfertigen lassen, solange sie eine angemessene Formgeb\u00fchr zahlen. Wir verf\u00fcgen \u00fcber ein professionelles Beschaffungsteam, das den Kunden auch einen One-Stop-Service bieten kann: Wir k\u00f6nnen den Kunden helfen, verschiedene Zubeh\u00f6rteile zu kaufen, einschlie\u00dflich Plastikl\u00f6ffel, Innendeckel, druckempfindliche Dichtungen, Plastikfolie, kundenspezifische Umverpackungskartons, kundenspezifisches Etikettenpapier, Handtaschen, etc. Wir bieten eine L\u00f6sung aus einer Hand f\u00fcr Ihren Verpackungsbedarf. Die meisten Produkte des Unternehmens haben eine gro\u00dfe Anzahl von fertigen oder halbfertigen Produkten auf Lager. Daher ist die Mindestbestellmenge gering und die Lieferzeiten sind kurz. Das Unternehmen verf\u00fcgt auch \u00fcber ein eigenes Designteam. Wir bieten unseren Kunden kostenlos verschiedene Verpackungsdesignl\u00f6sungen an.<\/p>\t\t\t\t\t\t\t\t<\/div>\n\t\t\t\t<\/div>\n\t\t\t\t\t<\/div>\n\t\t<\/div>\n\t\t\t\t<div class=\"elementor-column elementor-col-50 elementor-inner-column elementor-element elementor-element-7f438d50\" data-id=\"7f438d50\" data-element_type=\"column\">\n\t\t\t<div class=\"elementor-widget-wrap elementor-element-populated\">\n\t\t\t\t\t\t<div class=\"elementor-element elementor-element-334fb267 elementor-widget elementor-widget-image\" data-id=\"334fb267\" data-element_type=\"widget\" data-settings=\"{&quot;ekit_we_effect_on&quot;:&quot;none&quot;}\" data-widget_type=\"image.default\">\n\t\t\t\t<div class=\"elementor-widget-container\">\n\t\t\t\t\t\t\t\t\t\t\t\t\t\t\t<img decoding=\"async\" width=\"1000\" height=\"750\" src=\"https:\/\/yingmeipack.com\/wp-content\/uploads\/2022\/11\/aluminum-jars-and-tins-factory-03.jpg\" class=\"elementor-animation-hang attachment-large size-large wp-image-171\" alt=\"Aluminium Gl\u00e4ser und Dosen Fabrik\" srcset=\"https:\/\/yingmeipack.com\/wp-content\/uploads\/2022\/11\/aluminum-jars-and-tins-factory-03.jpg 1000w, https:\/\/yingmeipack.com\/wp-content\/uploads\/2022\/11\/aluminum-jars-and-tins-factory-03-300x225.jpg 300w, https:\/\/yingmeipack.com\/wp-content\/uploads\/2022\/11\/aluminum-jars-and-tins-factory-03-768x576.jpg 768w, https:\/\/yingmeipack.com\/wp-content\/uploads\/2022\/11\/aluminum-jars-and-tins-factory-03-600x450.jpg 600w\" sizes=\"(max-width: 1000px) 100vw, 1000px\" \/>\t\t\t\t\t\t\t\t\t\t\t\t\t\t\t<\/div>\n\t\t\t\t<\/div>\n\t\t\t\t\t<\/div>\n\t\t<\/div>\n\t\t\t\t\t<\/div>\n\t\t<\/section>\n\t\t\t\t<section class=\"elementor-section elementor-inner-section elementor-element elementor-element-390a529 elementor-section-boxed elementor-section-height-default elementor-section-height-default\" data-id=\"390a529\" data-element_type=\"section\" data-settings=\"{&quot;ekit_has_onepagescroll_dot&quot;:&quot;yes&quot;}\">\n\t\t\t\t\t\t<div class=\"elementor-container elementor-column-gap-default\">\n\t\t\t\t\t<div class=\"elementor-column elementor-col-50 elementor-inner-column elementor-element elementor-element-c6cf471\" data-id=\"c6cf471\" data-element_type=\"column\">\n\t\t\t<div class=\"elementor-widget-wrap elementor-element-populated\">\n\t\t\t\t\t\t<div class=\"elementor-element elementor-element-f67ff61 elementor-widget elementor-widget-image\" data-id=\"f67ff61\" data-element_type=\"widget\" data-settings=\"{&quot;ekit_we_effect_on&quot;:&quot;none&quot;}\" data-widget_type=\"image.default\">\n\t\t\t\t<div class=\"elementor-widget-container\">\n\t\t\t\t\t\t\t\t\t\t\t\t\t\t\t<img decoding=\"async\" width=\"1000\" height=\"750\" src=\"https:\/\/yingmeipack.com\/wp-content\/uploads\/2022\/11\/aluminum-jars-and-tins-factory-04.jpg\" class=\"elementor-animation-hang attachment-large size-large wp-image-175\" alt=\"Aluminium Gl\u00e4ser und Dosen Fabrik\" srcset=\"https:\/\/yingmeipack.com\/wp-content\/uploads\/2022\/11\/aluminum-jars-and-tins-factory-04.jpg 1000w, https:\/\/yingmeipack.com\/wp-content\/uploads\/2022\/11\/aluminum-jars-and-tins-factory-04-300x225.jpg 300w, https:\/\/yingmeipack.com\/wp-content\/uploads\/2022\/11\/aluminum-jars-and-tins-factory-04-768x576.jpg 768w, https:\/\/yingmeipack.com\/wp-content\/uploads\/2022\/11\/aluminum-jars-and-tins-factory-04-600x450.jpg 600w\" sizes=\"(max-width: 1000px) 100vw, 1000px\" \/>\t\t\t\t\t\t\t\t\t\t\t\t\t\t\t<\/div>\n\t\t\t\t<\/div>\n\t\t\t\t\t<\/div>\n\t\t<\/div>\n\t\t\t\t<div class=\"elementor-column elementor-col-50 elementor-inner-column elementor-element elementor-element-981d2d5\" data-id=\"981d2d5\" data-element_type=\"column\" data-settings=\"{&quot;background_background&quot;:&quot;classic&quot;}\">\n\t\t\t<div class=\"elementor-widget-wrap elementor-element-populated\">\n\t\t\t\t\t\t<div class=\"elementor-element elementor-element-0707c4d elementor-widget elementor-widget-heading\" data-id=\"0707c4d\" data-element_type=\"widget\" data-settings=\"{&quot;ekit_we_effect_on&quot;:&quot;none&quot;}\" data-widget_type=\"heading.default\">\n\t\t\t\t<div class=\"elementor-widget-container\">\n\t\t\t\t\t<h3 class=\"elementor-heading-title elementor-size-default\">Unser Auftrag<\/h3>\t\t\t\t<\/div>\n\t\t\t\t<\/div>\n\t\t\t\t<div class=\"elementor-element elementor-element-6ad931e elementor-widget elementor-widget-text-editor\" data-id=\"6ad931e\" data-element_type=\"widget\" data-settings=\"{&quot;ekit_we_effect_on&quot;:&quot;none&quot;}\" data-widget_type=\"text-editor.default\">\n\t\t\t\t<div class=\"elementor-widget-container\">\n\t\t\t\t\t\t\t\t\t<p>Yingmei Packaging besteht darauf, Vertrauen mit Aufrichtigkeit auszutauschen und Gesch\u00e4fte mit Vertrauen zu machen. Jedes Versprechen mit Integrit\u00e4t zu erf\u00fcllen und in gutem Glauben zu handeln, um die Anerkennung und das Vertrauen der Kunden, der \u00d6ffentlichkeit und der Gesellschaft zu gewinnen. Die Verantwortung f\u00fcr die Dinge zu \u00fcbernehmen, die Initiative zu ergreifen, um verantwortlich zu sein, Verpflichtungen automatisch zu erf\u00fcllen und jeden Sinn f\u00fcr Verantwortung und Hingabe zu nutzen, um eine nachhaltige Triebkraft f\u00fcr die Unternehmensentwicklung zu bilden.<\/p>\t\t\t\t\t\t\t\t<\/div>\n\t\t\t\t<\/div>\n\t\t\t\t\t<\/div>\n\t\t<\/div>\n\t\t\t\t\t<\/div>\n\t\t<\/section>\n\t\t\t\t\t<\/div>\n\t\t<\/div>\n\t\t\t\t\t<\/div>\n\t\t<\/section>\n\t\t\t\t<\/div>","protected":false},"excerpt":{"rendered":"<p>About Us Video Gallery Our History Guiping Yingmei Packaging Products Co., Ltd. is mainly engaged in various packaging containers, packaging boxes, aluminum cans, aluminum lids, iron boxes, plastic bottles, cosmetic packaging boxes, jewelry boxes, jewelry boxes, watch boxes, napkin boxes, etc. Our company can accept drawings and samples for customization. There are thousands of sets&#8230;<\/p>","protected":false},"author":1,"featured_media":137,"parent":0,"menu_order":1,"comment_status":"open","ping_status":"closed","template":"","meta":{"_kad_post_transparent":"","_kad_post_title":"hide","_kad_post_layout":"fullwidth","_kad_post_sidebar_id":"","_kad_post_content_style":"unboxed","_kad_post_vertical_padding":"hide","_kad_post_feature":"hide","_kad_post_feature_position":"","_kad_post_header":false,"_kad_post_footer":false,"footnotes":""},"class_list":["post-45","page","type-page","status-publish","has-post-thumbnail","hentry"],"aioseo_notices":[],"jetpack_sharing_enabled":true,"_links":{"self":[{"href":"https:\/\/yingmeipack.com\/de\/wp-json\/wp\/v2\/pages\/45","targetHints":{"allow":["GET"]}}],"collection":[{"href":"https:\/\/yingmeipack.com\/de\/wp-json\/wp\/v2\/pages"}],"about":[{"href":"https:\/\/yingmeipack.com\/de\/wp-json\/wp\/v2\/types\/page"}],"author":[{"embeddable":true,"href":"https:\/\/yingmeipack.com\/de\/wp-json\/wp\/v2\/users\/1"}],"replies":[{"embeddable":true,"href":"https:\/\/yingmeipack.com\/de\/wp-json\/wp\/v2\/comments?post=45"}],"version-history":[{"count":31,"href":"https:\/\/yingmeipack.com\/de\/wp-json\/wp\/v2\/pages\/45\/revisions"}],"predecessor-version":[{"id":1036,"href":"https:\/\/yingmeipack.com\/de\/wp-json\/wp\/v2\/pages\/45\/revisions\/1036"}],"wp:featuredmedia":[{"embeddable":true,"href":"https:\/\/yingmeipack.com\/de\/wp-json\/wp\/v2\/media\/137"}],"wp:attachment":[{"href":"https:\/\/yingmeipack.com\/de\/wp-json\/wp\/v2\/media?parent=45"}],"curies":[{"name":"wp","href":"https:\/\/api.w.org\/{rel}","templated":true}]}}